{"id":2574,"date":"2017-12-12T19:41:24","date_gmt":"2017-12-12T18:41:24","guid":{"rendered":"https:\/\/www.marieeparisienne.com\/?page_id=2574"},"modified":"2023-11-07T20:24:09","modified_gmt":"2023-11-07T19:24:09","slug":"wedding-boutiques-paris","status":"publish","type":"page","link":"https:\/\/www.marieeparisienne.com\/en\/wedding-boutiques-paris\/","title":{"rendered":"OUR BOUTIQUES IN PARIS"},"content":{"rendered":"<div class=\"wpb-content-wrapper\"><p>[vc_row css=&#8221;.vc_custom_1505286996797{padding-top: 40px !important;}&#8221;][vc_column][vc_column_text]<\/p>\n<h1 style=\"text-align: center;\">OUR WEDDING DRESS BOUTIQUES IN PARIS<\/h1>\n<p>[\/vc_column_text][\/vc_column][\/vc_row][vc_row][vc_column width=&#8221;1\/4&#8243;][vc_column_text]<\/p>\n<div class=\"serv-title nd-clr\"><\/div>\n<p>[\/vc_column_text][vc_single_image image=&#8221;2067&#8243; img_size=&#8221;300&#215;300&#8243;][\/vc_column][vc_column width=&#8221;3\/4&#8243;][vc_column_text]<\/p>\n<div>\n<p>Born into bridal dresses, between feathers, flowers and laces, Nicole et Maya welcome you in their 2 bridal shops in the center of Paris between the Eifel Tower and Rue de Vaugirard.<\/p>\n<\/div>\n<p>Our two bridal shops are within walking distance from each other and offer a full range of wedding dresses of all styles.<br \/>\nLeaders in the wedding dress market, we invite you to visit our showrooms and\u00a0 let yourself be guided by our experienced advisors. Tell them about your dreams, wishes and desires and let yourself be transported by our varied collections of wedding dresses.<\/p>\n<h3 class=\"serv-title nd-clr\"><span style=\"color: #000000;\"><a href=\"https:\/\/www.cymbelineparis15.com\"><strong>Boutique Cymbeline<\/strong> &#8211; 127 rue Lecourbe 75015 Paris<\/a><\/span><\/h3>\n<div class=\"serv-title nd-clr\">Tel. +33 (0)1 45 33 00 70<\/div>\n<div class=\"serv-title nd-clr\"><a href=\"https:\/\/www.cymbelineparis15.com\/en\/wedding-dresses\/cymbeline-paris-en\/\">CYMBELINE<\/a>, <a href=\"https:\/\/www.cymbelineparis15.com\/en\/wedding-dresses\/pour-un-oui-en\/\">POUR UN OUI<\/a>, MARI\u00c9E DE PARIS, <a href=\"https:\/\/www.cymbelineparis15.com\/en\/wedding-dresses\/vera-wang-en\/\">VERA WANG<\/a>, <a href=\"https:\/\/www.cymbelineparis15.com\/en\/wedding-dresses\/san-patrick-en\/\">SAN PATRICK<\/a>, <a href=\"https:\/\/www.cymbelineparis15.com\/en\/wedding-dresses\/ladybird-en\/\">LADYBIRD<\/a>, <a href=\"https:\/\/www.cymbelineparis15.com\/en\/wedding-dresses\/white-one-en\/\">WHITE ONE<\/a><\/div>\n<div><\/div>\n<div>\n<hr \/>\n<h3>Boutique Mari\u00e9e \u00a0Parisienne &#8211; 97 rue Blomet 75015 Paris<\/h3>\n<p>Tel. +33 (0)1 55 43 80 75<\/p>\n<p><a href=\"https:\/\/www.marieeparisienne.com\/en\/wedding-dress-paris\/pronovias-en\/\">PRONOVIAS<\/a>, <a href=\"https:\/\/www.marieeparisienne.com\/en\/wedding-dress-paris\/pronovias-privee-en\/\">PRONOVIAS PRIVEE<\/a>, <a href=\"https:\/\/www.marieeparisienne.com\/en\/wedding-dress-paris\/atelier-pronovias-en\/\">ATELIER PRONOVIAS<\/a>, <a href=\"https:\/\/www.marieeparisienne.com\/en\/wedding-dress-paris\/tony-ward-en\/\">TONY WARD<\/a>, <a href=\"https:\/\/www.marieeparisienne.com\/en\/wedding-dress-paris\/nicole-en\/\">NICOLE MILANO<\/a>, <a href=\"https:\/\/www.marieeparisienne.com\/en\/wedding-dress-paris\/colet-en\/\">COLET<\/a>, <a href=\"https:\/\/www.marieeparisienne.com\/en\/wedding-dress-paris\/san-patrick-en\/\">SAN PATRICK<\/a>, <a href=\"https:\/\/www.marieeparisienne.com\/en\/wedding-dress-paris\/white-one-en\/\">WHITE ONE<\/a>, <a href=\"https:\/\/www.marieeparisienne.com\/en\/wedding-dress-paris\/aire-barcelona-en\/\">AIRE BARCELONA<\/a>, <a href=\"https:\/\/www.marieeparisienne.com\/en\/wedding-dress-paris\/lunanovias-en\/\">LUNA NOVIAS<\/a>, <a href=\"https:\/\/www.marieeparisienne.com\/en\/wedding-dress-paris\/alma-novia-en\/\">ALMA NOVIAS<\/a>, <a href=\"https:\/\/www.marieeparisienne.com\/en\/wedding-dress-paris\/adriana-alier-en\/\">ADRIANA ALIER<\/a>, <a href=\"https:\/\/www.marieeparisienne.com\/en\/wedding-dress-paris\/martha-blanc-en\/\">MARTHA BLANC<\/a>.<\/p>\n<p>Each client will have a unique moment, colsulted by our professional stylists.<\/p>\n<p>Our experienced seamstresses certify the satisfaction and quality of retouching.<\/p>\n<div><\/div>\n<div>Ideally, a delay of 6 to 8 months is recommended for any order, as well as at least two retouching fittings.<br \/>\nWe offer everything you need to be the most beautiful on your wedding day, lingeries, shoes, veils, hair accessories, stoles, and boleros&#8230;In addition we dress\u00a0 your future hasband and your friends by offering them different collections of ceremonial suits, and cocktail dresses from spanish and French brands.<br \/>\nFeel free to make an appointment to discover our collections of wedding dresses, your dress is surely waiting for you at our shops.<\/div>\n<\/div>\n<p>[\/vc_column_text][\/vc_column][\/vc_row]<\/p>\n<\/div>","protected":false},"excerpt":{"rendered":"<p>[vc_row css=&#8221;.vc_custom_1505286996797{padding-top: 40px !important;}&#8221;][vc_column][vc_column_text] OUR WEDDING DRESS BOUTIQUES IN PARIS [\/vc_column_text][\/vc_column][\/vc_row][vc_row][vc_column width=&#8221;1\/4&#8243;][vc_column_text] [\/vc_column_text][vc_single_image image=&#8221;2067&#8243; img_size=&#8221;300&#215;300&#8243;][\/vc_column][vc_column width=&#8221;3\/4&#8243;][vc_column_text] Born into bridal dresses, between feathers, flowers and laces, Nicole et Maya welcome you in their 2 bridal shops in the center of Paris between the Eifel Tower and Rue de Vaugirard. Our two bridal shops are within walking&hellip;<\/p>\n","protected":false},"author":2,"featured_media":0,"parent":0,"menu_order":0,"comment_status":"closed","ping_status":"closed","template":"","meta":{"_acf_changed":false,"footnotes":""},"class_list":["post-2574","page","type-page","status-publish","hentry"],"acf":[],"yoast_head":"<!-- This site is optimized with the Yoast SEO Premium plugin v27.2 (Yoast SEO v27.2) - https:\/\/yoast.com\/product\/yoast-seo-premium-wordpress\/ -->\n<title>Our two wedding dress Boutiques in Paris .<\/title>\n<meta name=\"description\" content=\"Our two bridal shops in Paris are within walking distance from each other and offer a full range of wedding dresses of all styles.\" \/>\n<meta name=\"robots\" content=\"index, follow, max-snippet:-1, max-image-preview:large, max-video-preview:-1\" \/>\n<link rel=\"canonical\" href=\"https:\/\/www.marieeparisienne.com\/en\/wedding-boutiques-paris\/\" \/>\n<meta property=\"og:locale\" content=\"en_US\" \/>\n<meta property=\"og:type\" content=\"article\" \/>\n<meta property=\"og:title\" content=\"OUR BOUTIQUES IN PARIS\" \/>\n<meta property=\"og:description\" content=\"Our two bridal shops in Paris are within walking distance from each other and offer a full range of wedding dresses of all styles.\" \/>\n<meta property=\"og:url\" content=\"https:\/\/www.marieeparisienne.com\/en\/wedding-boutiques-paris\/\" \/>\n<meta property=\"og:site_name\" content=\"Mari\u00e9e Parisienne\" \/>\n<meta property=\"article:publisher\" content=\"https:\/\/www.facebook.com\/lamarieeparisienne\" \/>\n<meta property=\"article:modified_time\" content=\"2023-11-07T19:24:09+00:00\" \/>\n<meta property=\"og:image\" content=\"https:\/\/www.marieeparisienne.com\/wp-content\/uploads\/2018\/02\/logo-Mp.jpg\" \/>\n\t<meta property=\"og:image:width\" content=\"1070\" \/>\n\t<meta property=\"og:image:height\" content=\"1513\" \/>\n\t<meta property=\"og:image:type\" content=\"image\/jpeg\" \/>\n<meta name=\"twitter:card\" content=\"summary_large_image\" \/>\n<meta name=\"twitter:site\" content=\"@Marieeparisienn\" \/>\n<meta name=\"twitter:label1\" content=\"Est. reading time\" \/>\n\t<meta name=\"twitter:data1\" content=\"2 minutes\" \/>\n<script type=\"application\/ld+json\" class=\"yoast-schema-graph\">{\"@context\":\"https:\/\/schema.org\",\"@graph\":[{\"@type\":\"WebPage\",\"@id\":\"https:\/\/www.marieeparisienne.com\/en\/wedding-boutiques-paris\/\",\"url\":\"https:\/\/www.marieeparisienne.com\/en\/wedding-boutiques-paris\/\",\"name\":\"Our two wedding dress Boutiques in Paris .\",\"isPartOf\":{\"@id\":\"https:\/\/www.marieeparisienne.com\/en\/#website\"},\"datePublished\":\"2017-12-12T18:41:24+00:00\",\"dateModified\":\"2023-11-07T19:24:09+00:00\",\"description\":\"Our two bridal shops in Paris are within walking distance from each other and offer a full range of wedding dresses of all styles.\",\"breadcrumb\":{\"@id\":\"https:\/\/www.marieeparisienne.com\/en\/wedding-boutiques-paris\/#breadcrumb\"},\"inLanguage\":\"en-US\",\"potentialAction\":[{\"@type\":\"ReadAction\",\"target\":[\"https:\/\/www.marieeparisienne.com\/en\/wedding-boutiques-paris\/\"]}]},{\"@type\":\"BreadcrumbList\",\"@id\":\"https:\/\/www.marieeparisienne.com\/en\/wedding-boutiques-paris\/#breadcrumb\",\"itemListElement\":[{\"@type\":\"ListItem\",\"position\":1,\"name\":\"Accueil\",\"item\":\"https:\/\/www.marieeparisienne.com\/en\/\"},{\"@type\":\"ListItem\",\"position\":2,\"name\":\"OUR BOUTIQUES IN PARIS\"}]},{\"@type\":\"WebSite\",\"@id\":\"https:\/\/www.marieeparisienne.com\/en\/#website\",\"url\":\"https:\/\/www.marieeparisienne.com\/en\/\",\"name\":\"Mari\u00e9e Parisienne\",\"description\":\"Robes de mari\u00e9e \u00e0 Paris\",\"publisher\":{\"@id\":\"https:\/\/www.marieeparisienne.com\/en\/#organization\"},\"potentialAction\":[{\"@type\":\"SearchAction\",\"target\":{\"@type\":\"EntryPoint\",\"urlTemplate\":\"https:\/\/www.marieeparisienne.com\/en\/?s={search_term_string}\"},\"query-input\":{\"@type\":\"PropertyValueSpecification\",\"valueRequired\":true,\"valueName\":\"search_term_string\"}}],\"inLanguage\":\"en-US\"},{\"@type\":[\"Organization\",\"Place\",\"ClothingStore\"],\"@id\":\"https:\/\/www.marieeparisienne.com\/en\/#organization\",\"name\":\"La Mari\u00e9e Parisienne\",\"url\":\"https:\/\/www.marieeparisienne.com\/en\/\",\"logo\":{\"@id\":\"https:\/\/www.marieeparisienne.com\/en\/wedding-boutiques-paris\/#local-main-organization-logo\"},\"image\":{\"@id\":\"https:\/\/www.marieeparisienne.com\/en\/wedding-boutiques-paris\/#local-main-organization-logo\"},\"sameAs\":[\"https:\/\/www.facebook.com\/lamarieeparisienne\",\"https:\/\/x.com\/Marieeparisienn\",\"https:\/\/www.instagram.com\/marieeparisienne\/\",\"https:\/\/www.youtube.com\/channel\/UCxpH1JURfOaIgDbNXvJkRtw\/videos?view_as=subscriber\"],\"description\":\"Mari\u00e9e Parisienne est une boutique de robes de mari\u00e9e \u00e0 Paris proposant une large s\u00e9lection de robes de mari\u00e9e, robes de cocktail et accessoires de grandes marques europ\u00e9ennes et de cr\u00e9ateurs internationaux. Avec son atelier de retouches sur place, ses conseill\u00e8res stylistes sp\u00e9cialis\u00e9es et ses couturi\u00e8res professionnelles, la boutique accompagne chaque future mari\u00e9e de fa\u00e7on personnalis\u00e9e jusqu\u2019au jour du mariage\",\"legalName\":\"Maycole\",\"foundingDate\":\"2007-05-18\",\"numberOfEmployees\":{\"@type\":\"QuantitativeValue\",\"minValue\":\"1\",\"maxValue\":\"10\"},\"address\":{\"@id\":\"https:\/\/www.marieeparisienne.com\/en\/wedding-boutiques-paris\/#local-main-place-address\"},\"geo\":{\"@type\":\"GeoCoordinates\",\"latitude\":\"48.840653073720475\",\"longitude\":\"2.299663726215935\"},\"telephone\":[\"+33155438075\"],\"openingHoursSpecification\":[{\"@type\":\"OpeningHoursSpecification\",\"dayOfWeek\":[\"Monday\",\"Tuesday\",\"Wednesday\",\"Thursday\",\"Friday\"],\"opens\":\"11:00\",\"closes\":\"19:00\"},{\"@type\":\"OpeningHoursSpecification\",\"dayOfWeek\":[\"Saturday\"],\"opens\":\"10:00\",\"closes\":\"19:00\"},{\"@type\":\"OpeningHoursSpecification\",\"dayOfWeek\":[\"Sunday\"],\"opens\":\"00:00\",\"closes\":\"00:00\"}],\"email\":\"contact@marieeparisienne.com\",\"areaServed\":\"Paris, \u00cele-de-France, France\",\"vatID\":\"FR84498025378\",\"taxID\":\"49802537800023\",\"priceRange\":\"$$$$\",\"currenciesAccepted\":\"EUR\",\"paymentAccepted\":\"Esp\u00e8ces, Visa, Mastercard, Virement bancaire, Ch\u00e8que\"},{\"@type\":\"PostalAddress\",\"@id\":\"https:\/\/www.marieeparisienne.com\/en\/wedding-boutiques-paris\/#local-main-place-address\",\"streetAddress\":\"97 rue Blomet\",\"addressLocality\":\"Paris\",\"postalCode\":\"75015\",\"addressCountry\":\"FR\"},{\"@type\":\"ImageObject\",\"inLanguage\":\"en-US\",\"@id\":\"https:\/\/www.marieeparisienne.com\/en\/wedding-boutiques-paris\/#local-main-organization-logo\",\"url\":\"https:\/\/www.marieeparisienne.com\/wp-content\/uploads\/2018\/02\/logo-Mp.jpg\",\"contentUrl\":\"https:\/\/www.marieeparisienne.com\/wp-content\/uploads\/2018\/02\/logo-Mp.jpg\",\"width\":1070,\"height\":1513,\"caption\":\"La Mari\u00e9e Parisienne\"}]}<\/script>\n<meta name=\"geo.placename\" content=\"Paris\" \/>\n<meta name=\"geo.position\" content=\"48.840653073720475;2.299663726215935\" \/>\n<meta name=\"geo.region\" content=\"France\" \/>\n<!-- \/ Yoast SEO Premium plugin. -->","yoast_head_json":{"title":"Our two wedding dress Boutiques in Paris .","description":"Our two bridal shops in Paris are within walking distance from each other and offer a full range of wedding dresses of all styles.","robots":{"index":"index","follow":"follow","max-snippet":"max-snippet:-1","max-image-preview":"max-image-preview:large","max-video-preview":"max-video-preview:-1"},"canonical":"https:\/\/www.marieeparisienne.com\/en\/wedding-boutiques-paris\/","og_locale":"en_US","og_type":"article","og_title":"OUR BOUTIQUES IN PARIS","og_description":"Our two bridal shops in Paris are within walking distance from each other and offer a full range of wedding dresses of all styles.","og_url":"https:\/\/www.marieeparisienne.com\/en\/wedding-boutiques-paris\/","og_site_name":"Mari\u00e9e Parisienne","article_publisher":"https:\/\/www.facebook.com\/lamarieeparisienne","article_modified_time":"2023-11-07T19:24:09+00:00","og_image":[{"width":1070,"height":1513,"url":"https:\/\/www.marieeparisienne.com\/wp-content\/uploads\/2018\/02\/logo-Mp.jpg","type":"image\/jpeg"}],"twitter_card":"summary_large_image","twitter_site":"@Marieeparisienn","twitter_misc":{"Est. reading time":"2 minutes"},"schema":{"@context":"https:\/\/schema.org","@graph":[{"@type":"WebPage","@id":"https:\/\/www.marieeparisienne.com\/en\/wedding-boutiques-paris\/","url":"https:\/\/www.marieeparisienne.com\/en\/wedding-boutiques-paris\/","name":"Our two wedding dress Boutiques in Paris .","isPartOf":{"@id":"https:\/\/www.marieeparisienne.com\/en\/#website"},"datePublished":"2017-12-12T18:41:24+00:00","dateModified":"2023-11-07T19:24:09+00:00","description":"Our two bridal shops in Paris are within walking distance from each other and offer a full range of wedding dresses of all styles.","breadcrumb":{"@id":"https:\/\/www.marieeparisienne.com\/en\/wedding-boutiques-paris\/#breadcrumb"},"inLanguage":"en-US","potentialAction":[{"@type":"ReadAction","target":["https:\/\/www.marieeparisienne.com\/en\/wedding-boutiques-paris\/"]}]},{"@type":"BreadcrumbList","@id":"https:\/\/www.marieeparisienne.com\/en\/wedding-boutiques-paris\/#breadcrumb","itemListElement":[{"@type":"ListItem","position":1,"name":"Accueil","item":"https:\/\/www.marieeparisienne.com\/en\/"},{"@type":"ListItem","position":2,"name":"OUR BOUTIQUES IN PARIS"}]},{"@type":"WebSite","@id":"https:\/\/www.marieeparisienne.com\/en\/#website","url":"https:\/\/www.marieeparisienne.com\/en\/","name":"Mari\u00e9e Parisienne","description":"Robes de mari\u00e9e \u00e0 Paris","publisher":{"@id":"https:\/\/www.marieeparisienne.com\/en\/#organization"},"potentialAction":[{"@type":"SearchAction","target":{"@type":"EntryPoint","urlTemplate":"https:\/\/www.marieeparisienne.com\/en\/?s={search_term_string}"},"query-input":{"@type":"PropertyValueSpecification","valueRequired":true,"valueName":"search_term_string"}}],"inLanguage":"en-US"},{"@type":["Organization","Place","ClothingStore"],"@id":"https:\/\/www.marieeparisienne.com\/en\/#organization","name":"La Mari\u00e9e Parisienne","url":"https:\/\/www.marieeparisienne.com\/en\/","logo":{"@id":"https:\/\/www.marieeparisienne.com\/en\/wedding-boutiques-paris\/#local-main-organization-logo"},"image":{"@id":"https:\/\/www.marieeparisienne.com\/en\/wedding-boutiques-paris\/#local-main-organization-logo"},"sameAs":["https:\/\/www.facebook.com\/lamarieeparisienne","https:\/\/x.com\/Marieeparisienn","https:\/\/www.instagram.com\/marieeparisienne\/","https:\/\/www.youtube.com\/channel\/UCxpH1JURfOaIgDbNXvJkRtw\/videos?view_as=subscriber"],"description":"Mari\u00e9e Parisienne est une boutique de robes de mari\u00e9e \u00e0 Paris proposant une large s\u00e9lection de robes de mari\u00e9e, robes de cocktail et accessoires de grandes marques europ\u00e9ennes et de cr\u00e9ateurs internationaux. Avec son atelier de retouches sur place, ses conseill\u00e8res stylistes sp\u00e9cialis\u00e9es et ses couturi\u00e8res professionnelles, la boutique accompagne chaque future mari\u00e9e de fa\u00e7on personnalis\u00e9e jusqu\u2019au jour du mariage","legalName":"Maycole","foundingDate":"2007-05-18","numberOfEmployees":{"@type":"QuantitativeValue","minValue":"1","maxValue":"10"},"address":{"@id":"https:\/\/www.marieeparisienne.com\/en\/wedding-boutiques-paris\/#local-main-place-address"},"geo":{"@type":"GeoCoordinates","latitude":"48.840653073720475","longitude":"2.299663726215935"},"telephone":["+33155438075"],"openingHoursSpecification":[{"@type":"OpeningHoursSpecification","dayOfWeek":["Monday","Tuesday","Wednesday","Thursday","Friday"],"opens":"11:00","closes":"19:00"},{"@type":"OpeningHoursSpecification","dayOfWeek":["Saturday"],"opens":"10:00","closes":"19:00"},{"@type":"OpeningHoursSpecification","dayOfWeek":["Sunday"],"opens":"00:00","closes":"00:00"}],"email":"contact@marieeparisienne.com","areaServed":"Paris, \u00cele-de-France, France","vatID":"FR84498025378","taxID":"49802537800023","priceRange":"$$$$","currenciesAccepted":"EUR","paymentAccepted":"Esp\u00e8ces, Visa, Mastercard, Virement bancaire, Ch\u00e8que"},{"@type":"PostalAddress","@id":"https:\/\/www.marieeparisienne.com\/en\/wedding-boutiques-paris\/#local-main-place-address","streetAddress":"97 rue Blomet","addressLocality":"Paris","postalCode":"75015","addressCountry":"FR"},{"@type":"ImageObject","inLanguage":"en-US","@id":"https:\/\/www.marieeparisienne.com\/en\/wedding-boutiques-paris\/#local-main-organization-logo","url":"https:\/\/www.marieeparisienne.com\/wp-content\/uploads\/2018\/02\/logo-Mp.jpg","contentUrl":"https:\/\/www.marieeparisienne.com\/wp-content\/uploads\/2018\/02\/logo-Mp.jpg","width":1070,"height":1513,"caption":"La Mari\u00e9e Parisienne"}]},"geo.placename":"Paris","geo.position":{"lat":"48.840653073720475","long":"2.299663726215935"},"geo.region":"France"},"_links":{"self":[{"href":"https:\/\/www.marieeparisienne.com\/en\/wp-json\/wp\/v2\/pages\/2574","targetHints":{"allow":["GET"]}}],"collection":[{"href":"https:\/\/www.marieeparisienne.com\/en\/wp-json\/wp\/v2\/pages"}],"about":[{"href":"https:\/\/www.marieeparisienne.com\/en\/wp-json\/wp\/v2\/types\/page"}],"author":[{"embeddable":true,"href":"https:\/\/www.marieeparisienne.com\/en\/wp-json\/wp\/v2\/users\/2"}],"replies":[{"embeddable":true,"href":"https:\/\/www.marieeparisienne.com\/en\/wp-json\/wp\/v2\/comments?post=2574"}],"version-history":[{"count":0,"href":"https:\/\/www.marieeparisienne.com\/en\/wp-json\/wp\/v2\/pages\/2574\/revisions"}],"wp:attachment":[{"href":"https:\/\/www.marieeparisienne.com\/en\/wp-json\/wp\/v2\/media?parent=2574"}],"curies":[{"name":"wp","href":"https:\/\/api.w.org\/{rel}","templated":true}]}}