{"id":21864,"date":"2022-10-11T18:14:09","date_gmt":"2022-10-11T16:14:09","guid":{"rendered":"https:\/\/www.marieeparisienne.com\/?post_type=product&#038;p=21864"},"modified":"2024-03-26T20:18:25","modified_gmt":"2024-03-26T19:18:25","slug":"roselyne","status":"publish","type":"product","link":"https:\/\/www.marieeparisienne.com\/en\/wedding-dress\/alma-novia-en\/roselyne\/","title":{"rendered":"ROSELYNE"},"content":{"rendered":"<p>ROSELYNE Wedding Dress.<\/p>\n<p>&nbsp;<\/p>\n<p>Romantic princess-style dress made of tulle; with a deep-plunge neckline, a plunging back, and short lace sleeves. Delicate Alma Novia design made of crepe and tulle.<\/p>\n<p>&nbsp;<\/p>\n<p>&nbsp;<\/p>\n<h2><span style=\"color: #000000;\"><strong>ALMA\u00a0<\/strong><\/span><span style=\"color: #000000;\"><strong>NOVIA WEDDING DRESS<\/strong><\/span><\/h2>\n","protected":false},"excerpt":{"rendered":"<p>&nbsp;<\/p>\n<h4 class=\"value\">Sale on Sample model.<\/h4>\n<h4>Princess wedding dress, tulle, short lace sleeves.<\/h4>\n<p>&nbsp;<\/p>\n<p>&nbsp;<\/p>\n<p>[vc_row][vc_column][vc_btn title=&#8221;Book an Appointment&#8221; color=&#8221;inverse&#8221; size=&#8221;lg&#8221; align=&#8221;left&#8221; i_icon_fontawesome=&#8221;fa fa-hand-pointer-o&#8221; add_icon=&#8221;true&#8221; link=&#8221;url:https%3A%2F%2Fwww.marieeparisienne.com%2Fen\/contact%2F|||&#8221;][\/vc_column][\/vc_row]<\/p>\n","protected":false},"featured_media":21866,"template":"","meta":{"_acf_changed":false},"product_brand":[],"product_cat":[229],"product_tag":[91,112,88,97,101,117,129,108,121],"class_list":{"0":"post-21864","1":"product","2":"type-product","3":"status-publish","4":"has-post-thumbnail","6":"product_cat-alma-novia-en","7":"product_tag-1100e-a-1600e-en","8":"product_tag-ballgown","9":"product_tag-bohemian","10":"product_tag-crepe-en","11":"product_tag-lace","12":"product_tag-romantic-style","13":"product_tag-sale","14":"product_tag-short-sleeves","15":"product_tag-tulle-en","17":"first","18":"instock","19":"sale","20":"shipping-taxable","21":"purchasable","22":"product-type-simple"},"acf":[],"yoast_head":"<!-- This site is optimized with the Yoast SEO Premium plugin v27.2 (Yoast SEO v27.2) - https:\/\/yoast.com\/product\/yoast-seo-premium-wordpress\/ -->\n<title>ROSELYNE Wedding Dress Alma Novias collection 2023 Paris<\/title>\n<meta name=\"description\" content=\"ROSELYNE Wedding Dress Alma Novias collection 2023 Paris: Princess wedding dress, tulle, short lace sleeves.\" \/>\n<meta name=\"robots\" content=\"index, follow, max-snippet:-1, max-image-preview:large, max-video-preview:-1\" \/>\n<link rel=\"canonical\" href=\"https:\/\/www.marieeparisienne.com\/en\/wedding-dress\/alma-novia-en\/roselyne\/\" \/>\n<meta property=\"og:locale\" content=\"en_US\" \/>\n<meta property=\"og:type\" content=\"article\" \/>\n<meta property=\"og:title\" content=\"ROSELYNE\" \/>\n<meta property=\"og:description\" content=\"ROSELYNE Wedding Dress Alma Novias collection 2023 Paris: Princess wedding dress, tulle, short lace sleeves.\" \/>\n<meta property=\"og:url\" content=\"https:\/\/www.marieeparisienne.com\/en\/wedding-dress\/alma-novia-en\/roselyne\/\" \/>\n<meta property=\"og:site_name\" content=\"Mari\u00e9e Parisienne\" \/>\n<meta property=\"article:publisher\" content=\"https:\/\/www.facebook.com\/lamarieeparisienne\" \/>\n<meta property=\"article:modified_time\" content=\"2024-03-26T19:18:25+00:00\" \/>\n<meta property=\"og:image\" content=\"https:\/\/www.marieeparisienne.com\/wp-content\/uploads\/2022\/10\/7B35_ROSELYNE_ALMA_NOVIA_1.jpg\" \/>\n\t<meta property=\"og:image:width\" content=\"1536\" \/>\n\t<meta property=\"og:image:height\" content=\"1920\" \/>\n\t<meta property=\"og:image:type\" content=\"image\/jpeg\" \/>\n<meta name=\"twitter:card\" content=\"summary_large_image\" \/>\n<meta name=\"twitter:site\" content=\"@Marieeparisienn\" \/>\n<script type=\"application\/ld+json\" class=\"yoast-schema-graph\">{\"@context\":\"https:\/\/schema.org\",\"@graph\":[{\"@type\":[\"WebPage\",\"SearchResultsPage\"],\"@id\":\"https:\/\/www.marieeparisienne.com\/en\/wedding-dress\/alma-novia-en\/roselyne\/\",\"url\":\"https:\/\/www.marieeparisienne.com\/en\/wedding-dress\/alma-novia-en\/roselyne\/\",\"name\":\"ROSELYNE Wedding Dress Alma Novias collection 2023 Paris\",\"isPartOf\":{\"@id\":\"https:\/\/www.marieeparisienne.com\/en\/#website\"},\"primaryImageOfPage\":{\"@id\":\"https:\/\/www.marieeparisienne.com\/en\/wedding-dress\/alma-novia-en\/roselyne\/#primaryimage\"},\"image\":{\"@id\":\"https:\/\/www.marieeparisienne.com\/en\/wedding-dress\/alma-novia-en\/roselyne\/#primaryimage\"},\"thumbnailUrl\":\"https:\/\/www.marieeparisienne.com\/wp-content\/uploads\/2022\/10\/7B35_ROSELYNE_ALMA_NOVIA_1.jpg\",\"datePublished\":\"2022-10-11T16:14:09+00:00\",\"dateModified\":\"2024-03-26T19:18:25+00:00\",\"description\":\"ROSELYNE Wedding Dress Alma Novias collection 2023 Paris: Princess wedding dress, tulle, short lace sleeves.\",\"breadcrumb\":{\"@id\":\"https:\/\/www.marieeparisienne.com\/en\/wedding-dress\/alma-novia-en\/roselyne\/#breadcrumb\"},\"inLanguage\":\"en-US\",\"potentialAction\":[{\"@type\":\"ReadAction\",\"target\":[\"https:\/\/www.marieeparisienne.com\/en\/wedding-dress\/alma-novia-en\/roselyne\/\"]}]},{\"@type\":\"ImageObject\",\"inLanguage\":\"en-US\",\"@id\":\"https:\/\/www.marieeparisienne.com\/en\/wedding-dress\/alma-novia-en\/roselyne\/#primaryimage\",\"url\":\"https:\/\/www.marieeparisienne.com\/wp-content\/uploads\/2022\/10\/7B35_ROSELYNE_ALMA_NOVIA_1.jpg\",\"contentUrl\":\"https:\/\/www.marieeparisienne.com\/wp-content\/uploads\/2022\/10\/7B35_ROSELYNE_ALMA_NOVIA_1.jpg\",\"width\":1536,\"height\":1920,\"caption\":\"ROSELYNE Wedding Dress Alma Novias collection 2023 Paris\"},{\"@type\":\"BreadcrumbList\",\"@id\":\"https:\/\/www.marieeparisienne.com\/en\/wedding-dress\/alma-novia-en\/roselyne\/#breadcrumb\",\"itemListElement\":[{\"@type\":\"ListItem\",\"position\":1,\"name\":\"Accueil\",\"item\":\"https:\/\/www.marieeparisienne.com\/en\/\"},{\"@type\":\"ListItem\",\"position\":2,\"name\":\"ALL OUR WEDDING DRESSES\",\"item\":\"https:\/\/www.marieeparisienne.com\/en\/wedding-dresses-in-our-boutique\/\"},{\"@type\":\"ListItem\",\"position\":3,\"name\":\"ROSELYNE\"}]},{\"@type\":\"WebSite\",\"@id\":\"https:\/\/www.marieeparisienne.com\/en\/#website\",\"url\":\"https:\/\/www.marieeparisienne.com\/en\/\",\"name\":\"Mari\u00e9e Parisienne\",\"description\":\"Robes de mari\u00e9e \u00e0 Paris\",\"publisher\":{\"@id\":\"https:\/\/www.marieeparisienne.com\/en\/#organization\"},\"potentialAction\":[{\"@type\":\"SearchAction\",\"target\":{\"@type\":\"EntryPoint\",\"urlTemplate\":\"https:\/\/www.marieeparisienne.com\/en\/?s={search_term_string}\"},\"query-input\":{\"@type\":\"PropertyValueSpecification\",\"valueRequired\":true,\"valueName\":\"search_term_string\"}}],\"inLanguage\":\"en-US\"},{\"@type\":[\"Organization\",\"Place\",\"ClothingStore\"],\"@id\":\"https:\/\/www.marieeparisienne.com\/en\/#organization\",\"name\":\"La Mari\u00e9e Parisienne\",\"url\":\"https:\/\/www.marieeparisienne.com\/en\/\",\"logo\":{\"@id\":\"https:\/\/www.marieeparisienne.com\/en\/wedding-dress\/alma-novia-en\/roselyne\/#local-main-organization-logo\"},\"image\":{\"@id\":\"https:\/\/www.marieeparisienne.com\/en\/wedding-dress\/alma-novia-en\/roselyne\/#local-main-organization-logo\"},\"sameAs\":[\"https:\/\/www.facebook.com\/lamarieeparisienne\",\"https:\/\/x.com\/Marieeparisienn\",\"https:\/\/www.instagram.com\/marieeparisienne\/\",\"https:\/\/www.youtube.com\/channel\/UCxpH1JURfOaIgDbNXvJkRtw\/videos?view_as=subscriber\"],\"description\":\"Mari\u00e9e Parisienne est une boutique de robes de mari\u00e9e \u00e0 Paris proposant une large s\u00e9lection de robes de mari\u00e9e, robes de cocktail et accessoires de grandes marques europ\u00e9ennes et de cr\u00e9ateurs internationaux. Avec son atelier de retouches sur place, ses conseill\u00e8res stylistes sp\u00e9cialis\u00e9es et ses couturi\u00e8res professionnelles, la boutique accompagne chaque future mari\u00e9e de fa\u00e7on personnalis\u00e9e jusqu\u2019au jour du mariage\",\"legalName\":\"Maycole\",\"foundingDate\":\"2007-05-18\",\"numberOfEmployees\":{\"@type\":\"QuantitativeValue\",\"minValue\":\"1\",\"maxValue\":\"10\"},\"address\":{\"@id\":\"https:\/\/www.marieeparisienne.com\/en\/wedding-dress\/alma-novia-en\/roselyne\/#local-main-place-address\"},\"geo\":{\"@type\":\"GeoCoordinates\",\"latitude\":\"48.840653073720475\",\"longitude\":\"2.299663726215935\"},\"telephone\":[\"+33155438075\"],\"openingHoursSpecification\":[{\"@type\":\"OpeningHoursSpecification\",\"dayOfWeek\":[\"Monday\",\"Tuesday\",\"Wednesday\",\"Thursday\",\"Friday\"],\"opens\":\"11:00\",\"closes\":\"19:00\"},{\"@type\":\"OpeningHoursSpecification\",\"dayOfWeek\":[\"Saturday\"],\"opens\":\"10:00\",\"closes\":\"19:00\"},{\"@type\":\"OpeningHoursSpecification\",\"dayOfWeek\":[\"Sunday\"],\"opens\":\"00:00\",\"closes\":\"00:00\"}],\"email\":\"contact@marieeparisienne.com\",\"areaServed\":\"Paris, \u00cele-de-France, France\",\"vatID\":\"FR84498025378\",\"taxID\":\"49802537800023\",\"priceRange\":\"$$$$\",\"currenciesAccepted\":\"EUR\",\"paymentAccepted\":\"Esp\u00e8ces, Visa, Mastercard, Virement bancaire, Ch\u00e8que\"},{\"@type\":\"PostalAddress\",\"@id\":\"https:\/\/www.marieeparisienne.com\/en\/wedding-dress\/alma-novia-en\/roselyne\/#local-main-place-address\",\"streetAddress\":\"97 rue Blomet\",\"addressLocality\":\"Paris\",\"postalCode\":\"75015\",\"addressCountry\":\"FR\"},{\"@type\":\"ImageObject\",\"inLanguage\":\"en-US\",\"@id\":\"https:\/\/www.marieeparisienne.com\/en\/wedding-dress\/alma-novia-en\/roselyne\/#local-main-organization-logo\",\"url\":\"https:\/\/www.marieeparisienne.com\/wp-content\/uploads\/2018\/02\/logo-Mp.jpg\",\"contentUrl\":\"https:\/\/www.marieeparisienne.com\/wp-content\/uploads\/2018\/02\/logo-Mp.jpg\",\"width\":1070,\"height\":1513,\"caption\":\"La Mari\u00e9e Parisienne\"}]}<\/script>\n<meta name=\"geo.placename\" content=\"Paris\" \/>\n<meta name=\"geo.position\" content=\"48.840653073720475;2.299663726215935\" \/>\n<meta name=\"geo.region\" content=\"France\" \/>\n<!-- \/ Yoast SEO Premium plugin. -->","yoast_head_json":{"title":"ROSELYNE Wedding Dress Alma Novias collection 2023 Paris","description":"ROSELYNE Wedding Dress Alma Novias collection 2023 Paris: Princess wedding dress, tulle, short lace sleeves.","robots":{"index":"index","follow":"follow","max-snippet":"max-snippet:-1","max-image-preview":"max-image-preview:large","max-video-preview":"max-video-preview:-1"},"canonical":"https:\/\/www.marieeparisienne.com\/en\/wedding-dress\/alma-novia-en\/roselyne\/","og_locale":"en_US","og_type":"article","og_title":"ROSELYNE","og_description":"ROSELYNE Wedding Dress Alma Novias collection 2023 Paris: Princess wedding dress, tulle, short lace sleeves.","og_url":"https:\/\/www.marieeparisienne.com\/en\/wedding-dress\/alma-novia-en\/roselyne\/","og_site_name":"Mari\u00e9e Parisienne","article_publisher":"https:\/\/www.facebook.com\/lamarieeparisienne","article_modified_time":"2024-03-26T19:18:25+00:00","og_image":[{"width":1536,"height":1920,"url":"https:\/\/www.marieeparisienne.com\/wp-content\/uploads\/2022\/10\/7B35_ROSELYNE_ALMA_NOVIA_1.jpg","type":"image\/jpeg"}],"twitter_card":"summary_large_image","twitter_site":"@Marieeparisienn","schema":{"@context":"https:\/\/schema.org","@graph":[{"@type":["WebPage","SearchResultsPage"],"@id":"https:\/\/www.marieeparisienne.com\/en\/wedding-dress\/alma-novia-en\/roselyne\/","url":"https:\/\/www.marieeparisienne.com\/en\/wedding-dress\/alma-novia-en\/roselyne\/","name":"ROSELYNE Wedding Dress Alma Novias collection 2023 Paris","isPartOf":{"@id":"https:\/\/www.marieeparisienne.com\/en\/#website"},"primaryImageOfPage":{"@id":"https:\/\/www.marieeparisienne.com\/en\/wedding-dress\/alma-novia-en\/roselyne\/#primaryimage"},"image":{"@id":"https:\/\/www.marieeparisienne.com\/en\/wedding-dress\/alma-novia-en\/roselyne\/#primaryimage"},"thumbnailUrl":"https:\/\/www.marieeparisienne.com\/wp-content\/uploads\/2022\/10\/7B35_ROSELYNE_ALMA_NOVIA_1.jpg","datePublished":"2022-10-11T16:14:09+00:00","dateModified":"2024-03-26T19:18:25+00:00","description":"ROSELYNE Wedding Dress Alma Novias collection 2023 Paris: Princess wedding dress, tulle, short lace sleeves.","breadcrumb":{"@id":"https:\/\/www.marieeparisienne.com\/en\/wedding-dress\/alma-novia-en\/roselyne\/#breadcrumb"},"inLanguage":"en-US","potentialAction":[{"@type":"ReadAction","target":["https:\/\/www.marieeparisienne.com\/en\/wedding-dress\/alma-novia-en\/roselyne\/"]}]},{"@type":"ImageObject","inLanguage":"en-US","@id":"https:\/\/www.marieeparisienne.com\/en\/wedding-dress\/alma-novia-en\/roselyne\/#primaryimage","url":"https:\/\/www.marieeparisienne.com\/wp-content\/uploads\/2022\/10\/7B35_ROSELYNE_ALMA_NOVIA_1.jpg","contentUrl":"https:\/\/www.marieeparisienne.com\/wp-content\/uploads\/2022\/10\/7B35_ROSELYNE_ALMA_NOVIA_1.jpg","width":1536,"height":1920,"caption":"ROSELYNE Wedding Dress Alma Novias collection 2023 Paris"},{"@type":"BreadcrumbList","@id":"https:\/\/www.marieeparisienne.com\/en\/wedding-dress\/alma-novia-en\/roselyne\/#breadcrumb","itemListElement":[{"@type":"ListItem","position":1,"name":"Accueil","item":"https:\/\/www.marieeparisienne.com\/en\/"},{"@type":"ListItem","position":2,"name":"ALL OUR WEDDING DRESSES","item":"https:\/\/www.marieeparisienne.com\/en\/wedding-dresses-in-our-boutique\/"},{"@type":"ListItem","position":3,"name":"ROSELYNE"}]},{"@type":"WebSite","@id":"https:\/\/www.marieeparisienne.com\/en\/#website","url":"https:\/\/www.marieeparisienne.com\/en\/","name":"Mari\u00e9e Parisienne","description":"Robes de mari\u00e9e \u00e0 Paris","publisher":{"@id":"https:\/\/www.marieeparisienne.com\/en\/#organization"},"potentialAction":[{"@type":"SearchAction","target":{"@type":"EntryPoint","urlTemplate":"https:\/\/www.marieeparisienne.com\/en\/?s={search_term_string}"},"query-input":{"@type":"PropertyValueSpecification","valueRequired":true,"valueName":"search_term_string"}}],"inLanguage":"en-US"},{"@type":["Organization","Place","ClothingStore"],"@id":"https:\/\/www.marieeparisienne.com\/en\/#organization","name":"La Mari\u00e9e Parisienne","url":"https:\/\/www.marieeparisienne.com\/en\/","logo":{"@id":"https:\/\/www.marieeparisienne.com\/en\/wedding-dress\/alma-novia-en\/roselyne\/#local-main-organization-logo"},"image":{"@id":"https:\/\/www.marieeparisienne.com\/en\/wedding-dress\/alma-novia-en\/roselyne\/#local-main-organization-logo"},"sameAs":["https:\/\/www.facebook.com\/lamarieeparisienne","https:\/\/x.com\/Marieeparisienn","https:\/\/www.instagram.com\/marieeparisienne\/","https:\/\/www.youtube.com\/channel\/UCxpH1JURfOaIgDbNXvJkRtw\/videos?view_as=subscriber"],"description":"Mari\u00e9e Parisienne est une boutique de robes de mari\u00e9e \u00e0 Paris proposant une large s\u00e9lection de robes de mari\u00e9e, robes de cocktail et accessoires de grandes marques europ\u00e9ennes et de cr\u00e9ateurs internationaux. Avec son atelier de retouches sur place, ses conseill\u00e8res stylistes sp\u00e9cialis\u00e9es et ses couturi\u00e8res professionnelles, la boutique accompagne chaque future mari\u00e9e de fa\u00e7on personnalis\u00e9e jusqu\u2019au jour du mariage","legalName":"Maycole","foundingDate":"2007-05-18","numberOfEmployees":{"@type":"QuantitativeValue","minValue":"1","maxValue":"10"},"address":{"@id":"https:\/\/www.marieeparisienne.com\/en\/wedding-dress\/alma-novia-en\/roselyne\/#local-main-place-address"},"geo":{"@type":"GeoCoordinates","latitude":"48.840653073720475","longitude":"2.299663726215935"},"telephone":["+33155438075"],"openingHoursSpecification":[{"@type":"OpeningHoursSpecification","dayOfWeek":["Monday","Tuesday","Wednesday","Thursday","Friday"],"opens":"11:00","closes":"19:00"},{"@type":"OpeningHoursSpecification","dayOfWeek":["Saturday"],"opens":"10:00","closes":"19:00"},{"@type":"OpeningHoursSpecification","dayOfWeek":["Sunday"],"opens":"00:00","closes":"00:00"}],"email":"contact@marieeparisienne.com","areaServed":"Paris, \u00cele-de-France, France","vatID":"FR84498025378","taxID":"49802537800023","priceRange":"$$$$","currenciesAccepted":"EUR","paymentAccepted":"Esp\u00e8ces, Visa, Mastercard, Virement bancaire, Ch\u00e8que"},{"@type":"PostalAddress","@id":"https:\/\/www.marieeparisienne.com\/en\/wedding-dress\/alma-novia-en\/roselyne\/#local-main-place-address","streetAddress":"97 rue Blomet","addressLocality":"Paris","postalCode":"75015","addressCountry":"FR"},{"@type":"ImageObject","inLanguage":"en-US","@id":"https:\/\/www.marieeparisienne.com\/en\/wedding-dress\/alma-novia-en\/roselyne\/#local-main-organization-logo","url":"https:\/\/www.marieeparisienne.com\/wp-content\/uploads\/2018\/02\/logo-Mp.jpg","contentUrl":"https:\/\/www.marieeparisienne.com\/wp-content\/uploads\/2018\/02\/logo-Mp.jpg","width":1070,"height":1513,"caption":"La Mari\u00e9e Parisienne"}]},"geo.placename":"Paris","geo.position":{"lat":"48.840653073720475","long":"2.299663726215935"},"geo.region":"France"},"_links":{"self":[{"href":"https:\/\/www.marieeparisienne.com\/en\/wp-json\/wp\/v2\/product\/21864","targetHints":{"allow":["GET"]}}],"collection":[{"href":"https:\/\/www.marieeparisienne.com\/en\/wp-json\/wp\/v2\/product"}],"about":[{"href":"https:\/\/www.marieeparisienne.com\/en\/wp-json\/wp\/v2\/types\/product"}],"version-history":[{"count":0,"href":"https:\/\/www.marieeparisienne.com\/en\/wp-json\/wp\/v2\/product\/21864\/revisions"}],"wp:featuredmedia":[{"embeddable":true,"href":"https:\/\/www.marieeparisienne.com\/en\/wp-json\/wp\/v2\/media\/21866"}],"wp:attachment":[{"href":"https:\/\/www.marieeparisienne.com\/en\/wp-json\/wp\/v2\/media?parent=21864"}],"wp:term":[{"taxonomy":"product_brand","embeddable":true,"href":"https:\/\/www.marieeparisienne.com\/en\/wp-json\/wp\/v2\/product_brand?post=21864"},{"taxonomy":"product_cat","embeddable":true,"href":"https:\/\/www.marieeparisienne.com\/en\/wp-json\/wp\/v2\/product_cat?post=21864"},{"taxonomy":"product_tag","embeddable":true,"href":"https:\/\/www.marieeparisienne.com\/en\/wp-json\/wp\/v2\/product_tag?post=21864"}],"curies":[{"name":"wp","href":"https:\/\/api.w.org\/{rel}","templated":true}]}}