{"id":22127,"date":"2022-10-25T16:03:17","date_gmt":"2022-10-25T14:03:18","guid":{"rendered":"https:\/\/www.marieeparisienne.com\/?post_type=product&#038;p=22127"},"modified":"2023-05-26T18:11:17","modified_gmt":"2023-05-26T16:11:17","slug":"umbra","status":"publish","type":"product","link":"https:\/\/www.marieeparisienne.com\/en\/wedding-dress\/white-one-en\/umbra\/","title":{"rendered":"UMBRA"},"content":{"rendered":"<p><img decoding=\"async\" class=\"wp-image-6891 size-medium alignright\" src=\"https:\/\/www.marieeparisienne.com\/wp-content\/uploads\/2019\/09\/LOGO_W1_NEGRO_TRANSPARENTE-300x132.png\" alt=\"Robe de Mari\u00e9e White One\" width=\"300\" height=\"132\" srcset=\"https:\/\/www.marieeparisienne.com\/wp-content\/uploads\/2019\/09\/LOGO_W1_NEGRO_TRANSPARENTE-300x132.png 300w, https:\/\/www.marieeparisienne.com\/wp-content\/uploads\/2019\/09\/LOGO_W1_NEGRO_TRANSPARENTE-600x265.png 600w, https:\/\/www.marieeparisienne.com\/wp-content\/uploads\/2019\/09\/LOGO_W1_NEGRO_TRANSPARENTE-1024x452.png 1024w, https:\/\/www.marieeparisienne.com\/wp-content\/uploads\/2019\/09\/LOGO_W1_NEGRO_TRANSPARENTE-768x339.png 768w, https:\/\/www.marieeparisienne.com\/wp-content\/uploads\/2019\/09\/LOGO_W1_NEGRO_TRANSPARENTE-1116x493.png 1116w, https:\/\/www.marieeparisienne.com\/wp-content\/uploads\/2019\/09\/LOGO_W1_NEGRO_TRANSPARENTE-806x356.png 806w, https:\/\/www.marieeparisienne.com\/wp-content\/uploads\/2019\/09\/LOGO_W1_NEGRO_TRANSPARENTE-558x246.png 558w, https:\/\/www.marieeparisienne.com\/wp-content\/uploads\/2019\/09\/LOGO_W1_NEGRO_TRANSPARENTE-655x289.png 655w, https:\/\/www.marieeparisienne.com\/wp-content\/uploads\/2019\/09\/LOGO_W1_NEGRO_TRANSPARENTE-1320x583.png 1320w, https:\/\/www.marieeparisienne.com\/wp-content\/uploads\/2019\/09\/LOGO_W1_NEGRO_TRANSPARENTE.png 1524w\" sizes=\"(max-width: 300px) 100vw, 300px\" \/>UMBRA Wedding Dress<\/p>\n<p>&nbsp;<\/p>\n<div id=\"description\" class=\"data item content\" role=\"tabpanel\" data-role=\"content\" aria-labelledby=\"tab-label-description\" aria-hidden=\"false\">\n<div class=\"product attribute description\">\n<div id=\"description\" class=\"data item content\" role=\"tabpanel\" data-role=\"content\" aria-labelledby=\"tab-label-description\" aria-hidden=\"false\">\n<div class=\"product attribute description\">\n<div id=\"description\" class=\"data item content\" role=\"tabpanel\" data-role=\"content\" aria-labelledby=\"tab-label-description\" aria-hidden=\"false\">\n<div class=\"product attribute description\">\n<div id=\"description\" class=\"data item content\" role=\"tabpanel\" data-role=\"content\" aria-labelledby=\"tab-label-description\" aria-hidden=\"false\">\n<div class=\"product attribute description\">\n<div id=\"description\" class=\"data item content\" role=\"tabpanel\" data-role=\"content\" aria-labelledby=\"tab-label-description\" aria-hidden=\"false\">\n<div class=\"product attribute description\">\n<div id=\"description\" class=\"data item content\" role=\"tabpanel\" data-role=\"content\" aria-labelledby=\"tab-label-description\" aria-hidden=\"false\">\n<div class=\"product attribute description\">\n<div id=\"description\" class=\"data item content\" role=\"tabpanel\" data-role=\"content\" aria-labelledby=\"tab-label-description\" aria-hidden=\"false\">\n<div class=\"product attribute description\">\n<p class=\"value p--no-format\">What\u2019s not to love about this darling little chiffon dress? With a nostalgic cross-over and draped bodice and row buttons ending in a flirty skirt split, and an iconic V neck and backline. A flattering dress you can make your own with the right accessories.<\/p>\n<\/div>\n<\/div>\n<div id=\"tab-label-additional\" class=\"data item title\" tabindex=\"0\" role=\"tab\" aria-labelledby=\"tab-label-additional-title\" data-role=\"collapsible\" data-collapsible=\"true\" aria-controls=\"additional\" aria-selected=\"false\" aria-expanded=\"false\"><\/div>\n<\/div>\n<\/div>\n<\/div>\n<\/div>\n<div id=\"tab-label-additional\" class=\"data item title\" tabindex=\"0\" role=\"tab\" aria-labelledby=\"tab-label-additional-title\" data-role=\"collapsible\" data-collapsible=\"true\" aria-controls=\"additional\" aria-selected=\"false\" aria-expanded=\"false\"><\/div>\n<\/div>\n<\/div>\n<div id=\"tab-label-additional\" class=\"data item title\" tabindex=\"0\" role=\"tab\" aria-labelledby=\"tab-label-additional-title\" data-role=\"collapsible\" data-collapsible=\"true\" aria-controls=\"additional\" aria-selected=\"false\" aria-expanded=\"false\"><\/div>\n<\/div>\n<\/div>\n<\/div>\n<\/div>\n<div id=\"tab-label-additional\" class=\"data item title\" tabindex=\"0\" role=\"tab\" aria-labelledby=\"tab-label-additional-title\" data-role=\"collapsible\" data-collapsible=\"true\" aria-controls=\"additional\" aria-selected=\"false\" aria-expanded=\"false\"><\/div>\n<\/div>\n<\/div>\n<p>&nbsp;<\/p>\n<p>&nbsp;<\/p>\n<p>&nbsp;<\/p>\n<h2><span style=\"color: #000000;\"><strong>White One Wedding Dress\u00a0<\/strong><\/span><\/h2>\n<p><strong>White One\u00a0 is a brand of\u00a0<\/strong>\u00a0<strong>Pronovias Fashion Group.<\/strong><\/p>\n<p>&nbsp;<\/p>\n","protected":false},"excerpt":{"rendered":"<p><img decoding=\"async\" class=\"wp-image-6890 size-medium alignright\" src=\"https:\/\/www.marieeparisienne.com\/wp-content\/uploads\/2019\/09\/LOGO_W1_NEGRO_TRANSPARENTE-300x132.png\" alt=\"Robe de Mari\u00e9e White One\" width=\"300\" height=\"132\" srcset=\"https:\/\/www.marieeparisienne.com\/wp-content\/uploads\/2019\/09\/LOGO_W1_NEGRO_TRANSPARENTE-300x132.png 300w, https:\/\/www.marieeparisienne.com\/wp-content\/uploads\/2019\/09\/LOGO_W1_NEGRO_TRANSPARENTE-600x265.png 600w, https:\/\/www.marieeparisienne.com\/wp-content\/uploads\/2019\/09\/LOGO_W1_NEGRO_TRANSPARENTE-768x339.png 768w, https:\/\/www.marieeparisienne.com\/wp-content\/uploads\/2019\/09\/LOGO_W1_NEGRO_TRANSPARENTE-1024x452.png 1024w, https:\/\/www.marieeparisienne.com\/wp-content\/uploads\/2019\/09\/LOGO_W1_NEGRO_TRANSPARENTE-1320x583.png 1320w, https:\/\/www.marieeparisienne.com\/wp-content\/uploads\/2019\/09\/LOGO_W1_NEGRO_TRANSPARENTE-1116x493.png 1116w, https:\/\/www.marieeparisienne.com\/wp-content\/uploads\/2019\/09\/LOGO_W1_NEGRO_TRANSPARENTE-806x356.png 806w, https:\/\/www.marieeparisienne.com\/wp-content\/uploads\/2019\/09\/LOGO_W1_NEGRO_TRANSPARENTE-558x246.png 558w, https:\/\/www.marieeparisienne.com\/wp-content\/uploads\/2019\/09\/LOGO_W1_NEGRO_TRANSPARENTE-655x289.png 655w, https:\/\/www.marieeparisienne.com\/wp-content\/uploads\/2019\/09\/LOGO_W1_NEGRO_TRANSPARENTE.png 1524w\" sizes=\"(max-width: 300px) 100vw, 300px\" \/><\/p>\n<p>&nbsp;<\/p>\n<div class=\"product attribute overview\">\n<div id=\"description\" class=\"data item content\" role=\"tabpanel\" data-role=\"content\" aria-labelledby=\"tab-label-description\" aria-hidden=\"false\">\n<div class=\"product attribute description\">\n<div class=\"product attribute overview\">\n<div class=\"product attribute overview\">\n<div class=\"product attribute overview\">\n<div class=\"product attribute overview\">\n<h4 class=\"value\">Sale on Sample model.<\/h4>\n<h4 class=\"value\">Sleeveless A-line chiffon wedding dress with V-neck.<\/h4>\n<\/div>\n<\/div>\n<div class=\"buttons-container bridal-buttons\"><\/div>\n<\/div>\n<\/div>\n<\/div>\n<\/div>\n<\/div>\n<p>&nbsp;<\/p>\n<p>[vc_row][vc_column][vc_btn title=&#8221;Book an Appointment&#8221; color=&#8221;inverse&#8221; size=&#8221;lg&#8221; align=&#8221;left&#8221; i_icon_fontawesome=&#8221;fa fa-hand-pointer-o&#8221; add_icon=&#8221;true&#8221; link=&#8221;url:https%3A%2F%2Fwww.marieeparisienne.com%2Fen\/contact%2F|||&#8221;][\/vc_column][\/vc_row]<\/p>\n","protected":false},"featured_media":22129,"template":"","meta":{"_acf_changed":false},"product_brand":[],"product_cat":[128],"product_tag":[91,90,107,207,314,129,159,100],"class_list":{"0":"post-22127","1":"product","2":"type-product","3":"status-publish","4":"has-post-thumbnail","6":"product_cat-white-one-en","7":"product_tag-1100e-a-1600e-en","8":"product_tag-a-line","9":"product_tag-chiffon","10":"product_tag-less-than-1100e","11":"product_tag-minimalist","12":"product_tag-sale","13":"product_tag-slit-skirt","14":"product_tag-v-neck","16":"first","17":"instock","18":"sale","19":"shipping-taxable","20":"purchasable","21":"product-type-simple"},"acf":[],"yoast_head":"<!-- This site is optimized with the Yoast SEO Premium plugin v27.4 (Yoast SEO v27.4) - https:\/\/yoast.com\/product\/yoast-seo-premium-wordpress\/ -->\n<title>UMBRA Wedding Dress White one Collection 2023 Paris Boutique<\/title>\n<meta name=\"description\" content=\"UMBRA Wedding Dress White one Collection 2023 Paris Boutique: Sleeveless A-line chiffon wedding dress with V-neck.\" \/>\n<meta name=\"robots\" content=\"index, follow, max-snippet:-1, max-image-preview:large, max-video-preview:-1\" \/>\n<link rel=\"canonical\" href=\"https:\/\/www.marieeparisienne.com\/en\/wedding-dress\/white-one-en\/umbra\/\" \/>\n<meta property=\"og:locale\" content=\"en_US\" \/>\n<meta property=\"og:type\" content=\"article\" \/>\n<meta property=\"og:title\" content=\"UMBRA\" \/>\n<meta property=\"og:description\" content=\"UMBRA Wedding Dress White one Collection 2023 Paris Boutique: Sleeveless A-line chiffon wedding dress with V-neck.\" \/>\n<meta property=\"og:url\" content=\"https:\/\/www.marieeparisienne.com\/en\/wedding-dress\/white-one-en\/umbra\/\" \/>\n<meta property=\"og:site_name\" content=\"Mari\u00e9e Parisienne\" \/>\n<meta property=\"article:publisher\" content=\"https:\/\/www.facebook.com\/lamarieeparisienne\" \/>\n<meta property=\"article:modified_time\" content=\"2023-05-26T16:11:17+00:00\" \/>\n<meta property=\"og:image\" content=\"https:\/\/www.marieeparisienne.com\/wp-content\/uploads\/2022\/10\/UMBRA-B1-scaled.jpg\" \/>\n\t<meta property=\"og:image:width\" content=\"1810\" \/>\n\t<meta property=\"og:image:height\" content=\"2560\" \/>\n\t<meta property=\"og:image:type\" content=\"image\/jpeg\" \/>\n<meta name=\"twitter:card\" content=\"summary_large_image\" \/>\n<meta name=\"twitter:site\" content=\"@Marieeparisienn\" \/>\n<script type=\"application\/ld+json\" class=\"yoast-schema-graph\">{\"@context\":\"https:\\\/\\\/schema.org\",\"@graph\":[{\"@type\":[\"WebPage\",\"SearchResultsPage\"],\"@id\":\"https:\\\/\\\/www.marieeparisienne.com\\\/en\\\/wedding-dress\\\/white-one-en\\\/umbra\\\/\",\"url\":\"https:\\\/\\\/www.marieeparisienne.com\\\/en\\\/wedding-dress\\\/white-one-en\\\/umbra\\\/\",\"name\":\"UMBRA Wedding Dress White one Collection 2023 Paris Boutique\",\"isPartOf\":{\"@id\":\"https:\\\/\\\/www.marieeparisienne.com\\\/en\\\/#website\"},\"primaryImageOfPage\":{\"@id\":\"https:\\\/\\\/www.marieeparisienne.com\\\/en\\\/wedding-dress\\\/white-one-en\\\/umbra\\\/#primaryimage\"},\"image\":{\"@id\":\"https:\\\/\\\/www.marieeparisienne.com\\\/en\\\/wedding-dress\\\/white-one-en\\\/umbra\\\/#primaryimage\"},\"thumbnailUrl\":\"https:\\\/\\\/www.marieeparisienne.com\\\/wp-content\\\/uploads\\\/2022\\\/10\\\/UMBRA-B1-scaled.jpg\",\"datePublished\":\"2022-10-25T14:03:18+00:00\",\"dateModified\":\"2023-05-26T16:11:17+00:00\",\"description\":\"UMBRA Wedding Dress White one Collection 2023 Paris Boutique: Sleeveless A-line chiffon wedding dress with V-neck.\",\"breadcrumb\":{\"@id\":\"https:\\\/\\\/www.marieeparisienne.com\\\/en\\\/wedding-dress\\\/white-one-en\\\/umbra\\\/#breadcrumb\"},\"inLanguage\":\"en-US\",\"potentialAction\":[{\"@type\":\"ReadAction\",\"target\":[\"https:\\\/\\\/www.marieeparisienne.com\\\/en\\\/wedding-dress\\\/white-one-en\\\/umbra\\\/\"]}]},{\"@type\":\"ImageObject\",\"inLanguage\":\"en-US\",\"@id\":\"https:\\\/\\\/www.marieeparisienne.com\\\/en\\\/wedding-dress\\\/white-one-en\\\/umbra\\\/#primaryimage\",\"url\":\"https:\\\/\\\/www.marieeparisienne.com\\\/wp-content\\\/uploads\\\/2022\\\/10\\\/UMBRA-B1-scaled.jpg\",\"contentUrl\":\"https:\\\/\\\/www.marieeparisienne.com\\\/wp-content\\\/uploads\\\/2022\\\/10\\\/UMBRA-B1-scaled.jpg\",\"width\":1810,\"height\":2560,\"caption\":\"UMBRA Wedding Dress White one Collection 2023 Paris Boutique\"},{\"@type\":\"BreadcrumbList\",\"@id\":\"https:\\\/\\\/www.marieeparisienne.com\\\/en\\\/wedding-dress\\\/white-one-en\\\/umbra\\\/#breadcrumb\",\"itemListElement\":[{\"@type\":\"ListItem\",\"position\":1,\"name\":\"Accueil\",\"item\":\"https:\\\/\\\/www.marieeparisienne.com\\\/en\\\/\"},{\"@type\":\"ListItem\",\"position\":2,\"name\":\"ALL OUR WEDDING DRESSES\",\"item\":\"https:\\\/\\\/www.marieeparisienne.com\\\/en\\\/wedding-dresses-in-our-boutique\\\/\"},{\"@type\":\"ListItem\",\"position\":3,\"name\":\"UMBRA\"}]},{\"@type\":\"WebSite\",\"@id\":\"https:\\\/\\\/www.marieeparisienne.com\\\/en\\\/#website\",\"url\":\"https:\\\/\\\/www.marieeparisienne.com\\\/en\\\/\",\"name\":\"Mari\u00e9e Parisienne\",\"description\":\"Robes de mari\u00e9e \u00e0 Paris\",\"publisher\":{\"@id\":\"https:\\\/\\\/www.marieeparisienne.com\\\/en\\\/#organization\"},\"potentialAction\":[{\"@type\":\"SearchAction\",\"target\":{\"@type\":\"EntryPoint\",\"urlTemplate\":\"https:\\\/\\\/www.marieeparisienne.com\\\/en\\\/?s={search_term_string}\"},\"query-input\":{\"@type\":\"PropertyValueSpecification\",\"valueRequired\":true,\"valueName\":\"search_term_string\"}}],\"inLanguage\":\"en-US\"},{\"@type\":[\"Organization\",\"Place\",\"ClothingStore\"],\"@id\":\"https:\\\/\\\/www.marieeparisienne.com\\\/en\\\/#organization\",\"name\":\"La Mari\u00e9e Parisienne\",\"url\":\"https:\\\/\\\/www.marieeparisienne.com\\\/en\\\/\",\"logo\":{\"@id\":\"https:\\\/\\\/www.marieeparisienne.com\\\/en\\\/wedding-dress\\\/white-one-en\\\/umbra\\\/#local-main-organization-logo\"},\"image\":{\"@id\":\"https:\\\/\\\/www.marieeparisienne.com\\\/en\\\/wedding-dress\\\/white-one-en\\\/umbra\\\/#local-main-organization-logo\"},\"sameAs\":[\"https:\\\/\\\/www.facebook.com\\\/lamarieeparisienne\",\"https:\\\/\\\/x.com\\\/Marieeparisienn\",\"https:\\\/\\\/www.instagram.com\\\/marieeparisienne\\\/\",\"https:\\\/\\\/www.youtube.com\\\/channel\\\/UCxpH1JURfOaIgDbNXvJkRtw\\\/videos?view_as=subscriber\"],\"description\":\"Mari\u00e9e Parisienne est une boutique de robes de mari\u00e9e \u00e0 Paris proposant une large s\u00e9lection de robes de mari\u00e9e, robes de cocktail et accessoires de grandes marques europ\u00e9ennes et de cr\u00e9ateurs internationaux. Avec son atelier de retouches sur place, ses conseill\u00e8res stylistes sp\u00e9cialis\u00e9es et ses couturi\u00e8res professionnelles, la boutique accompagne chaque future mari\u00e9e de fa\u00e7on personnalis\u00e9e jusqu\u2019au jour du mariage\",\"legalName\":\"Maycole\",\"foundingDate\":\"2007-05-18\",\"numberOfEmployees\":{\"@type\":\"QuantitativeValue\",\"minValue\":\"1\",\"maxValue\":\"10\"},\"address\":{\"@id\":\"https:\\\/\\\/www.marieeparisienne.com\\\/en\\\/wedding-dress\\\/white-one-en\\\/umbra\\\/#local-main-place-address\"},\"geo\":{\"@type\":\"GeoCoordinates\",\"latitude\":\"48.840653073720475\",\"longitude\":\"2.299663726215935\"},\"telephone\":[\"+33155438075\"],\"openingHoursSpecification\":[{\"@type\":\"OpeningHoursSpecification\",\"dayOfWeek\":[\"Monday\",\"Tuesday\",\"Wednesday\",\"Thursday\",\"Friday\"],\"opens\":\"11:00\",\"closes\":\"19:00\"},{\"@type\":\"OpeningHoursSpecification\",\"dayOfWeek\":[\"Saturday\"],\"opens\":\"10:00\",\"closes\":\"19:00\"},{\"@type\":\"OpeningHoursSpecification\",\"dayOfWeek\":[\"Sunday\"],\"opens\":\"00:00\",\"closes\":\"00:00\"}],\"email\":\"contact@marieeparisienne.com\",\"areaServed\":\"Paris, \u00cele-de-France, France\",\"vatID\":\"FR84498025378\",\"taxID\":\"49802537800023\",\"priceRange\":\"$$$$\",\"currenciesAccepted\":\"EUR\",\"paymentAccepted\":\"Esp\u00e8ces, Visa, Mastercard, Virement bancaire, Ch\u00e8que\"},{\"@type\":\"PostalAddress\",\"@id\":\"https:\\\/\\\/www.marieeparisienne.com\\\/en\\\/wedding-dress\\\/white-one-en\\\/umbra\\\/#local-main-place-address\",\"streetAddress\":\"97 rue Blomet\",\"addressLocality\":\"Paris\",\"postalCode\":\"75015\",\"addressCountry\":\"FR\"},{\"@type\":\"ImageObject\",\"inLanguage\":\"en-US\",\"@id\":\"https:\\\/\\\/www.marieeparisienne.com\\\/en\\\/wedding-dress\\\/white-one-en\\\/umbra\\\/#local-main-organization-logo\",\"url\":\"https:\\\/\\\/www.marieeparisienne.com\\\/wp-content\\\/uploads\\\/2018\\\/02\\\/logo-Mp.jpg\",\"contentUrl\":\"https:\\\/\\\/www.marieeparisienne.com\\\/wp-content\\\/uploads\\\/2018\\\/02\\\/logo-Mp.jpg\",\"width\":1070,\"height\":1513,\"caption\":\"La Mari\u00e9e Parisienne\"}]}<\/script>\n<meta name=\"geo.placename\" content=\"Paris\" \/>\n<meta name=\"geo.position\" content=\"48.840653073720475;2.299663726215935\" \/>\n<meta name=\"geo.region\" content=\"France\" \/>\n<!-- \/ Yoast SEO Premium plugin. -->","yoast_head_json":{"title":"UMBRA Wedding Dress White one Collection 2023 Paris Boutique","description":"UMBRA Wedding Dress White one Collection 2023 Paris Boutique: Sleeveless A-line chiffon wedding dress with V-neck.","robots":{"index":"index","follow":"follow","max-snippet":"max-snippet:-1","max-image-preview":"max-image-preview:large","max-video-preview":"max-video-preview:-1"},"canonical":"https:\/\/www.marieeparisienne.com\/en\/wedding-dress\/white-one-en\/umbra\/","og_locale":"en_US","og_type":"article","og_title":"UMBRA","og_description":"UMBRA Wedding Dress White one Collection 2023 Paris Boutique: Sleeveless A-line chiffon wedding dress with V-neck.","og_url":"https:\/\/www.marieeparisienne.com\/en\/wedding-dress\/white-one-en\/umbra\/","og_site_name":"Mari\u00e9e Parisienne","article_publisher":"https:\/\/www.facebook.com\/lamarieeparisienne","article_modified_time":"2023-05-26T16:11:17+00:00","og_image":[{"width":1810,"height":2560,"url":"https:\/\/www.marieeparisienne.com\/wp-content\/uploads\/2022\/10\/UMBRA-B1-scaled.jpg","type":"image\/jpeg"}],"twitter_card":"summary_large_image","twitter_site":"@Marieeparisienn","schema":{"@context":"https:\/\/schema.org","@graph":[{"@type":["WebPage","SearchResultsPage"],"@id":"https:\/\/www.marieeparisienne.com\/en\/wedding-dress\/white-one-en\/umbra\/","url":"https:\/\/www.marieeparisienne.com\/en\/wedding-dress\/white-one-en\/umbra\/","name":"UMBRA Wedding Dress White one Collection 2023 Paris Boutique","isPartOf":{"@id":"https:\/\/www.marieeparisienne.com\/en\/#website"},"primaryImageOfPage":{"@id":"https:\/\/www.marieeparisienne.com\/en\/wedding-dress\/white-one-en\/umbra\/#primaryimage"},"image":{"@id":"https:\/\/www.marieeparisienne.com\/en\/wedding-dress\/white-one-en\/umbra\/#primaryimage"},"thumbnailUrl":"https:\/\/www.marieeparisienne.com\/wp-content\/uploads\/2022\/10\/UMBRA-B1-scaled.jpg","datePublished":"2022-10-25T14:03:18+00:00","dateModified":"2023-05-26T16:11:17+00:00","description":"UMBRA Wedding Dress White one Collection 2023 Paris Boutique: Sleeveless A-line chiffon wedding dress with V-neck.","breadcrumb":{"@id":"https:\/\/www.marieeparisienne.com\/en\/wedding-dress\/white-one-en\/umbra\/#breadcrumb"},"inLanguage":"en-US","potentialAction":[{"@type":"ReadAction","target":["https:\/\/www.marieeparisienne.com\/en\/wedding-dress\/white-one-en\/umbra\/"]}]},{"@type":"ImageObject","inLanguage":"en-US","@id":"https:\/\/www.marieeparisienne.com\/en\/wedding-dress\/white-one-en\/umbra\/#primaryimage","url":"https:\/\/www.marieeparisienne.com\/wp-content\/uploads\/2022\/10\/UMBRA-B1-scaled.jpg","contentUrl":"https:\/\/www.marieeparisienne.com\/wp-content\/uploads\/2022\/10\/UMBRA-B1-scaled.jpg","width":1810,"height":2560,"caption":"UMBRA Wedding Dress White one Collection 2023 Paris Boutique"},{"@type":"BreadcrumbList","@id":"https:\/\/www.marieeparisienne.com\/en\/wedding-dress\/white-one-en\/umbra\/#breadcrumb","itemListElement":[{"@type":"ListItem","position":1,"name":"Accueil","item":"https:\/\/www.marieeparisienne.com\/en\/"},{"@type":"ListItem","position":2,"name":"ALL OUR WEDDING DRESSES","item":"https:\/\/www.marieeparisienne.com\/en\/wedding-dresses-in-our-boutique\/"},{"@type":"ListItem","position":3,"name":"UMBRA"}]},{"@type":"WebSite","@id":"https:\/\/www.marieeparisienne.com\/en\/#website","url":"https:\/\/www.marieeparisienne.com\/en\/","name":"Mari\u00e9e Parisienne","description":"Robes de mari\u00e9e \u00e0 Paris","publisher":{"@id":"https:\/\/www.marieeparisienne.com\/en\/#organization"},"potentialAction":[{"@type":"SearchAction","target":{"@type":"EntryPoint","urlTemplate":"https:\/\/www.marieeparisienne.com\/en\/?s={search_term_string}"},"query-input":{"@type":"PropertyValueSpecification","valueRequired":true,"valueName":"search_term_string"}}],"inLanguage":"en-US"},{"@type":["Organization","Place","ClothingStore"],"@id":"https:\/\/www.marieeparisienne.com\/en\/#organization","name":"La Mari\u00e9e Parisienne","url":"https:\/\/www.marieeparisienne.com\/en\/","logo":{"@id":"https:\/\/www.marieeparisienne.com\/en\/wedding-dress\/white-one-en\/umbra\/#local-main-organization-logo"},"image":{"@id":"https:\/\/www.marieeparisienne.com\/en\/wedding-dress\/white-one-en\/umbra\/#local-main-organization-logo"},"sameAs":["https:\/\/www.facebook.com\/lamarieeparisienne","https:\/\/x.com\/Marieeparisienn","https:\/\/www.instagram.com\/marieeparisienne\/","https:\/\/www.youtube.com\/channel\/UCxpH1JURfOaIgDbNXvJkRtw\/videos?view_as=subscriber"],"description":"Mari\u00e9e Parisienne est une boutique de robes de mari\u00e9e \u00e0 Paris proposant une large s\u00e9lection de robes de mari\u00e9e, robes de cocktail et accessoires de grandes marques europ\u00e9ennes et de cr\u00e9ateurs internationaux. Avec son atelier de retouches sur place, ses conseill\u00e8res stylistes sp\u00e9cialis\u00e9es et ses couturi\u00e8res professionnelles, la boutique accompagne chaque future mari\u00e9e de fa\u00e7on personnalis\u00e9e jusqu\u2019au jour du mariage","legalName":"Maycole","foundingDate":"2007-05-18","numberOfEmployees":{"@type":"QuantitativeValue","minValue":"1","maxValue":"10"},"address":{"@id":"https:\/\/www.marieeparisienne.com\/en\/wedding-dress\/white-one-en\/umbra\/#local-main-place-address"},"geo":{"@type":"GeoCoordinates","latitude":"48.840653073720475","longitude":"2.299663726215935"},"telephone":["+33155438075"],"openingHoursSpecification":[{"@type":"OpeningHoursSpecification","dayOfWeek":["Monday","Tuesday","Wednesday","Thursday","Friday"],"opens":"11:00","closes":"19:00"},{"@type":"OpeningHoursSpecification","dayOfWeek":["Saturday"],"opens":"10:00","closes":"19:00"},{"@type":"OpeningHoursSpecification","dayOfWeek":["Sunday"],"opens":"00:00","closes":"00:00"}],"email":"contact@marieeparisienne.com","areaServed":"Paris, \u00cele-de-France, France","vatID":"FR84498025378","taxID":"49802537800023","priceRange":"$$$$","currenciesAccepted":"EUR","paymentAccepted":"Esp\u00e8ces, Visa, Mastercard, Virement bancaire, Ch\u00e8que"},{"@type":"PostalAddress","@id":"https:\/\/www.marieeparisienne.com\/en\/wedding-dress\/white-one-en\/umbra\/#local-main-place-address","streetAddress":"97 rue Blomet","addressLocality":"Paris","postalCode":"75015","addressCountry":"FR"},{"@type":"ImageObject","inLanguage":"en-US","@id":"https:\/\/www.marieeparisienne.com\/en\/wedding-dress\/white-one-en\/umbra\/#local-main-organization-logo","url":"https:\/\/www.marieeparisienne.com\/wp-content\/uploads\/2018\/02\/logo-Mp.jpg","contentUrl":"https:\/\/www.marieeparisienne.com\/wp-content\/uploads\/2018\/02\/logo-Mp.jpg","width":1070,"height":1513,"caption":"La Mari\u00e9e Parisienne"}]},"geo.placename":"Paris","geo.position":{"lat":"48.840653073720475","long":"2.299663726215935"},"geo.region":"France"},"_links":{"self":[{"href":"https:\/\/www.marieeparisienne.com\/en\/wp-json\/wp\/v2\/product\/22127","targetHints":{"allow":["GET"]}}],"collection":[{"href":"https:\/\/www.marieeparisienne.com\/en\/wp-json\/wp\/v2\/product"}],"about":[{"href":"https:\/\/www.marieeparisienne.com\/en\/wp-json\/wp\/v2\/types\/product"}],"version-history":[{"count":0,"href":"https:\/\/www.marieeparisienne.com\/en\/wp-json\/wp\/v2\/product\/22127\/revisions"}],"wp:featuredmedia":[{"embeddable":true,"href":"https:\/\/www.marieeparisienne.com\/en\/wp-json\/wp\/v2\/media\/22129"}],"wp:attachment":[{"href":"https:\/\/www.marieeparisienne.com\/en\/wp-json\/wp\/v2\/media?parent=22127"}],"wp:term":[{"taxonomy":"product_brand","embeddable":true,"href":"https:\/\/www.marieeparisienne.com\/en\/wp-json\/wp\/v2\/product_brand?post=22127"},{"taxonomy":"product_cat","embeddable":true,"href":"https:\/\/www.marieeparisienne.com\/en\/wp-json\/wp\/v2\/product_cat?post=22127"},{"taxonomy":"product_tag","embeddable":true,"href":"https:\/\/www.marieeparisienne.com\/en\/wp-json\/wp\/v2\/product_tag?post=22127"}],"curies":[{"name":"wp","href":"https:\/\/api.w.org\/{rel}","templated":true}]}}