{"id":2451,"date":"2017-09-11T20:06:18","date_gmt":"2017-09-11T18:06:18","guid":{"rendered":"https:\/\/www.marieeparisienne.com\/robe-de-mariee\/uncategorized\/usune\/"},"modified":"2025-12-12T11:57:49","modified_gmt":"2025-12-12T10:57:49","slug":"usune","status":"publish","type":"product","link":"https:\/\/www.marieeparisienne.com\/en\/wedding-dress\/aire-barcelona-en\/usune\/","title":{"rendered":"USUNE"},"content":{"rendered":"<p>Usune Wedding Dress.<\/p>\n<p>For brides who love to reveal teasing glimpses of skin, cut-outs are irresistible! Really go for it on your big day with this bandeau body under sheer fabric!<\/p>\n<h2><span style=\"color: #000000;\"><strong>AIRE BARCELONA WEDDING DRESS<\/strong><\/span><\/h2>\n<p><strong>Aire Barcelona is a brand of Rosa Clara<\/strong><strong>\u00a0Group.<\/strong><\/p>\n","protected":false},"excerpt":{"rendered":"<p>A-line wedding dress, lace, backlace.<\/p>\n<p>&nbsp;<\/p>\n","protected":false},"featured_media":2454,"template":"","meta":{"_acf_changed":false},"product_brand":[],"product_cat":[122],"product_tag":[92,151,90,103,101,129],"class_list":{"0":"post-2451","1":"product","2":"type-product","3":"status-publish","4":"has-post-thumbnail","6":"product_cat-aire-barcelona-en","7":"product_tag-1600e-a-2100e-en","8":"product_tag-600e-to-1000e","9":"product_tag-a-line","10":"product_tag-backless","11":"product_tag-lace","12":"product_tag-sale","14":"first","15":"instock","16":"sale","17":"shipping-taxable","18":"purchasable","19":"product-type-simple"},"acf":[],"yoast_head":"<!-- This site is optimized with the Yoast SEO Premium plugin v27.4 (Yoast SEO v27.4) - https:\/\/yoast.com\/product\/yoast-seo-premium-wordpress\/ -->\n<title>Usune Wedding Dress Aire Beach Collection 2018<\/title>\n<meta name=\"description\" content=\"Usune Wedding Dress Aire Beach Collection 2018: A-line wedding dress, lace, backlace.\" \/>\n<meta name=\"robots\" content=\"index, follow, max-snippet:-1, max-image-preview:large, max-video-preview:-1\" \/>\n<link rel=\"canonical\" href=\"https:\/\/www.marieeparisienne.com\/en\/wedding-dress\/aire-barcelona-en\/usune\/\" \/>\n<meta property=\"og:locale\" content=\"en_US\" \/>\n<meta property=\"og:type\" content=\"article\" \/>\n<meta property=\"og:title\" content=\"USUNE\" \/>\n<meta property=\"og:description\" content=\"Usune Wedding Dress Aire Beach Collection 2018: A-line wedding dress, lace, backlace.\" \/>\n<meta property=\"og:url\" content=\"https:\/\/www.marieeparisienne.com\/en\/wedding-dress\/aire-barcelona-en\/usune\/\" \/>\n<meta property=\"og:site_name\" content=\"Mari\u00e9e Parisienne\" \/>\n<meta property=\"article:publisher\" content=\"https:\/\/www.facebook.com\/lamarieeparisienne\" \/>\n<meta property=\"article:modified_time\" content=\"2025-12-12T10:57:49+00:00\" \/>\n<meta property=\"og:image\" content=\"https:\/\/www.marieeparisienne.com\/wp-content\/uploads\/2017\/09\/USUNE-b.jpg\" \/>\n\t<meta property=\"og:image:width\" content=\"1536\" \/>\n\t<meta property=\"og:image:height\" content=\"1920\" \/>\n\t<meta property=\"og:image:type\" content=\"image\/jpeg\" \/>\n<meta name=\"twitter:card\" content=\"summary_large_image\" \/>\n<meta name=\"twitter:site\" content=\"@Marieeparisienn\" \/>\n<script type=\"application\/ld+json\" class=\"yoast-schema-graph\">{\"@context\":\"https:\\\/\\\/schema.org\",\"@graph\":[{\"@type\":[\"WebPage\",\"SearchResultsPage\"],\"@id\":\"https:\\\/\\\/www.marieeparisienne.com\\\/en\\\/wedding-dress\\\/aire-barcelona-en\\\/usune\\\/\",\"url\":\"https:\\\/\\\/www.marieeparisienne.com\\\/en\\\/wedding-dress\\\/aire-barcelona-en\\\/usune\\\/\",\"name\":\"Usune Wedding Dress Aire Beach Collection 2018\",\"isPartOf\":{\"@id\":\"https:\\\/\\\/www.marieeparisienne.com\\\/en\\\/#website\"},\"primaryImageOfPage\":{\"@id\":\"https:\\\/\\\/www.marieeparisienne.com\\\/en\\\/wedding-dress\\\/aire-barcelona-en\\\/usune\\\/#primaryimage\"},\"image\":{\"@id\":\"https:\\\/\\\/www.marieeparisienne.com\\\/en\\\/wedding-dress\\\/aire-barcelona-en\\\/usune\\\/#primaryimage\"},\"thumbnailUrl\":\"https:\\\/\\\/www.marieeparisienne.com\\\/wp-content\\\/uploads\\\/2017\\\/09\\\/USUNE-b.jpg\",\"datePublished\":\"2017-09-11T18:06:18+00:00\",\"dateModified\":\"2025-12-12T10:57:49+00:00\",\"description\":\"Usune Wedding Dress Aire Beach Collection 2018: A-line wedding dress, lace, backlace.\",\"breadcrumb\":{\"@id\":\"https:\\\/\\\/www.marieeparisienne.com\\\/en\\\/wedding-dress\\\/aire-barcelona-en\\\/usune\\\/#breadcrumb\"},\"inLanguage\":\"en-US\",\"potentialAction\":[{\"@type\":\"ReadAction\",\"target\":[\"https:\\\/\\\/www.marieeparisienne.com\\\/en\\\/wedding-dress\\\/aire-barcelona-en\\\/usune\\\/\"]}]},{\"@type\":\"ImageObject\",\"inLanguage\":\"en-US\",\"@id\":\"https:\\\/\\\/www.marieeparisienne.com\\\/en\\\/wedding-dress\\\/aire-barcelona-en\\\/usune\\\/#primaryimage\",\"url\":\"https:\\\/\\\/www.marieeparisienne.com\\\/wp-content\\\/uploads\\\/2017\\\/09\\\/USUNE-b.jpg\",\"contentUrl\":\"https:\\\/\\\/www.marieeparisienne.com\\\/wp-content\\\/uploads\\\/2017\\\/09\\\/USUNE-b.jpg\",\"width\":1536,\"height\":1920,\"caption\":\"Usune Wedding Dress Aire Beach Collection 2018\"},{\"@type\":\"BreadcrumbList\",\"@id\":\"https:\\\/\\\/www.marieeparisienne.com\\\/en\\\/wedding-dress\\\/aire-barcelona-en\\\/usune\\\/#breadcrumb\",\"itemListElement\":[{\"@type\":\"ListItem\",\"position\":1,\"name\":\"Accueil\",\"item\":\"https:\\\/\\\/www.marieeparisienne.com\\\/en\\\/\"},{\"@type\":\"ListItem\",\"position\":2,\"name\":\"ALL OUR WEDDING DRESSES\",\"item\":\"https:\\\/\\\/www.marieeparisienne.com\\\/en\\\/wedding-dresses-in-our-boutique\\\/\"},{\"@type\":\"ListItem\",\"position\":3,\"name\":\"USUNE\"}]},{\"@type\":\"WebSite\",\"@id\":\"https:\\\/\\\/www.marieeparisienne.com\\\/en\\\/#website\",\"url\":\"https:\\\/\\\/www.marieeparisienne.com\\\/en\\\/\",\"name\":\"Mari\u00e9e Parisienne\",\"description\":\"Robes de mari\u00e9e \u00e0 Paris\",\"publisher\":{\"@id\":\"https:\\\/\\\/www.marieeparisienne.com\\\/en\\\/#organization\"},\"potentialAction\":[{\"@type\":\"SearchAction\",\"target\":{\"@type\":\"EntryPoint\",\"urlTemplate\":\"https:\\\/\\\/www.marieeparisienne.com\\\/en\\\/?s={search_term_string}\"},\"query-input\":{\"@type\":\"PropertyValueSpecification\",\"valueRequired\":true,\"valueName\":\"search_term_string\"}}],\"inLanguage\":\"en-US\"},{\"@type\":[\"Organization\",\"Place\",\"ClothingStore\"],\"@id\":\"https:\\\/\\\/www.marieeparisienne.com\\\/en\\\/#organization\",\"name\":\"La Mari\u00e9e Parisienne\",\"url\":\"https:\\\/\\\/www.marieeparisienne.com\\\/en\\\/\",\"logo\":{\"@id\":\"https:\\\/\\\/www.marieeparisienne.com\\\/en\\\/wedding-dress\\\/aire-barcelona-en\\\/usune\\\/#local-main-organization-logo\"},\"image\":{\"@id\":\"https:\\\/\\\/www.marieeparisienne.com\\\/en\\\/wedding-dress\\\/aire-barcelona-en\\\/usune\\\/#local-main-organization-logo\"},\"sameAs\":[\"https:\\\/\\\/www.facebook.com\\\/lamarieeparisienne\",\"https:\\\/\\\/x.com\\\/Marieeparisienn\",\"https:\\\/\\\/www.instagram.com\\\/marieeparisienne\\\/\",\"https:\\\/\\\/www.youtube.com\\\/channel\\\/UCxpH1JURfOaIgDbNXvJkRtw\\\/videos?view_as=subscriber\"],\"description\":\"Mari\u00e9e Parisienne est une boutique de robes de mari\u00e9e \u00e0 Paris proposant une large s\u00e9lection de robes de mari\u00e9e, robes de cocktail et accessoires de grandes marques europ\u00e9ennes et de cr\u00e9ateurs internationaux. Avec son atelier de retouches sur place, ses conseill\u00e8res stylistes sp\u00e9cialis\u00e9es et ses couturi\u00e8res professionnelles, la boutique accompagne chaque future mari\u00e9e de fa\u00e7on personnalis\u00e9e jusqu\u2019au jour du mariage\",\"legalName\":\"Maycole\",\"foundingDate\":\"2007-05-18\",\"numberOfEmployees\":{\"@type\":\"QuantitativeValue\",\"minValue\":\"1\",\"maxValue\":\"10\"},\"address\":{\"@id\":\"https:\\\/\\\/www.marieeparisienne.com\\\/en\\\/wedding-dress\\\/aire-barcelona-en\\\/usune\\\/#local-main-place-address\"},\"geo\":{\"@type\":\"GeoCoordinates\",\"latitude\":\"48.840653073720475\",\"longitude\":\"2.299663726215935\"},\"telephone\":[\"+33155438075\"],\"openingHoursSpecification\":[{\"@type\":\"OpeningHoursSpecification\",\"dayOfWeek\":[\"Monday\",\"Tuesday\",\"Wednesday\",\"Thursday\",\"Friday\"],\"opens\":\"11:00\",\"closes\":\"19:00\"},{\"@type\":\"OpeningHoursSpecification\",\"dayOfWeek\":[\"Saturday\"],\"opens\":\"10:00\",\"closes\":\"19:00\"},{\"@type\":\"OpeningHoursSpecification\",\"dayOfWeek\":[\"Sunday\"],\"opens\":\"00:00\",\"closes\":\"00:00\"}],\"email\":\"contact@marieeparisienne.com\",\"areaServed\":\"Paris, \u00cele-de-France, France\",\"vatID\":\"FR84498025378\",\"taxID\":\"49802537800023\",\"priceRange\":\"$$$$\",\"currenciesAccepted\":\"EUR\",\"paymentAccepted\":\"Esp\u00e8ces, Visa, Mastercard, Virement bancaire, Ch\u00e8que\"},{\"@type\":\"PostalAddress\",\"@id\":\"https:\\\/\\\/www.marieeparisienne.com\\\/en\\\/wedding-dress\\\/aire-barcelona-en\\\/usune\\\/#local-main-place-address\",\"streetAddress\":\"97 rue Blomet\",\"addressLocality\":\"Paris\",\"postalCode\":\"75015\",\"addressCountry\":\"FR\"},{\"@type\":\"ImageObject\",\"inLanguage\":\"en-US\",\"@id\":\"https:\\\/\\\/www.marieeparisienne.com\\\/en\\\/wedding-dress\\\/aire-barcelona-en\\\/usune\\\/#local-main-organization-logo\",\"url\":\"https:\\\/\\\/www.marieeparisienne.com\\\/wp-content\\\/uploads\\\/2018\\\/02\\\/logo-Mp.jpg\",\"contentUrl\":\"https:\\\/\\\/www.marieeparisienne.com\\\/wp-content\\\/uploads\\\/2018\\\/02\\\/logo-Mp.jpg\",\"width\":1070,\"height\":1513,\"caption\":\"La Mari\u00e9e Parisienne\"}]}<\/script>\n<meta name=\"geo.placename\" content=\"Paris\" \/>\n<meta name=\"geo.position\" content=\"48.840653073720475;2.299663726215935\" \/>\n<meta name=\"geo.region\" content=\"France\" \/>\n<!-- \/ Yoast SEO Premium plugin. -->","yoast_head_json":{"title":"Usune Wedding Dress Aire Beach Collection 2018","description":"Usune Wedding Dress Aire Beach Collection 2018: A-line wedding dress, lace, backlace.","robots":{"index":"index","follow":"follow","max-snippet":"max-snippet:-1","max-image-preview":"max-image-preview:large","max-video-preview":"max-video-preview:-1"},"canonical":"https:\/\/www.marieeparisienne.com\/en\/wedding-dress\/aire-barcelona-en\/usune\/","og_locale":"en_US","og_type":"article","og_title":"USUNE","og_description":"Usune Wedding Dress Aire Beach Collection 2018: A-line wedding dress, lace, backlace.","og_url":"https:\/\/www.marieeparisienne.com\/en\/wedding-dress\/aire-barcelona-en\/usune\/","og_site_name":"Mari\u00e9e Parisienne","article_publisher":"https:\/\/www.facebook.com\/lamarieeparisienne","article_modified_time":"2025-12-12T10:57:49+00:00","og_image":[{"width":1536,"height":1920,"url":"https:\/\/www.marieeparisienne.com\/wp-content\/uploads\/2017\/09\/USUNE-b.jpg","type":"image\/jpeg"}],"twitter_card":"summary_large_image","twitter_site":"@Marieeparisienn","schema":{"@context":"https:\/\/schema.org","@graph":[{"@type":["WebPage","SearchResultsPage"],"@id":"https:\/\/www.marieeparisienne.com\/en\/wedding-dress\/aire-barcelona-en\/usune\/","url":"https:\/\/www.marieeparisienne.com\/en\/wedding-dress\/aire-barcelona-en\/usune\/","name":"Usune Wedding Dress Aire Beach Collection 2018","isPartOf":{"@id":"https:\/\/www.marieeparisienne.com\/en\/#website"},"primaryImageOfPage":{"@id":"https:\/\/www.marieeparisienne.com\/en\/wedding-dress\/aire-barcelona-en\/usune\/#primaryimage"},"image":{"@id":"https:\/\/www.marieeparisienne.com\/en\/wedding-dress\/aire-barcelona-en\/usune\/#primaryimage"},"thumbnailUrl":"https:\/\/www.marieeparisienne.com\/wp-content\/uploads\/2017\/09\/USUNE-b.jpg","datePublished":"2017-09-11T18:06:18+00:00","dateModified":"2025-12-12T10:57:49+00:00","description":"Usune Wedding Dress Aire Beach Collection 2018: A-line wedding dress, lace, backlace.","breadcrumb":{"@id":"https:\/\/www.marieeparisienne.com\/en\/wedding-dress\/aire-barcelona-en\/usune\/#breadcrumb"},"inLanguage":"en-US","potentialAction":[{"@type":"ReadAction","target":["https:\/\/www.marieeparisienne.com\/en\/wedding-dress\/aire-barcelona-en\/usune\/"]}]},{"@type":"ImageObject","inLanguage":"en-US","@id":"https:\/\/www.marieeparisienne.com\/en\/wedding-dress\/aire-barcelona-en\/usune\/#primaryimage","url":"https:\/\/www.marieeparisienne.com\/wp-content\/uploads\/2017\/09\/USUNE-b.jpg","contentUrl":"https:\/\/www.marieeparisienne.com\/wp-content\/uploads\/2017\/09\/USUNE-b.jpg","width":1536,"height":1920,"caption":"Usune Wedding Dress Aire Beach Collection 2018"},{"@type":"BreadcrumbList","@id":"https:\/\/www.marieeparisienne.com\/en\/wedding-dress\/aire-barcelona-en\/usune\/#breadcrumb","itemListElement":[{"@type":"ListItem","position":1,"name":"Accueil","item":"https:\/\/www.marieeparisienne.com\/en\/"},{"@type":"ListItem","position":2,"name":"ALL OUR WEDDING DRESSES","item":"https:\/\/www.marieeparisienne.com\/en\/wedding-dresses-in-our-boutique\/"},{"@type":"ListItem","position":3,"name":"USUNE"}]},{"@type":"WebSite","@id":"https:\/\/www.marieeparisienne.com\/en\/#website","url":"https:\/\/www.marieeparisienne.com\/en\/","name":"Mari\u00e9e Parisienne","description":"Robes de mari\u00e9e \u00e0 Paris","publisher":{"@id":"https:\/\/www.marieeparisienne.com\/en\/#organization"},"potentialAction":[{"@type":"SearchAction","target":{"@type":"EntryPoint","urlTemplate":"https:\/\/www.marieeparisienne.com\/en\/?s={search_term_string}"},"query-input":{"@type":"PropertyValueSpecification","valueRequired":true,"valueName":"search_term_string"}}],"inLanguage":"en-US"},{"@type":["Organization","Place","ClothingStore"],"@id":"https:\/\/www.marieeparisienne.com\/en\/#organization","name":"La Mari\u00e9e Parisienne","url":"https:\/\/www.marieeparisienne.com\/en\/","logo":{"@id":"https:\/\/www.marieeparisienne.com\/en\/wedding-dress\/aire-barcelona-en\/usune\/#local-main-organization-logo"},"image":{"@id":"https:\/\/www.marieeparisienne.com\/en\/wedding-dress\/aire-barcelona-en\/usune\/#local-main-organization-logo"},"sameAs":["https:\/\/www.facebook.com\/lamarieeparisienne","https:\/\/x.com\/Marieeparisienn","https:\/\/www.instagram.com\/marieeparisienne\/","https:\/\/www.youtube.com\/channel\/UCxpH1JURfOaIgDbNXvJkRtw\/videos?view_as=subscriber"],"description":"Mari\u00e9e Parisienne est une boutique de robes de mari\u00e9e \u00e0 Paris proposant une large s\u00e9lection de robes de mari\u00e9e, robes de cocktail et accessoires de grandes marques europ\u00e9ennes et de cr\u00e9ateurs internationaux. Avec son atelier de retouches sur place, ses conseill\u00e8res stylistes sp\u00e9cialis\u00e9es et ses couturi\u00e8res professionnelles, la boutique accompagne chaque future mari\u00e9e de fa\u00e7on personnalis\u00e9e jusqu\u2019au jour du mariage","legalName":"Maycole","foundingDate":"2007-05-18","numberOfEmployees":{"@type":"QuantitativeValue","minValue":"1","maxValue":"10"},"address":{"@id":"https:\/\/www.marieeparisienne.com\/en\/wedding-dress\/aire-barcelona-en\/usune\/#local-main-place-address"},"geo":{"@type":"GeoCoordinates","latitude":"48.840653073720475","longitude":"2.299663726215935"},"telephone":["+33155438075"],"openingHoursSpecification":[{"@type":"OpeningHoursSpecification","dayOfWeek":["Monday","Tuesday","Wednesday","Thursday","Friday"],"opens":"11:00","closes":"19:00"},{"@type":"OpeningHoursSpecification","dayOfWeek":["Saturday"],"opens":"10:00","closes":"19:00"},{"@type":"OpeningHoursSpecification","dayOfWeek":["Sunday"],"opens":"00:00","closes":"00:00"}],"email":"contact@marieeparisienne.com","areaServed":"Paris, \u00cele-de-France, France","vatID":"FR84498025378","taxID":"49802537800023","priceRange":"$$$$","currenciesAccepted":"EUR","paymentAccepted":"Esp\u00e8ces, Visa, Mastercard, Virement bancaire, Ch\u00e8que"},{"@type":"PostalAddress","@id":"https:\/\/www.marieeparisienne.com\/en\/wedding-dress\/aire-barcelona-en\/usune\/#local-main-place-address","streetAddress":"97 rue Blomet","addressLocality":"Paris","postalCode":"75015","addressCountry":"FR"},{"@type":"ImageObject","inLanguage":"en-US","@id":"https:\/\/www.marieeparisienne.com\/en\/wedding-dress\/aire-barcelona-en\/usune\/#local-main-organization-logo","url":"https:\/\/www.marieeparisienne.com\/wp-content\/uploads\/2018\/02\/logo-Mp.jpg","contentUrl":"https:\/\/www.marieeparisienne.com\/wp-content\/uploads\/2018\/02\/logo-Mp.jpg","width":1070,"height":1513,"caption":"La Mari\u00e9e Parisienne"}]},"geo.placename":"Paris","geo.position":{"lat":"48.840653073720475","long":"2.299663726215935"},"geo.region":"France"},"_links":{"self":[{"href":"https:\/\/www.marieeparisienne.com\/en\/wp-json\/wp\/v2\/product\/2451","targetHints":{"allow":["GET"]}}],"collection":[{"href":"https:\/\/www.marieeparisienne.com\/en\/wp-json\/wp\/v2\/product"}],"about":[{"href":"https:\/\/www.marieeparisienne.com\/en\/wp-json\/wp\/v2\/types\/product"}],"version-history":[{"count":1,"href":"https:\/\/www.marieeparisienne.com\/en\/wp-json\/wp\/v2\/product\/2451\/revisions"}],"predecessor-version":[{"id":28190,"href":"https:\/\/www.marieeparisienne.com\/en\/wp-json\/wp\/v2\/product\/2451\/revisions\/28190"}],"wp:featuredmedia":[{"embeddable":true,"href":"https:\/\/www.marieeparisienne.com\/en\/wp-json\/wp\/v2\/media\/2454"}],"wp:attachment":[{"href":"https:\/\/www.marieeparisienne.com\/en\/wp-json\/wp\/v2\/media?parent=2451"}],"wp:term":[{"taxonomy":"product_brand","embeddable":true,"href":"https:\/\/www.marieeparisienne.com\/en\/wp-json\/wp\/v2\/product_brand?post=2451"},{"taxonomy":"product_cat","embeddable":true,"href":"https:\/\/www.marieeparisienne.com\/en\/wp-json\/wp\/v2\/product_cat?post=2451"},{"taxonomy":"product_tag","embeddable":true,"href":"https:\/\/www.marieeparisienne.com\/en\/wp-json\/wp\/v2\/product_tag?post=2451"}],"curies":[{"name":"wp","href":"https:\/\/api.w.org\/{rel}","templated":true}]}}