{"id":24877,"date":"2024-08-26T15:48:31","date_gmt":"2024-08-26T13:48:31","guid":{"rendered":"https:\/\/www.marieeparisienne.com\/?post_type=product&#038;p=24877"},"modified":"2024-08-26T16:15:49","modified_gmt":"2024-08-26T14:15:49","slug":"eufeme","status":"publish","type":"product","link":"https:\/\/www.marieeparisienne.com\/en\/wedding-dress\/pronovias-en\/eufeme\/","title":{"rendered":"EUFEME"},"content":{"rendered":"<p><img decoding=\"async\" class=\"wp-image-21322 size-medium alignright\" src=\"https:\/\/www.marieeparisienne.com\/wp-content\/uploads\/2022\/09\/LOGO_PRONOVIAS_BLACK-300x117.png\" alt=\"LOGO_PRONOVIAS_BLACK\" width=\"300\" height=\"117\" srcset=\"https:\/\/www.marieeparisienne.com\/wp-content\/uploads\/2022\/09\/LOGO_PRONOVIAS_BLACK-300x117.png 300w, https:\/\/www.marieeparisienne.com\/wp-content\/uploads\/2022\/09\/LOGO_PRONOVIAS_BLACK-600x235.png 600w, https:\/\/www.marieeparisienne.com\/wp-content\/uploads\/2022\/09\/LOGO_PRONOVIAS_BLACK-1024x401.png 1024w, https:\/\/www.marieeparisienne.com\/wp-content\/uploads\/2022\/09\/LOGO_PRONOVIAS_BLACK-768x300.png 768w, https:\/\/www.marieeparisienne.com\/wp-content\/uploads\/2022\/09\/LOGO_PRONOVIAS_BLACK-1536x601.png 1536w, https:\/\/www.marieeparisienne.com\/wp-content\/uploads\/2022\/09\/LOGO_PRONOVIAS_BLACK-2048x801.png 2048w, https:\/\/www.marieeparisienne.com\/wp-content\/uploads\/2022\/09\/LOGO_PRONOVIAS_BLACK-1612x631.png 1612w, https:\/\/www.marieeparisienne.com\/wp-content\/uploads\/2022\/09\/LOGO_PRONOVIAS_BLACK-1116x437.png 1116w, https:\/\/www.marieeparisienne.com\/wp-content\/uploads\/2022\/09\/LOGO_PRONOVIAS_BLACK-806x315.png 806w, https:\/\/www.marieeparisienne.com\/wp-content\/uploads\/2022\/09\/LOGO_PRONOVIAS_BLACK-558x218.png 558w, https:\/\/www.marieeparisienne.com\/wp-content\/uploads\/2022\/09\/LOGO_PRONOVIAS_BLACK-655x256.png 655w, https:\/\/www.marieeparisienne.com\/wp-content\/uploads\/2022\/09\/LOGO_PRONOVIAS_BLACK-1320x516.png 1320w\" sizes=\"(max-width: 300px) 100vw, 300px\" \/>EUFEME Wedding Dress.<\/p>\n<p>&nbsp;<\/p>\n<div id=\"description\" class=\"data item content\" role=\"tabpanel\" data-role=\"content\" aria-labelledby=\"tab-label-description\" aria-hidden=\"false\">\n<div class=\"product attribute description\">\n<div id=\"description\" class=\"data item content\" role=\"tabpanel\" data-role=\"content\" aria-labelledby=\"tab-label-description\" aria-hidden=\"false\">\n<div class=\"product attribute description\">\n<div id=\"description\" class=\"data item content\" role=\"tabpanel\" data-role=\"content\" aria-labelledby=\"tab-label-description\" aria-hidden=\"false\">\n<div class=\"product attribute description\">\n<div id=\"description\" class=\"data item content\" role=\"tabpanel\" data-role=\"content\" aria-labelledby=\"tab-label-description\" aria-hidden=\"false\">\n<div class=\"product attribute description\">\n<div id=\"description\" class=\"data item content\" role=\"tabpanel\" data-role=\"content\" aria-labelledby=\"tab-label-description\" aria-hidden=\"false\">\n<div class=\"product attribute description\">\n<div id=\"description\" class=\"data item content\" role=\"tabpanel\" data-role=\"content\" aria-labelledby=\"tab-label-description\" aria-hidden=\"false\">\n<div class=\"product attribute description\">\n<div id=\"description\" class=\"data item content\" role=\"tabpanel\" data-role=\"content\" aria-labelledby=\"tab-label-description\" aria-hidden=\"false\">\n<div class=\"product attribute description\">\n<div id=\"tw-target-text-container\" class=\"tw-ta-container F0azHf tw-nfl\" tabindex=\"0\">\n<p id=\"tw-target-text\" class=\"tw-data-text tw-text-large tw-ta\" dir=\"ltr\" data-placeholder=\"Traduction\">This long, minimalist-inspired design exudes an air of romantic simplicity. The sleeveless bodice features a U-shaped neckline, which is also present on the back, and ends with a fitted waist to accentuate the fluidity of the skirt. The overskirt is slit at the front and finishes with a cathedral train.<\/p>\n<\/div>\n<p class=\"value p--no-format\">\n<\/div>\n<\/div>\n<p>&nbsp;<\/p>\n<\/div>\n<\/div>\n<div id=\"tab-label-additional\" class=\"data item title\" tabindex=\"0\" role=\"tab\" aria-labelledby=\"tab-label-additional-title\" data-role=\"collapsible\" data-collapsible=\"true\" aria-controls=\"additional\" aria-selected=\"false\" aria-expanded=\"false\"><\/div>\n<\/div>\n<\/div>\n<\/div>\n<\/div>\n<\/div>\n<\/div>\n<\/div>\n<\/div>\n<\/div>\n<\/div>\n<div tabindex=\"0\" role=\"tab\" aria-labelledby=\"tab-label-additional-title\" data-role=\"collapsible\" data-collapsible=\"true\" aria-controls=\"additional\" aria-selected=\"false\" aria-expanded=\"false\"><\/div>\n<div id=\"description\" class=\"data item content\" role=\"tabpanel\" data-role=\"content\" aria-labelledby=\"tab-label-description\" aria-hidden=\"false\">\n<div class=\"product attribute description\">\n<div id=\"description\" class=\"data item content\" role=\"tabpanel\" data-role=\"content\" aria-labelledby=\"tab-label-description\" aria-hidden=\"false\">\n<div class=\"product attribute description\">\n<div tabindex=\"0\" role=\"tab\" aria-labelledby=\"tab-label-additional-title\" data-role=\"collapsible\" data-collapsible=\"true\" aria-controls=\"additional\" aria-selected=\"false\" aria-expanded=\"false\"><\/div>\n<div tabindex=\"0\" role=\"tab\" aria-labelledby=\"tab-label-additional-title\" data-role=\"collapsible\" data-collapsible=\"true\" aria-controls=\"additional\" aria-selected=\"false\" aria-expanded=\"false\"><\/div>\n<div class=\"data item title\" tabindex=\"0\" role=\"tab\" aria-labelledby=\"tab-label-additional-title\" data-role=\"collapsible\" data-collapsible=\"true\" aria-controls=\"additional\" aria-selected=\"false\" aria-expanded=\"false\"><strong style=\"color: #000000;\">PRONOVIAS WEDDING DRESS<\/strong><\/div>\n<\/div>\n<\/div>\n<\/div>\n<\/div>\n<h3><\/h3>\n","protected":false},"excerpt":{"rendered":"<p><img decoding=\"async\" class=\"wp-image-21321 size-medium alignright\" src=\"https:\/\/www.marieeparisienne.com\/wp-content\/uploads\/2022\/09\/LOGO_PRONOVIAS_BLACK-300x117.png\" alt=\"LOGO_PRONOVIAS_BLACK\" width=\"300\" height=\"117\" srcset=\"https:\/\/www.marieeparisienne.com\/wp-content\/uploads\/2022\/09\/LOGO_PRONOVIAS_BLACK-300x117.png 300w, https:\/\/www.marieeparisienne.com\/wp-content\/uploads\/2022\/09\/LOGO_PRONOVIAS_BLACK-600x235.png 600w, https:\/\/www.marieeparisienne.com\/wp-content\/uploads\/2022\/09\/LOGO_PRONOVIAS_BLACK-768x301.png 768w, https:\/\/www.marieeparisienne.com\/wp-content\/uploads\/2022\/09\/LOGO_PRONOVIAS_BLACK-1024x401.png 1024w, https:\/\/www.marieeparisienne.com\/wp-content\/uploads\/2022\/09\/LOGO_PRONOVIAS_BLACK-1536x601.png 1536w, https:\/\/www.marieeparisienne.com\/wp-content\/uploads\/2022\/09\/LOGO_PRONOVIAS_BLACK-2048x802.png 2048w, https:\/\/www.marieeparisienne.com\/wp-content\/uploads\/2022\/09\/LOGO_PRONOVIAS_BLACK-1320x517.png 1320w, https:\/\/www.marieeparisienne.com\/wp-content\/uploads\/2022\/09\/LOGO_PRONOVIAS_BLACK-1612x631.png 1612w, https:\/\/www.marieeparisienne.com\/wp-content\/uploads\/2022\/09\/LOGO_PRONOVIAS_BLACK-1116x437.png 1116w, https:\/\/www.marieeparisienne.com\/wp-content\/uploads\/2022\/09\/LOGO_PRONOVIAS_BLACK-806x315.png 806w, https:\/\/www.marieeparisienne.com\/wp-content\/uploads\/2022\/09\/LOGO_PRONOVIAS_BLACK-558x218.png 558w, https:\/\/www.marieeparisienne.com\/wp-content\/uploads\/2022\/09\/LOGO_PRONOVIAS_BLACK-655x256.png 655w\" sizes=\"(max-width: 300px) 100vw, 300px\" \/><\/p>\n<h4><\/h4>\n<h4>A-line wedding dress, chiffon, satin, crepe, round neck, sleeveless.<\/h4>\n<div id=\"description\" class=\"data item content\" role=\"tabpanel\" data-role=\"content\" aria-labelledby=\"tab-label-description\" aria-hidden=\"false\">\n<p>&nbsp;<\/p>\n<div class=\"product attribute description\">\n<p>[vc_row][vc_column][vc_btn title=&#8221;Book an Appointment&#8221; color=&#8221;inverse&#8221; size=&#8221;lg&#8221; align=&#8221;left&#8221; i_icon_fontawesome=&#8221;fa fa-hand-pointer-o&#8221; add_icon=&#8221;true&#8221; link=&#8221;url:https%3A%2F%2Fwww.marieeparisienne.com%2Fen\/contact%2F|||&#8221;][\/vc_column][\/vc_row]<\/p>\n<\/div>\n<\/div>\n","protected":false},"featured_media":24881,"template":"","meta":{"_acf_changed":false},"product_brand":[],"product_cat":[241],"product_tag":[92,90,88,107,97,314,303,118,215,89],"class_list":{"0":"post-24877","1":"product","2":"type-product","3":"status-publish","4":"has-post-thumbnail","6":"product_cat-pronovias-en","7":"product_tag-1600e-a-2100e-en","8":"product_tag-a-line","9":"product_tag-bohemian","10":"product_tag-chiffon","11":"product_tag-crepe-en","12":"product_tag-minimalist","13":"product_tag-round-neckline","14":"product_tag-satin-en","15":"product_tag-sleeveless","16":"product_tag-straps","18":"first","19":"outofstock","20":"shipping-taxable","21":"product-type-simple"},"acf":[],"yoast_head":"<!-- This site is optimized with the Yoast SEO Premium plugin v27.4 (Yoast SEO v27.4) - https:\/\/yoast.com\/product\/yoast-seo-premium-wordpress\/ -->\n<title>EUFEME Wedding Dress Pronovias collection 2025| Boutique Paris<\/title>\n<meta name=\"description\" content=\"EUFEME wedding dress Dress Pronovias collection 2025| A-line wedding dress, chiffon, satin, crepe round neck, sleeveless.\" \/>\n<meta name=\"robots\" content=\"index, follow, max-snippet:-1, max-image-preview:large, max-video-preview:-1\" \/>\n<link rel=\"canonical\" href=\"https:\/\/www.marieeparisienne.com\/en\/wedding-dress\/pronovias-en\/eufeme\/\" \/>\n<meta property=\"og:locale\" content=\"en_US\" \/>\n<meta property=\"og:type\" content=\"article\" \/>\n<meta property=\"og:title\" content=\"EUFEME\" \/>\n<meta property=\"og:description\" content=\"EUFEME wedding dress Dress Pronovias collection 2025| A-line wedding dress, chiffon, satin, crepe round neck, sleeveless.\" \/>\n<meta property=\"og:url\" content=\"https:\/\/www.marieeparisienne.com\/en\/wedding-dress\/pronovias-en\/eufeme\/\" \/>\n<meta property=\"og:site_name\" content=\"Mari\u00e9e Parisienne\" \/>\n<meta property=\"article:publisher\" content=\"https:\/\/www.facebook.com\/lamarieeparisienne\" \/>\n<meta property=\"article:modified_time\" content=\"2024-08-26T14:15:49+00:00\" \/>\n<meta property=\"og:image\" content=\"https:\/\/www.marieeparisienne.com\/wp-content\/uploads\/2024\/08\/EUFEME-B-scaled.jpg\" \/>\n\t<meta property=\"og:image:width\" content=\"1810\" \/>\n\t<meta property=\"og:image:height\" content=\"2560\" \/>\n\t<meta property=\"og:image:type\" content=\"image\/jpeg\" \/>\n<meta name=\"twitter:card\" content=\"summary_large_image\" \/>\n<meta name=\"twitter:site\" content=\"@Marieeparisienn\" \/>\n<script type=\"application\/ld+json\" class=\"yoast-schema-graph\">{\"@context\":\"https:\\\/\\\/schema.org\",\"@graph\":[{\"@type\":[\"WebPage\",\"SearchResultsPage\"],\"@id\":\"https:\\\/\\\/www.marieeparisienne.com\\\/en\\\/wedding-dress\\\/pronovias-en\\\/eufeme\\\/\",\"url\":\"https:\\\/\\\/www.marieeparisienne.com\\\/en\\\/wedding-dress\\\/pronovias-en\\\/eufeme\\\/\",\"name\":\"EUFEME Wedding Dress Pronovias collection 2025| Boutique Paris\",\"isPartOf\":{\"@id\":\"https:\\\/\\\/www.marieeparisienne.com\\\/en\\\/#website\"},\"primaryImageOfPage\":{\"@id\":\"https:\\\/\\\/www.marieeparisienne.com\\\/en\\\/wedding-dress\\\/pronovias-en\\\/eufeme\\\/#primaryimage\"},\"image\":{\"@id\":\"https:\\\/\\\/www.marieeparisienne.com\\\/en\\\/wedding-dress\\\/pronovias-en\\\/eufeme\\\/#primaryimage\"},\"thumbnailUrl\":\"https:\\\/\\\/www.marieeparisienne.com\\\/wp-content\\\/uploads\\\/2024\\\/08\\\/EUFEME-B-scaled.jpg\",\"datePublished\":\"2024-08-26T13:48:31+00:00\",\"dateModified\":\"2024-08-26T14:15:49+00:00\",\"description\":\"EUFEME wedding dress Dress Pronovias collection 2025| A-line wedding dress, chiffon, satin, crepe round neck, sleeveless.\",\"breadcrumb\":{\"@id\":\"https:\\\/\\\/www.marieeparisienne.com\\\/en\\\/wedding-dress\\\/pronovias-en\\\/eufeme\\\/#breadcrumb\"},\"inLanguage\":\"en-US\",\"potentialAction\":[{\"@type\":\"ReadAction\",\"target\":[\"https:\\\/\\\/www.marieeparisienne.com\\\/en\\\/wedding-dress\\\/pronovias-en\\\/eufeme\\\/\"]}]},{\"@type\":\"ImageObject\",\"inLanguage\":\"en-US\",\"@id\":\"https:\\\/\\\/www.marieeparisienne.com\\\/en\\\/wedding-dress\\\/pronovias-en\\\/eufeme\\\/#primaryimage\",\"url\":\"https:\\\/\\\/www.marieeparisienne.com\\\/wp-content\\\/uploads\\\/2024\\\/08\\\/EUFEME-B-scaled.jpg\",\"contentUrl\":\"https:\\\/\\\/www.marieeparisienne.com\\\/wp-content\\\/uploads\\\/2024\\\/08\\\/EUFEME-B-scaled.jpg\",\"width\":1810,\"height\":2560,\"caption\":\"EUFEME Wedding Dress Pronovias collection 2025| Boutique Paris\"},{\"@type\":\"BreadcrumbList\",\"@id\":\"https:\\\/\\\/www.marieeparisienne.com\\\/en\\\/wedding-dress\\\/pronovias-en\\\/eufeme\\\/#breadcrumb\",\"itemListElement\":[{\"@type\":\"ListItem\",\"position\":1,\"name\":\"Accueil\",\"item\":\"https:\\\/\\\/www.marieeparisienne.com\\\/en\\\/\"},{\"@type\":\"ListItem\",\"position\":2,\"name\":\"ALL OUR WEDDING DRESSES\",\"item\":\"https:\\\/\\\/www.marieeparisienne.com\\\/en\\\/wedding-dresses-in-our-boutique\\\/\"},{\"@type\":\"ListItem\",\"position\":3,\"name\":\"EUFEME\"}]},{\"@type\":\"WebSite\",\"@id\":\"https:\\\/\\\/www.marieeparisienne.com\\\/en\\\/#website\",\"url\":\"https:\\\/\\\/www.marieeparisienne.com\\\/en\\\/\",\"name\":\"Mari\u00e9e Parisienne\",\"description\":\"Robes de mari\u00e9e \u00e0 Paris\",\"publisher\":{\"@id\":\"https:\\\/\\\/www.marieeparisienne.com\\\/en\\\/#organization\"},\"potentialAction\":[{\"@type\":\"SearchAction\",\"target\":{\"@type\":\"EntryPoint\",\"urlTemplate\":\"https:\\\/\\\/www.marieeparisienne.com\\\/en\\\/?s={search_term_string}\"},\"query-input\":{\"@type\":\"PropertyValueSpecification\",\"valueRequired\":true,\"valueName\":\"search_term_string\"}}],\"inLanguage\":\"en-US\"},{\"@type\":[\"Organization\",\"Place\",\"ClothingStore\"],\"@id\":\"https:\\\/\\\/www.marieeparisienne.com\\\/en\\\/#organization\",\"name\":\"La Mari\u00e9e Parisienne\",\"url\":\"https:\\\/\\\/www.marieeparisienne.com\\\/en\\\/\",\"logo\":{\"@id\":\"https:\\\/\\\/www.marieeparisienne.com\\\/en\\\/wedding-dress\\\/pronovias-en\\\/eufeme\\\/#local-main-organization-logo\"},\"image\":{\"@id\":\"https:\\\/\\\/www.marieeparisienne.com\\\/en\\\/wedding-dress\\\/pronovias-en\\\/eufeme\\\/#local-main-organization-logo\"},\"sameAs\":[\"https:\\\/\\\/www.facebook.com\\\/lamarieeparisienne\",\"https:\\\/\\\/x.com\\\/Marieeparisienn\",\"https:\\\/\\\/www.instagram.com\\\/marieeparisienne\\\/\",\"https:\\\/\\\/www.youtube.com\\\/channel\\\/UCxpH1JURfOaIgDbNXvJkRtw\\\/videos?view_as=subscriber\"],\"description\":\"Mari\u00e9e Parisienne est une boutique de robes de mari\u00e9e \u00e0 Paris proposant une large s\u00e9lection de robes de mari\u00e9e, robes de cocktail et accessoires de grandes marques europ\u00e9ennes et de cr\u00e9ateurs internationaux. Avec son atelier de retouches sur place, ses conseill\u00e8res stylistes sp\u00e9cialis\u00e9es et ses couturi\u00e8res professionnelles, la boutique accompagne chaque future mari\u00e9e de fa\u00e7on personnalis\u00e9e jusqu\u2019au jour du mariage\",\"legalName\":\"Maycole\",\"foundingDate\":\"2007-05-18\",\"numberOfEmployees\":{\"@type\":\"QuantitativeValue\",\"minValue\":\"1\",\"maxValue\":\"10\"},\"address\":{\"@id\":\"https:\\\/\\\/www.marieeparisienne.com\\\/en\\\/wedding-dress\\\/pronovias-en\\\/eufeme\\\/#local-main-place-address\"},\"geo\":{\"@type\":\"GeoCoordinates\",\"latitude\":\"48.840653073720475\",\"longitude\":\"2.299663726215935\"},\"telephone\":[\"+33155438075\"],\"openingHoursSpecification\":[{\"@type\":\"OpeningHoursSpecification\",\"dayOfWeek\":[\"Monday\",\"Tuesday\",\"Wednesday\",\"Thursday\",\"Friday\"],\"opens\":\"11:00\",\"closes\":\"19:00\"},{\"@type\":\"OpeningHoursSpecification\",\"dayOfWeek\":[\"Saturday\"],\"opens\":\"10:00\",\"closes\":\"19:00\"},{\"@type\":\"OpeningHoursSpecification\",\"dayOfWeek\":[\"Sunday\"],\"opens\":\"00:00\",\"closes\":\"00:00\"}],\"email\":\"contact@marieeparisienne.com\",\"areaServed\":\"Paris, \u00cele-de-France, France\",\"vatID\":\"FR84498025378\",\"taxID\":\"49802537800023\",\"priceRange\":\"$$$$\",\"currenciesAccepted\":\"EUR\",\"paymentAccepted\":\"Esp\u00e8ces, Visa, Mastercard, Virement bancaire, Ch\u00e8que\"},{\"@type\":\"PostalAddress\",\"@id\":\"https:\\\/\\\/www.marieeparisienne.com\\\/en\\\/wedding-dress\\\/pronovias-en\\\/eufeme\\\/#local-main-place-address\",\"streetAddress\":\"97 rue Blomet\",\"addressLocality\":\"Paris\",\"postalCode\":\"75015\",\"addressCountry\":\"FR\"},{\"@type\":\"ImageObject\",\"inLanguage\":\"en-US\",\"@id\":\"https:\\\/\\\/www.marieeparisienne.com\\\/en\\\/wedding-dress\\\/pronovias-en\\\/eufeme\\\/#local-main-organization-logo\",\"url\":\"https:\\\/\\\/www.marieeparisienne.com\\\/wp-content\\\/uploads\\\/2018\\\/02\\\/logo-Mp.jpg\",\"contentUrl\":\"https:\\\/\\\/www.marieeparisienne.com\\\/wp-content\\\/uploads\\\/2018\\\/02\\\/logo-Mp.jpg\",\"width\":1070,\"height\":1513,\"caption\":\"La Mari\u00e9e Parisienne\"}]}<\/script>\n<meta name=\"geo.placename\" content=\"Paris\" \/>\n<meta name=\"geo.position\" content=\"48.840653073720475;2.299663726215935\" \/>\n<meta name=\"geo.region\" content=\"France\" \/>\n<!-- \/ Yoast SEO Premium plugin. -->","yoast_head_json":{"title":"EUFEME Wedding Dress Pronovias collection 2025| Boutique Paris","description":"EUFEME wedding dress Dress Pronovias collection 2025| A-line wedding dress, chiffon, satin, crepe round neck, sleeveless.","robots":{"index":"index","follow":"follow","max-snippet":"max-snippet:-1","max-image-preview":"max-image-preview:large","max-video-preview":"max-video-preview:-1"},"canonical":"https:\/\/www.marieeparisienne.com\/en\/wedding-dress\/pronovias-en\/eufeme\/","og_locale":"en_US","og_type":"article","og_title":"EUFEME","og_description":"EUFEME wedding dress Dress Pronovias collection 2025| A-line wedding dress, chiffon, satin, crepe round neck, sleeveless.","og_url":"https:\/\/www.marieeparisienne.com\/en\/wedding-dress\/pronovias-en\/eufeme\/","og_site_name":"Mari\u00e9e Parisienne","article_publisher":"https:\/\/www.facebook.com\/lamarieeparisienne","article_modified_time":"2024-08-26T14:15:49+00:00","og_image":[{"width":1810,"height":2560,"url":"https:\/\/www.marieeparisienne.com\/wp-content\/uploads\/2024\/08\/EUFEME-B-scaled.jpg","type":"image\/jpeg"}],"twitter_card":"summary_large_image","twitter_site":"@Marieeparisienn","schema":{"@context":"https:\/\/schema.org","@graph":[{"@type":["WebPage","SearchResultsPage"],"@id":"https:\/\/www.marieeparisienne.com\/en\/wedding-dress\/pronovias-en\/eufeme\/","url":"https:\/\/www.marieeparisienne.com\/en\/wedding-dress\/pronovias-en\/eufeme\/","name":"EUFEME Wedding Dress Pronovias collection 2025| Boutique Paris","isPartOf":{"@id":"https:\/\/www.marieeparisienne.com\/en\/#website"},"primaryImageOfPage":{"@id":"https:\/\/www.marieeparisienne.com\/en\/wedding-dress\/pronovias-en\/eufeme\/#primaryimage"},"image":{"@id":"https:\/\/www.marieeparisienne.com\/en\/wedding-dress\/pronovias-en\/eufeme\/#primaryimage"},"thumbnailUrl":"https:\/\/www.marieeparisienne.com\/wp-content\/uploads\/2024\/08\/EUFEME-B-scaled.jpg","datePublished":"2024-08-26T13:48:31+00:00","dateModified":"2024-08-26T14:15:49+00:00","description":"EUFEME wedding dress Dress Pronovias collection 2025| A-line wedding dress, chiffon, satin, crepe round neck, sleeveless.","breadcrumb":{"@id":"https:\/\/www.marieeparisienne.com\/en\/wedding-dress\/pronovias-en\/eufeme\/#breadcrumb"},"inLanguage":"en-US","potentialAction":[{"@type":"ReadAction","target":["https:\/\/www.marieeparisienne.com\/en\/wedding-dress\/pronovias-en\/eufeme\/"]}]},{"@type":"ImageObject","inLanguage":"en-US","@id":"https:\/\/www.marieeparisienne.com\/en\/wedding-dress\/pronovias-en\/eufeme\/#primaryimage","url":"https:\/\/www.marieeparisienne.com\/wp-content\/uploads\/2024\/08\/EUFEME-B-scaled.jpg","contentUrl":"https:\/\/www.marieeparisienne.com\/wp-content\/uploads\/2024\/08\/EUFEME-B-scaled.jpg","width":1810,"height":2560,"caption":"EUFEME Wedding Dress Pronovias collection 2025| Boutique Paris"},{"@type":"BreadcrumbList","@id":"https:\/\/www.marieeparisienne.com\/en\/wedding-dress\/pronovias-en\/eufeme\/#breadcrumb","itemListElement":[{"@type":"ListItem","position":1,"name":"Accueil","item":"https:\/\/www.marieeparisienne.com\/en\/"},{"@type":"ListItem","position":2,"name":"ALL OUR WEDDING DRESSES","item":"https:\/\/www.marieeparisienne.com\/en\/wedding-dresses-in-our-boutique\/"},{"@type":"ListItem","position":3,"name":"EUFEME"}]},{"@type":"WebSite","@id":"https:\/\/www.marieeparisienne.com\/en\/#website","url":"https:\/\/www.marieeparisienne.com\/en\/","name":"Mari\u00e9e Parisienne","description":"Robes de mari\u00e9e \u00e0 Paris","publisher":{"@id":"https:\/\/www.marieeparisienne.com\/en\/#organization"},"potentialAction":[{"@type":"SearchAction","target":{"@type":"EntryPoint","urlTemplate":"https:\/\/www.marieeparisienne.com\/en\/?s={search_term_string}"},"query-input":{"@type":"PropertyValueSpecification","valueRequired":true,"valueName":"search_term_string"}}],"inLanguage":"en-US"},{"@type":["Organization","Place","ClothingStore"],"@id":"https:\/\/www.marieeparisienne.com\/en\/#organization","name":"La Mari\u00e9e Parisienne","url":"https:\/\/www.marieeparisienne.com\/en\/","logo":{"@id":"https:\/\/www.marieeparisienne.com\/en\/wedding-dress\/pronovias-en\/eufeme\/#local-main-organization-logo"},"image":{"@id":"https:\/\/www.marieeparisienne.com\/en\/wedding-dress\/pronovias-en\/eufeme\/#local-main-organization-logo"},"sameAs":["https:\/\/www.facebook.com\/lamarieeparisienne","https:\/\/x.com\/Marieeparisienn","https:\/\/www.instagram.com\/marieeparisienne\/","https:\/\/www.youtube.com\/channel\/UCxpH1JURfOaIgDbNXvJkRtw\/videos?view_as=subscriber"],"description":"Mari\u00e9e Parisienne est une boutique de robes de mari\u00e9e \u00e0 Paris proposant une large s\u00e9lection de robes de mari\u00e9e, robes de cocktail et accessoires de grandes marques europ\u00e9ennes et de cr\u00e9ateurs internationaux. Avec son atelier de retouches sur place, ses conseill\u00e8res stylistes sp\u00e9cialis\u00e9es et ses couturi\u00e8res professionnelles, la boutique accompagne chaque future mari\u00e9e de fa\u00e7on personnalis\u00e9e jusqu\u2019au jour du mariage","legalName":"Maycole","foundingDate":"2007-05-18","numberOfEmployees":{"@type":"QuantitativeValue","minValue":"1","maxValue":"10"},"address":{"@id":"https:\/\/www.marieeparisienne.com\/en\/wedding-dress\/pronovias-en\/eufeme\/#local-main-place-address"},"geo":{"@type":"GeoCoordinates","latitude":"48.840653073720475","longitude":"2.299663726215935"},"telephone":["+33155438075"],"openingHoursSpecification":[{"@type":"OpeningHoursSpecification","dayOfWeek":["Monday","Tuesday","Wednesday","Thursday","Friday"],"opens":"11:00","closes":"19:00"},{"@type":"OpeningHoursSpecification","dayOfWeek":["Saturday"],"opens":"10:00","closes":"19:00"},{"@type":"OpeningHoursSpecification","dayOfWeek":["Sunday"],"opens":"00:00","closes":"00:00"}],"email":"contact@marieeparisienne.com","areaServed":"Paris, \u00cele-de-France, France","vatID":"FR84498025378","taxID":"49802537800023","priceRange":"$$$$","currenciesAccepted":"EUR","paymentAccepted":"Esp\u00e8ces, Visa, Mastercard, Virement bancaire, Ch\u00e8que"},{"@type":"PostalAddress","@id":"https:\/\/www.marieeparisienne.com\/en\/wedding-dress\/pronovias-en\/eufeme\/#local-main-place-address","streetAddress":"97 rue Blomet","addressLocality":"Paris","postalCode":"75015","addressCountry":"FR"},{"@type":"ImageObject","inLanguage":"en-US","@id":"https:\/\/www.marieeparisienne.com\/en\/wedding-dress\/pronovias-en\/eufeme\/#local-main-organization-logo","url":"https:\/\/www.marieeparisienne.com\/wp-content\/uploads\/2018\/02\/logo-Mp.jpg","contentUrl":"https:\/\/www.marieeparisienne.com\/wp-content\/uploads\/2018\/02\/logo-Mp.jpg","width":1070,"height":1513,"caption":"La Mari\u00e9e Parisienne"}]},"geo.placename":"Paris","geo.position":{"lat":"48.840653073720475","long":"2.299663726215935"},"geo.region":"France"},"_links":{"self":[{"href":"https:\/\/www.marieeparisienne.com\/en\/wp-json\/wp\/v2\/product\/24877","targetHints":{"allow":["GET"]}}],"collection":[{"href":"https:\/\/www.marieeparisienne.com\/en\/wp-json\/wp\/v2\/product"}],"about":[{"href":"https:\/\/www.marieeparisienne.com\/en\/wp-json\/wp\/v2\/types\/product"}],"version-history":[{"count":0,"href":"https:\/\/www.marieeparisienne.com\/en\/wp-json\/wp\/v2\/product\/24877\/revisions"}],"wp:featuredmedia":[{"embeddable":true,"href":"https:\/\/www.marieeparisienne.com\/en\/wp-json\/wp\/v2\/media\/24881"}],"wp:attachment":[{"href":"https:\/\/www.marieeparisienne.com\/en\/wp-json\/wp\/v2\/media?parent=24877"}],"wp:term":[{"taxonomy":"product_brand","embeddable":true,"href":"https:\/\/www.marieeparisienne.com\/en\/wp-json\/wp\/v2\/product_brand?post=24877"},{"taxonomy":"product_cat","embeddable":true,"href":"https:\/\/www.marieeparisienne.com\/en\/wp-json\/wp\/v2\/product_cat?post=24877"},{"taxonomy":"product_tag","embeddable":true,"href":"https:\/\/www.marieeparisienne.com\/en\/wp-json\/wp\/v2\/product_tag?post=24877"}],"curies":[{"name":"wp","href":"https:\/\/api.w.org\/{rel}","templated":true}]}}