{"id":25040,"date":"2024-08-30T12:34:01","date_gmt":"2024-08-30T10:34:02","guid":{"rendered":"https:\/\/www.marieeparisienne.com\/?post_type=product&#038;p=25040"},"modified":"2025-04-30T18:03:46","modified_gmt":"2025-04-30T16:03:46","slug":"ikebana","status":"publish","type":"product","link":"https:\/\/www.marieeparisienne.com\/en\/wedding-dress\/white-one-en\/ikebana\/","title":{"rendered":"IKEBANA"},"content":{"rendered":"<p><img decoding=\"async\" class=\"wp-image-6891 size-medium alignright\" src=\"https:\/\/www.marieeparisienne.com\/wp-content\/uploads\/2019\/09\/LOGO_W1_NEGRO_TRANSPARENTE-300x132.png\" alt=\"Robe de Mari\u00e9e White One\" width=\"300\" height=\"132\" srcset=\"https:\/\/www.marieeparisienne.com\/wp-content\/uploads\/2019\/09\/LOGO_W1_NEGRO_TRANSPARENTE-300x132.png 300w, https:\/\/www.marieeparisienne.com\/wp-content\/uploads\/2019\/09\/LOGO_W1_NEGRO_TRANSPARENTE-600x265.png 600w, https:\/\/www.marieeparisienne.com\/wp-content\/uploads\/2019\/09\/LOGO_W1_NEGRO_TRANSPARENTE-1024x452.png 1024w, https:\/\/www.marieeparisienne.com\/wp-content\/uploads\/2019\/09\/LOGO_W1_NEGRO_TRANSPARENTE-768x339.png 768w, https:\/\/www.marieeparisienne.com\/wp-content\/uploads\/2019\/09\/LOGO_W1_NEGRO_TRANSPARENTE-1116x493.png 1116w, https:\/\/www.marieeparisienne.com\/wp-content\/uploads\/2019\/09\/LOGO_W1_NEGRO_TRANSPARENTE-806x356.png 806w, https:\/\/www.marieeparisienne.com\/wp-content\/uploads\/2019\/09\/LOGO_W1_NEGRO_TRANSPARENTE-558x246.png 558w, https:\/\/www.marieeparisienne.com\/wp-content\/uploads\/2019\/09\/LOGO_W1_NEGRO_TRANSPARENTE-655x289.png 655w, https:\/\/www.marieeparisienne.com\/wp-content\/uploads\/2019\/09\/LOGO_W1_NEGRO_TRANSPARENTE-1320x583.png 1320w, https:\/\/www.marieeparisienne.com\/wp-content\/uploads\/2019\/09\/LOGO_W1_NEGRO_TRANSPARENTE.png 1524w\" sizes=\"(max-width: 300px) 100vw, 300px\" \/>IKEBANA Wedding Dress<\/p>\n<p>&nbsp;<\/p>\n<div id=\"description\" class=\"data item content\" role=\"tabpanel\" data-role=\"content\" aria-labelledby=\"tab-label-description\" aria-hidden=\"false\">\n<div class=\"product attribute description\">\n<div id=\"description\" class=\"data item content\" role=\"tabpanel\" data-role=\"content\" aria-labelledby=\"tab-label-description\" aria-hidden=\"false\">\n<div class=\"product attribute description\">\n<div id=\"description\" class=\"data item content\" role=\"tabpanel\" data-role=\"content\" aria-labelledby=\"tab-label-description\" aria-hidden=\"false\">\n<div class=\"product attribute description\">\n<div id=\"description\" class=\"data item content\" role=\"tabpanel\" data-role=\"content\" aria-labelledby=\"tab-label-description\" aria-hidden=\"false\">\n<div class=\"product attribute description\">\n<div id=\"description\" class=\"data item content\" role=\"tabpanel\" data-role=\"content\" aria-labelledby=\"tab-label-description\" aria-hidden=\"false\">\n<div class=\"product attribute description\">\n<div id=\"description\" class=\"data item content\" role=\"tabpanel\" data-role=\"content\" aria-labelledby=\"tab-label-description\" aria-hidden=\"false\">\n<div class=\"product attribute description\">\n<div id=\"description\" class=\"data item content\" role=\"tabpanel\" data-role=\"content\" aria-labelledby=\"tab-label-description\" aria-hidden=\"false\">\n<div class=\"product attribute description\">\n<p class=\"value p--no-format\">IKEBANA captivates with its simple and delicate design. Made in classic mikado, it features a plunging V-neckline and wide straps that run all the way down the back to a large bow adorning the fitted waistband. The skirt, smooth like the rest of the design, has an A-line cut that flatters all figures and gives a dreamy air to the model.<\/p>\n<\/div>\n<\/div>\n<div id=\"tab-label-additional\" class=\"data item title\" tabindex=\"0\" role=\"tab\" aria-labelledby=\"tab-label-additional-title\" data-role=\"collapsible\" data-collapsible=\"true\" aria-controls=\"additional\" aria-selected=\"false\" aria-expanded=\"false\"><\/div>\n<\/div>\n<\/div>\n<\/div>\n<\/div>\n<div id=\"tab-label-additional\" class=\"data item title\" tabindex=\"0\" role=\"tab\" aria-labelledby=\"tab-label-additional-title\" data-role=\"collapsible\" data-collapsible=\"true\" aria-controls=\"additional\" aria-selected=\"false\" aria-expanded=\"false\"><\/div>\n<\/div>\n<\/div>\n<div id=\"tab-label-additional\" class=\"data item title\" tabindex=\"0\" role=\"tab\" aria-labelledby=\"tab-label-additional-title\" data-role=\"collapsible\" data-collapsible=\"true\" aria-controls=\"additional\" aria-selected=\"false\" aria-expanded=\"false\"><\/div>\n<\/div>\n<\/div>\n<\/div>\n<\/div>\n<div id=\"tab-label-additional\" class=\"data item title\" tabindex=\"0\" role=\"tab\" aria-labelledby=\"tab-label-additional-title\" data-role=\"collapsible\" data-collapsible=\"true\" aria-controls=\"additional\" aria-selected=\"false\" aria-expanded=\"false\"><\/div>\n<\/div>\n<\/div>\n<p>&nbsp;<\/p>\n<p>&nbsp;<\/p>\n<p>&nbsp;<\/p>\n<h2><span style=\"color: #000000;\"><strong>White One Wedding Dress\u00a0<\/strong><\/span><\/h2>\n<p><strong>White One\u00a0 is a brand of\u00a0<\/strong>\u00a0<strong>Pronovias Fashion Group.<\/strong><\/p>\n<p>&nbsp;<\/p>\n","protected":false},"excerpt":{"rendered":"<p><img decoding=\"async\" class=\"wp-image-6890 size-medium alignright\" src=\"https:\/\/www.marieeparisienne.com\/wp-content\/uploads\/2019\/09\/LOGO_W1_NEGRO_TRANSPARENTE-300x132.png\" alt=\"Robe de Mari\u00e9e White One\" width=\"300\" height=\"132\" srcset=\"https:\/\/www.marieeparisienne.com\/wp-content\/uploads\/2019\/09\/LOGO_W1_NEGRO_TRANSPARENTE-300x132.png 300w, https:\/\/www.marieeparisienne.com\/wp-content\/uploads\/2019\/09\/LOGO_W1_NEGRO_TRANSPARENTE-600x265.png 600w, https:\/\/www.marieeparisienne.com\/wp-content\/uploads\/2019\/09\/LOGO_W1_NEGRO_TRANSPARENTE-768x339.png 768w, https:\/\/www.marieeparisienne.com\/wp-content\/uploads\/2019\/09\/LOGO_W1_NEGRO_TRANSPARENTE-1024x452.png 1024w, https:\/\/www.marieeparisienne.com\/wp-content\/uploads\/2019\/09\/LOGO_W1_NEGRO_TRANSPARENTE-1320x583.png 1320w, https:\/\/www.marieeparisienne.com\/wp-content\/uploads\/2019\/09\/LOGO_W1_NEGRO_TRANSPARENTE-1116x493.png 1116w, https:\/\/www.marieeparisienne.com\/wp-content\/uploads\/2019\/09\/LOGO_W1_NEGRO_TRANSPARENTE-806x356.png 806w, https:\/\/www.marieeparisienne.com\/wp-content\/uploads\/2019\/09\/LOGO_W1_NEGRO_TRANSPARENTE-558x246.png 558w, https:\/\/www.marieeparisienne.com\/wp-content\/uploads\/2019\/09\/LOGO_W1_NEGRO_TRANSPARENTE-655x289.png 655w, https:\/\/www.marieeparisienne.com\/wp-content\/uploads\/2019\/09\/LOGO_W1_NEGRO_TRANSPARENTE.png 1524w\" sizes=\"(max-width: 300px) 100vw, 300px\" \/><\/p>\n<p>&nbsp;<\/p>\n<div class=\"product attribute overview\">\n<div id=\"description\" class=\"data item content\" role=\"tabpanel\" data-role=\"content\" aria-labelledby=\"tab-label-description\" aria-hidden=\"false\">\n<div class=\"product attribute description\">\n<div class=\"product attribute overview\">\n<div class=\"product attribute overview\">\n<div class=\"product attribute overview\">\n<div class=\"product attribute overview\">\n<h4 class=\"value\">Sleeveless A-line wedding dress, mikado, V-neck, straps.<\/h4>\n<h4 class=\"value\">Sale on Sample model.<\/h4>\n<\/div>\n<\/div>\n<div class=\"buttons-container bridal-buttons\"><\/div>\n<\/div>\n<\/div>\n<\/div>\n<\/div>\n<\/div>\n<p>&nbsp;<\/p>\n<p>[vc_row][vc_column][vc_btn title=&#8221;Book an Appointment&#8221; color=&#8221;inverse&#8221; size=&#8221;lg&#8221; align=&#8221;left&#8221; i_icon_fontawesome=&#8221;fa fa-hand-pointer-o&#8221; add_icon=&#8221;true&#8221; link=&#8221;url:https%3A%2F%2Fwww.marieeparisienne.com%2Fen\/contact%2F|||&#8221;][\/vc_column][\/vc_row]<\/p>\n","protected":false},"featured_media":25042,"template":"","meta":{"_acf_changed":false},"product_brand":[],"product_cat":[128],"product_tag":[91,92,90,109,129,215,89,100],"class_list":{"0":"post-25040","1":"product","2":"type-product","3":"status-publish","4":"has-post-thumbnail","6":"product_cat-white-one-en","7":"product_tag-1100e-a-1600e-en","8":"product_tag-1600e-a-2100e-en","9":"product_tag-a-line","10":"product_tag-long-sleeves","11":"product_tag-sale","12":"product_tag-sleeveless","13":"product_tag-straps","14":"product_tag-v-neck","16":"first","17":"instock","18":"sale","19":"shipping-taxable","20":"purchasable","21":"product-type-simple"},"acf":[],"yoast_head":"<!-- This site is optimized with the Yoast SEO Premium plugin v27.4 (Yoast SEO v27.4) - https:\/\/yoast.com\/product\/yoast-seo-premium-wordpress\/ -->\n<title>IKEBANA Wedding Dress White one Collection 2025 Paris Boutique<\/title>\n<meta name=\"description\" content=\"IKEBANA Wedding Dress White one Collection 2025 Paris Boutique: Sleeveless A-line wedding dress, mikado, V-neck, straps.\" \/>\n<meta name=\"robots\" content=\"index, follow, max-snippet:-1, max-image-preview:large, max-video-preview:-1\" \/>\n<link rel=\"canonical\" href=\"https:\/\/www.marieeparisienne.com\/en\/wedding-dress\/white-one-en\/ikebana\/\" \/>\n<meta property=\"og:locale\" content=\"en_US\" \/>\n<meta property=\"og:type\" content=\"article\" \/>\n<meta property=\"og:title\" content=\"IKEBANA\" \/>\n<meta property=\"og:description\" content=\"IKEBANA Wedding Dress White one Collection 2025 Paris Boutique: Sleeveless A-line wedding dress, mikado, V-neck, straps.\" \/>\n<meta property=\"og:url\" content=\"https:\/\/www.marieeparisienne.com\/en\/wedding-dress\/white-one-en\/ikebana\/\" \/>\n<meta property=\"og:site_name\" content=\"Mari\u00e9e Parisienne\" \/>\n<meta property=\"article:publisher\" content=\"https:\/\/www.facebook.com\/lamarieeparisienne\" \/>\n<meta property=\"article:modified_time\" content=\"2025-04-30T16:03:46+00:00\" \/>\n<meta property=\"og:image\" content=\"https:\/\/www.marieeparisienne.com\/wp-content\/uploads\/2024\/08\/IKEBANA-B1-scaled.jpg\" \/>\n\t<meta property=\"og:image:width\" content=\"1810\" \/>\n\t<meta property=\"og:image:height\" content=\"2560\" \/>\n\t<meta property=\"og:image:type\" content=\"image\/jpeg\" \/>\n<meta name=\"twitter:card\" content=\"summary_large_image\" \/>\n<meta name=\"twitter:site\" content=\"@Marieeparisienn\" \/>\n<script type=\"application\/ld+json\" class=\"yoast-schema-graph\">{\"@context\":\"https:\\\/\\\/schema.org\",\"@graph\":[{\"@type\":[\"WebPage\",\"SearchResultsPage\"],\"@id\":\"https:\\\/\\\/www.marieeparisienne.com\\\/en\\\/wedding-dress\\\/white-one-en\\\/ikebana\\\/\",\"url\":\"https:\\\/\\\/www.marieeparisienne.com\\\/en\\\/wedding-dress\\\/white-one-en\\\/ikebana\\\/\",\"name\":\"IKEBANA Wedding Dress White one Collection 2025 Paris Boutique\",\"isPartOf\":{\"@id\":\"https:\\\/\\\/www.marieeparisienne.com\\\/en\\\/#website\"},\"primaryImageOfPage\":{\"@id\":\"https:\\\/\\\/www.marieeparisienne.com\\\/en\\\/wedding-dress\\\/white-one-en\\\/ikebana\\\/#primaryimage\"},\"image\":{\"@id\":\"https:\\\/\\\/www.marieeparisienne.com\\\/en\\\/wedding-dress\\\/white-one-en\\\/ikebana\\\/#primaryimage\"},\"thumbnailUrl\":\"https:\\\/\\\/www.marieeparisienne.com\\\/wp-content\\\/uploads\\\/2024\\\/08\\\/IKEBANA-B1-scaled.jpg\",\"datePublished\":\"2024-08-30T10:34:02+00:00\",\"dateModified\":\"2025-04-30T16:03:46+00:00\",\"description\":\"IKEBANA Wedding Dress White one Collection 2025 Paris Boutique: Sleeveless A-line wedding dress, mikado, V-neck, straps.\",\"breadcrumb\":{\"@id\":\"https:\\\/\\\/www.marieeparisienne.com\\\/en\\\/wedding-dress\\\/white-one-en\\\/ikebana\\\/#breadcrumb\"},\"inLanguage\":\"en-US\",\"potentialAction\":[{\"@type\":\"ReadAction\",\"target\":[\"https:\\\/\\\/www.marieeparisienne.com\\\/en\\\/wedding-dress\\\/white-one-en\\\/ikebana\\\/\"]}]},{\"@type\":\"ImageObject\",\"inLanguage\":\"en-US\",\"@id\":\"https:\\\/\\\/www.marieeparisienne.com\\\/en\\\/wedding-dress\\\/white-one-en\\\/ikebana\\\/#primaryimage\",\"url\":\"https:\\\/\\\/www.marieeparisienne.com\\\/wp-content\\\/uploads\\\/2024\\\/08\\\/IKEBANA-B1-scaled.jpg\",\"contentUrl\":\"https:\\\/\\\/www.marieeparisienne.com\\\/wp-content\\\/uploads\\\/2024\\\/08\\\/IKEBANA-B1-scaled.jpg\",\"width\":1810,\"height\":2560,\"caption\":\"IKEBANA Wedding Dress White one Collection 2025 Paris Boutique\"},{\"@type\":\"BreadcrumbList\",\"@id\":\"https:\\\/\\\/www.marieeparisienne.com\\\/en\\\/wedding-dress\\\/white-one-en\\\/ikebana\\\/#breadcrumb\",\"itemListElement\":[{\"@type\":\"ListItem\",\"position\":1,\"name\":\"Accueil\",\"item\":\"https:\\\/\\\/www.marieeparisienne.com\\\/en\\\/\"},{\"@type\":\"ListItem\",\"position\":2,\"name\":\"ALL OUR WEDDING DRESSES\",\"item\":\"https:\\\/\\\/www.marieeparisienne.com\\\/en\\\/wedding-dresses-in-our-boutique\\\/\"},{\"@type\":\"ListItem\",\"position\":3,\"name\":\"IKEBANA\"}]},{\"@type\":\"WebSite\",\"@id\":\"https:\\\/\\\/www.marieeparisienne.com\\\/en\\\/#website\",\"url\":\"https:\\\/\\\/www.marieeparisienne.com\\\/en\\\/\",\"name\":\"Mari\u00e9e Parisienne\",\"description\":\"Robes de mari\u00e9e \u00e0 Paris\",\"publisher\":{\"@id\":\"https:\\\/\\\/www.marieeparisienne.com\\\/en\\\/#organization\"},\"potentialAction\":[{\"@type\":\"SearchAction\",\"target\":{\"@type\":\"EntryPoint\",\"urlTemplate\":\"https:\\\/\\\/www.marieeparisienne.com\\\/en\\\/?s={search_term_string}\"},\"query-input\":{\"@type\":\"PropertyValueSpecification\",\"valueRequired\":true,\"valueName\":\"search_term_string\"}}],\"inLanguage\":\"en-US\"},{\"@type\":[\"Organization\",\"Place\",\"ClothingStore\"],\"@id\":\"https:\\\/\\\/www.marieeparisienne.com\\\/en\\\/#organization\",\"name\":\"La Mari\u00e9e Parisienne\",\"url\":\"https:\\\/\\\/www.marieeparisienne.com\\\/en\\\/\",\"logo\":{\"@id\":\"https:\\\/\\\/www.marieeparisienne.com\\\/en\\\/wedding-dress\\\/white-one-en\\\/ikebana\\\/#local-main-organization-logo\"},\"image\":{\"@id\":\"https:\\\/\\\/www.marieeparisienne.com\\\/en\\\/wedding-dress\\\/white-one-en\\\/ikebana\\\/#local-main-organization-logo\"},\"sameAs\":[\"https:\\\/\\\/www.facebook.com\\\/lamarieeparisienne\",\"https:\\\/\\\/x.com\\\/Marieeparisienn\",\"https:\\\/\\\/www.instagram.com\\\/marieeparisienne\\\/\",\"https:\\\/\\\/www.youtube.com\\\/channel\\\/UCxpH1JURfOaIgDbNXvJkRtw\\\/videos?view_as=subscriber\"],\"description\":\"Mari\u00e9e Parisienne est une boutique de robes de mari\u00e9e \u00e0 Paris proposant une large s\u00e9lection de robes de mari\u00e9e, robes de cocktail et accessoires de grandes marques europ\u00e9ennes et de cr\u00e9ateurs internationaux. Avec son atelier de retouches sur place, ses conseill\u00e8res stylistes sp\u00e9cialis\u00e9es et ses couturi\u00e8res professionnelles, la boutique accompagne chaque future mari\u00e9e de fa\u00e7on personnalis\u00e9e jusqu\u2019au jour du mariage\",\"legalName\":\"Maycole\",\"foundingDate\":\"2007-05-18\",\"numberOfEmployees\":{\"@type\":\"QuantitativeValue\",\"minValue\":\"1\",\"maxValue\":\"10\"},\"address\":{\"@id\":\"https:\\\/\\\/www.marieeparisienne.com\\\/en\\\/wedding-dress\\\/white-one-en\\\/ikebana\\\/#local-main-place-address\"},\"geo\":{\"@type\":\"GeoCoordinates\",\"latitude\":\"48.840653073720475\",\"longitude\":\"2.299663726215935\"},\"telephone\":[\"+33155438075\"],\"openingHoursSpecification\":[{\"@type\":\"OpeningHoursSpecification\",\"dayOfWeek\":[\"Monday\",\"Tuesday\",\"Wednesday\",\"Thursday\",\"Friday\"],\"opens\":\"11:00\",\"closes\":\"19:00\"},{\"@type\":\"OpeningHoursSpecification\",\"dayOfWeek\":[\"Saturday\"],\"opens\":\"10:00\",\"closes\":\"19:00\"},{\"@type\":\"OpeningHoursSpecification\",\"dayOfWeek\":[\"Sunday\"],\"opens\":\"00:00\",\"closes\":\"00:00\"}],\"email\":\"contact@marieeparisienne.com\",\"areaServed\":\"Paris, \u00cele-de-France, France\",\"vatID\":\"FR84498025378\",\"taxID\":\"49802537800023\",\"priceRange\":\"$$$$\",\"currenciesAccepted\":\"EUR\",\"paymentAccepted\":\"Esp\u00e8ces, Visa, Mastercard, Virement bancaire, Ch\u00e8que\"},{\"@type\":\"PostalAddress\",\"@id\":\"https:\\\/\\\/www.marieeparisienne.com\\\/en\\\/wedding-dress\\\/white-one-en\\\/ikebana\\\/#local-main-place-address\",\"streetAddress\":\"97 rue Blomet\",\"addressLocality\":\"Paris\",\"postalCode\":\"75015\",\"addressCountry\":\"FR\"},{\"@type\":\"ImageObject\",\"inLanguage\":\"en-US\",\"@id\":\"https:\\\/\\\/www.marieeparisienne.com\\\/en\\\/wedding-dress\\\/white-one-en\\\/ikebana\\\/#local-main-organization-logo\",\"url\":\"https:\\\/\\\/www.marieeparisienne.com\\\/wp-content\\\/uploads\\\/2018\\\/02\\\/logo-Mp.jpg\",\"contentUrl\":\"https:\\\/\\\/www.marieeparisienne.com\\\/wp-content\\\/uploads\\\/2018\\\/02\\\/logo-Mp.jpg\",\"width\":1070,\"height\":1513,\"caption\":\"La Mari\u00e9e Parisienne\"}]}<\/script>\n<meta name=\"geo.placename\" content=\"Paris\" \/>\n<meta name=\"geo.position\" content=\"48.840653073720475;2.299663726215935\" \/>\n<meta name=\"geo.region\" content=\"France\" \/>\n<!-- \/ Yoast SEO Premium plugin. -->","yoast_head_json":{"title":"IKEBANA Wedding Dress White one Collection 2025 Paris Boutique","description":"IKEBANA Wedding Dress White one Collection 2025 Paris Boutique: Sleeveless A-line wedding dress, mikado, V-neck, straps.","robots":{"index":"index","follow":"follow","max-snippet":"max-snippet:-1","max-image-preview":"max-image-preview:large","max-video-preview":"max-video-preview:-1"},"canonical":"https:\/\/www.marieeparisienne.com\/en\/wedding-dress\/white-one-en\/ikebana\/","og_locale":"en_US","og_type":"article","og_title":"IKEBANA","og_description":"IKEBANA Wedding Dress White one Collection 2025 Paris Boutique: Sleeveless A-line wedding dress, mikado, V-neck, straps.","og_url":"https:\/\/www.marieeparisienne.com\/en\/wedding-dress\/white-one-en\/ikebana\/","og_site_name":"Mari\u00e9e Parisienne","article_publisher":"https:\/\/www.facebook.com\/lamarieeparisienne","article_modified_time":"2025-04-30T16:03:46+00:00","og_image":[{"width":1810,"height":2560,"url":"https:\/\/www.marieeparisienne.com\/wp-content\/uploads\/2024\/08\/IKEBANA-B1-scaled.jpg","type":"image\/jpeg"}],"twitter_card":"summary_large_image","twitter_site":"@Marieeparisienn","schema":{"@context":"https:\/\/schema.org","@graph":[{"@type":["WebPage","SearchResultsPage"],"@id":"https:\/\/www.marieeparisienne.com\/en\/wedding-dress\/white-one-en\/ikebana\/","url":"https:\/\/www.marieeparisienne.com\/en\/wedding-dress\/white-one-en\/ikebana\/","name":"IKEBANA Wedding Dress White one Collection 2025 Paris Boutique","isPartOf":{"@id":"https:\/\/www.marieeparisienne.com\/en\/#website"},"primaryImageOfPage":{"@id":"https:\/\/www.marieeparisienne.com\/en\/wedding-dress\/white-one-en\/ikebana\/#primaryimage"},"image":{"@id":"https:\/\/www.marieeparisienne.com\/en\/wedding-dress\/white-one-en\/ikebana\/#primaryimage"},"thumbnailUrl":"https:\/\/www.marieeparisienne.com\/wp-content\/uploads\/2024\/08\/IKEBANA-B1-scaled.jpg","datePublished":"2024-08-30T10:34:02+00:00","dateModified":"2025-04-30T16:03:46+00:00","description":"IKEBANA Wedding Dress White one Collection 2025 Paris Boutique: Sleeveless A-line wedding dress, mikado, V-neck, straps.","breadcrumb":{"@id":"https:\/\/www.marieeparisienne.com\/en\/wedding-dress\/white-one-en\/ikebana\/#breadcrumb"},"inLanguage":"en-US","potentialAction":[{"@type":"ReadAction","target":["https:\/\/www.marieeparisienne.com\/en\/wedding-dress\/white-one-en\/ikebana\/"]}]},{"@type":"ImageObject","inLanguage":"en-US","@id":"https:\/\/www.marieeparisienne.com\/en\/wedding-dress\/white-one-en\/ikebana\/#primaryimage","url":"https:\/\/www.marieeparisienne.com\/wp-content\/uploads\/2024\/08\/IKEBANA-B1-scaled.jpg","contentUrl":"https:\/\/www.marieeparisienne.com\/wp-content\/uploads\/2024\/08\/IKEBANA-B1-scaled.jpg","width":1810,"height":2560,"caption":"IKEBANA Wedding Dress White one Collection 2025 Paris Boutique"},{"@type":"BreadcrumbList","@id":"https:\/\/www.marieeparisienne.com\/en\/wedding-dress\/white-one-en\/ikebana\/#breadcrumb","itemListElement":[{"@type":"ListItem","position":1,"name":"Accueil","item":"https:\/\/www.marieeparisienne.com\/en\/"},{"@type":"ListItem","position":2,"name":"ALL OUR WEDDING DRESSES","item":"https:\/\/www.marieeparisienne.com\/en\/wedding-dresses-in-our-boutique\/"},{"@type":"ListItem","position":3,"name":"IKEBANA"}]},{"@type":"WebSite","@id":"https:\/\/www.marieeparisienne.com\/en\/#website","url":"https:\/\/www.marieeparisienne.com\/en\/","name":"Mari\u00e9e Parisienne","description":"Robes de mari\u00e9e \u00e0 Paris","publisher":{"@id":"https:\/\/www.marieeparisienne.com\/en\/#organization"},"potentialAction":[{"@type":"SearchAction","target":{"@type":"EntryPoint","urlTemplate":"https:\/\/www.marieeparisienne.com\/en\/?s={search_term_string}"},"query-input":{"@type":"PropertyValueSpecification","valueRequired":true,"valueName":"search_term_string"}}],"inLanguage":"en-US"},{"@type":["Organization","Place","ClothingStore"],"@id":"https:\/\/www.marieeparisienne.com\/en\/#organization","name":"La Mari\u00e9e Parisienne","url":"https:\/\/www.marieeparisienne.com\/en\/","logo":{"@id":"https:\/\/www.marieeparisienne.com\/en\/wedding-dress\/white-one-en\/ikebana\/#local-main-organization-logo"},"image":{"@id":"https:\/\/www.marieeparisienne.com\/en\/wedding-dress\/white-one-en\/ikebana\/#local-main-organization-logo"},"sameAs":["https:\/\/www.facebook.com\/lamarieeparisienne","https:\/\/x.com\/Marieeparisienn","https:\/\/www.instagram.com\/marieeparisienne\/","https:\/\/www.youtube.com\/channel\/UCxpH1JURfOaIgDbNXvJkRtw\/videos?view_as=subscriber"],"description":"Mari\u00e9e Parisienne est une boutique de robes de mari\u00e9e \u00e0 Paris proposant une large s\u00e9lection de robes de mari\u00e9e, robes de cocktail et accessoires de grandes marques europ\u00e9ennes et de cr\u00e9ateurs internationaux. Avec son atelier de retouches sur place, ses conseill\u00e8res stylistes sp\u00e9cialis\u00e9es et ses couturi\u00e8res professionnelles, la boutique accompagne chaque future mari\u00e9e de fa\u00e7on personnalis\u00e9e jusqu\u2019au jour du mariage","legalName":"Maycole","foundingDate":"2007-05-18","numberOfEmployees":{"@type":"QuantitativeValue","minValue":"1","maxValue":"10"},"address":{"@id":"https:\/\/www.marieeparisienne.com\/en\/wedding-dress\/white-one-en\/ikebana\/#local-main-place-address"},"geo":{"@type":"GeoCoordinates","latitude":"48.840653073720475","longitude":"2.299663726215935"},"telephone":["+33155438075"],"openingHoursSpecification":[{"@type":"OpeningHoursSpecification","dayOfWeek":["Monday","Tuesday","Wednesday","Thursday","Friday"],"opens":"11:00","closes":"19:00"},{"@type":"OpeningHoursSpecification","dayOfWeek":["Saturday"],"opens":"10:00","closes":"19:00"},{"@type":"OpeningHoursSpecification","dayOfWeek":["Sunday"],"opens":"00:00","closes":"00:00"}],"email":"contact@marieeparisienne.com","areaServed":"Paris, \u00cele-de-France, France","vatID":"FR84498025378","taxID":"49802537800023","priceRange":"$$$$","currenciesAccepted":"EUR","paymentAccepted":"Esp\u00e8ces, Visa, Mastercard, Virement bancaire, Ch\u00e8que"},{"@type":"PostalAddress","@id":"https:\/\/www.marieeparisienne.com\/en\/wedding-dress\/white-one-en\/ikebana\/#local-main-place-address","streetAddress":"97 rue Blomet","addressLocality":"Paris","postalCode":"75015","addressCountry":"FR"},{"@type":"ImageObject","inLanguage":"en-US","@id":"https:\/\/www.marieeparisienne.com\/en\/wedding-dress\/white-one-en\/ikebana\/#local-main-organization-logo","url":"https:\/\/www.marieeparisienne.com\/wp-content\/uploads\/2018\/02\/logo-Mp.jpg","contentUrl":"https:\/\/www.marieeparisienne.com\/wp-content\/uploads\/2018\/02\/logo-Mp.jpg","width":1070,"height":1513,"caption":"La Mari\u00e9e Parisienne"}]},"geo.placename":"Paris","geo.position":{"lat":"48.840653073720475","long":"2.299663726215935"},"geo.region":"France"},"_links":{"self":[{"href":"https:\/\/www.marieeparisienne.com\/en\/wp-json\/wp\/v2\/product\/25040","targetHints":{"allow":["GET"]}}],"collection":[{"href":"https:\/\/www.marieeparisienne.com\/en\/wp-json\/wp\/v2\/product"}],"about":[{"href":"https:\/\/www.marieeparisienne.com\/en\/wp-json\/wp\/v2\/types\/product"}],"version-history":[{"count":0,"href":"https:\/\/www.marieeparisienne.com\/en\/wp-json\/wp\/v2\/product\/25040\/revisions"}],"wp:featuredmedia":[{"embeddable":true,"href":"https:\/\/www.marieeparisienne.com\/en\/wp-json\/wp\/v2\/media\/25042"}],"wp:attachment":[{"href":"https:\/\/www.marieeparisienne.com\/en\/wp-json\/wp\/v2\/media?parent=25040"}],"wp:term":[{"taxonomy":"product_brand","embeddable":true,"href":"https:\/\/www.marieeparisienne.com\/en\/wp-json\/wp\/v2\/product_brand?post=25040"},{"taxonomy":"product_cat","embeddable":true,"href":"https:\/\/www.marieeparisienne.com\/en\/wp-json\/wp\/v2\/product_cat?post=25040"},{"taxonomy":"product_tag","embeddable":true,"href":"https:\/\/www.marieeparisienne.com\/en\/wp-json\/wp\/v2\/product_tag?post=25040"}],"curies":[{"name":"wp","href":"https:\/\/api.w.org\/{rel}","templated":true}]}}