{"id":25167,"date":"2024-09-02T15:07:48","date_gmt":"2024-09-02T13:07:48","guid":{"rendered":"https:\/\/www.marieeparisienne.com\/?post_type=product&#038;p=25167"},"modified":"2025-04-30T18:15:36","modified_gmt":"2025-04-30T16:15:36","slug":"marlene","status":"publish","type":"product","link":"https:\/\/www.marieeparisienne.com\/en\/wedding-dress\/san-patrick-en\/marlene\/","title":{"rendered":"MARLENE"},"content":{"rendered":"<p><img decoding=\"async\" class=\"alignright wp-image-9723\" src=\"https:\/\/www.marieeparisienne.com\/wp-content\/uploads\/2021\/11\/LOGO_HOUSE_OF_SP_POSITIVE-300x300.png\" alt=\"logo ST Patrick\" width=\"200\" height=\"200\" srcset=\"https:\/\/www.marieeparisienne.com\/wp-content\/uploads\/2021\/11\/LOGO_HOUSE_OF_SP_POSITIVE-300x300.png 300w, https:\/\/www.marieeparisienne.com\/wp-content\/uploads\/2021\/11\/LOGO_HOUSE_OF_SP_POSITIVE-220x220.png 220w, https:\/\/www.marieeparisienne.com\/wp-content\/uploads\/2021\/11\/LOGO_HOUSE_OF_SP_POSITIVE-600x600.png 600w, https:\/\/www.marieeparisienne.com\/wp-content\/uploads\/2021\/11\/LOGO_HOUSE_OF_SP_POSITIVE-1024x1022.png 1024w, https:\/\/www.marieeparisienne.com\/wp-content\/uploads\/2021\/11\/LOGO_HOUSE_OF_SP_POSITIVE-150x150.png 150w, https:\/\/www.marieeparisienne.com\/wp-content\/uploads\/2021\/11\/LOGO_HOUSE_OF_SP_POSITIVE-768x767.png 768w, https:\/\/www.marieeparisienne.com\/wp-content\/uploads\/2021\/11\/LOGO_HOUSE_OF_SP_POSITIVE-1536x1534.png 1536w, https:\/\/www.marieeparisienne.com\/wp-content\/uploads\/2021\/11\/LOGO_HOUSE_OF_SP_POSITIVE-2048x2045.png 2048w, https:\/\/www.marieeparisienne.com\/wp-content\/uploads\/2021\/11\/LOGO_HOUSE_OF_SP_POSITIVE-468x468.png 468w, https:\/\/www.marieeparisienne.com\/wp-content\/uploads\/2021\/11\/LOGO_HOUSE_OF_SP_POSITIVE-1612x1609.png 1612w, https:\/\/www.marieeparisienne.com\/wp-content\/uploads\/2021\/11\/LOGO_HOUSE_OF_SP_POSITIVE-1116x1114.png 1116w, https:\/\/www.marieeparisienne.com\/wp-content\/uploads\/2021\/11\/LOGO_HOUSE_OF_SP_POSITIVE-806x805.png 806w, https:\/\/www.marieeparisienne.com\/wp-content\/uploads\/2021\/11\/LOGO_HOUSE_OF_SP_POSITIVE-558x557.png 558w, https:\/\/www.marieeparisienne.com\/wp-content\/uploads\/2021\/11\/LOGO_HOUSE_OF_SP_POSITIVE-655x654.png 655w, https:\/\/www.marieeparisienne.com\/wp-content\/uploads\/2021\/11\/LOGO_HOUSE_OF_SP_POSITIVE-1320x1318.png 1320w\" sizes=\"(max-width: 200px) 100vw, 200px\" \/><\/p>\n<p>MARLENE Wedding Dress.<\/p>\n<p>&nbsp;<\/p>\n<div id=\"description\" class=\"data item content\" role=\"tabpanel\" data-role=\"content\" aria-labelledby=\"tab-label-description\" aria-hidden=\"false\">\n<div class=\"product attribute description\">\n<div id=\"description\" class=\"data item content\" role=\"tabpanel\" data-role=\"content\" aria-labelledby=\"tab-label-description\" aria-hidden=\"false\">\n<div class=\"product attribute description\">\n<div id=\"description\" class=\"data item content\" role=\"tabpanel\" data-role=\"content\" aria-labelledby=\"tab-label-description\" aria-hidden=\"false\">\n<div class=\"product attribute description\">\n<div id=\"description\" class=\"data item content\" role=\"tabpanel\" data-role=\"content\" aria-labelledby=\"tab-label-description\" aria-hidden=\"false\">\n<div class=\"product attribute description\">\n<div id=\"description\" class=\"data item content\" role=\"tabpanel\" data-role=\"content\" aria-labelledby=\"tab-label-description\" aria-hidden=\"false\">\n<div class=\"product attribute description\">\n<div id=\"description\" class=\"data item content\" role=\"tabpanel\" data-role=\"content\" aria-labelledby=\"tab-label-description\" aria-hidden=\"false\">\n<div class=\"product attribute description\">\n<div id=\"description\" class=\"data item content\" role=\"tabpanel\" data-role=\"content\" aria-labelledby=\"tab-label-description\" aria-hidden=\"false\">\n<div class=\"product attribute description\">\n<div id=\"description\" class=\"data item content\" role=\"tabpanel\" data-role=\"content\" aria-labelledby=\"tab-label-description\" aria-hidden=\"false\">\n<div class=\"product attribute description\">\n<div id=\"description\" class=\"data item content\" role=\"tabpanel\" data-role=\"content\" aria-labelledby=\"tab-label-description\" aria-hidden=\"false\">\n<div class=\"product attribute description\">\n<p class=\"value p--no-format\">Equal parts elegant and seductive, the MARLENE dress has a structured design as it is made of 100% mikado. It also includes details such as a portrait neckline that crisscrosses at the front and is adorned with draped details that extend to the back, drop sleeves and a voluminous princess skirt with a suggestive slit at the front.<\/p>\n<\/div>\n<\/div>\n<div id=\"tab-label-additional\" class=\"data item title\" tabindex=\"0\" role=\"tab\" aria-labelledby=\"tab-label-additional-title\" data-role=\"collapsible\" data-collapsible=\"true\" aria-controls=\"additional\" aria-selected=\"false\" aria-expanded=\"false\"><\/div>\n<\/div>\n<\/div>\n<div id=\"tab-label-additional\" class=\"data item title\" tabindex=\"0\" role=\"tab\" aria-labelledby=\"tab-label-additional-title\" data-role=\"collapsible\" data-collapsible=\"true\" aria-controls=\"additional\" aria-selected=\"false\" aria-expanded=\"false\"><\/div>\n<\/div>\n<\/div>\n<\/div>\n<\/div>\n<div id=\"tab-label-additional\" class=\"data item title\" tabindex=\"0\" role=\"tab\" aria-labelledby=\"tab-label-additional-title\" data-role=\"collapsible\" data-collapsible=\"true\" aria-controls=\"additional\" aria-selected=\"false\" aria-expanded=\"false\"><\/div>\n<\/div>\n<\/div>\n<\/div>\n<\/div>\n<\/div>\n<\/div>\n<div id=\"tab-label-additional\" class=\"data item title\" tabindex=\"0\" role=\"tab\" aria-labelledby=\"tab-label-additional-title\" data-role=\"collapsible\" data-collapsible=\"true\" aria-controls=\"additional\" aria-selected=\"false\" aria-expanded=\"false\"><\/div>\n<\/div>\n<\/div>\n<div id=\"tab-label-additional\" class=\"data item title\" tabindex=\"0\" role=\"tab\" aria-labelledby=\"tab-label-additional-title\" data-role=\"collapsible\" data-collapsible=\"true\" aria-controls=\"additional\" aria-selected=\"false\" aria-expanded=\"false\"><\/div>\n<\/div>\n<\/div>\n<div id=\"tab-label-additional\" class=\"data item title\" tabindex=\"0\" role=\"tab\" aria-labelledby=\"tab-label-additional-title\" data-role=\"collapsible\" data-collapsible=\"true\" aria-controls=\"additional\" aria-selected=\"false\" aria-expanded=\"false\"><\/div>\n<h2><\/h2>\n<h2><span style=\"color: #000000;\"><strong>San Patrick Wedding Dress\u00a0<\/strong><\/span><\/h2>\n<p><strong>San Patrick is a brand of\u00a0<\/strong>\u00a0<strong>Pronovias Fashion Group.<\/strong><\/p>\n<p>To try this dress, please book an appointment.<\/p>\n<p>&nbsp;<\/p>\n","protected":false},"excerpt":{"rendered":"<p><img decoding=\"async\" class=\"alignright wp-image-9722\" src=\"https:\/\/www.marieeparisienne.com\/wp-content\/uploads\/2021\/11\/LOGO_HOUSE_OF_SP_POSITIVE-300x300.png\" alt=\"logo ST Patrick\" width=\"200\" height=\"200\" srcset=\"https:\/\/www.marieeparisienne.com\/wp-content\/uploads\/2021\/11\/LOGO_HOUSE_OF_SP_POSITIVE-300x300.png 300w, https:\/\/www.marieeparisienne.com\/wp-content\/uploads\/2021\/11\/LOGO_HOUSE_OF_SP_POSITIVE-220x220.png 220w, https:\/\/www.marieeparisienne.com\/wp-content\/uploads\/2021\/11\/LOGO_HOUSE_OF_SP_POSITIVE-600x600.png 600w, https:\/\/www.marieeparisienne.com\/wp-content\/uploads\/2021\/11\/LOGO_HOUSE_OF_SP_POSITIVE-150x150.png 150w, https:\/\/www.marieeparisienne.com\/wp-content\/uploads\/2021\/11\/LOGO_HOUSE_OF_SP_POSITIVE-768x767.png 768w, https:\/\/www.marieeparisienne.com\/wp-content\/uploads\/2021\/11\/LOGO_HOUSE_OF_SP_POSITIVE-1024x1022.png 1024w, https:\/\/www.marieeparisienne.com\/wp-content\/uploads\/2021\/11\/LOGO_HOUSE_OF_SP_POSITIVE-1536x1534.png 1536w, https:\/\/www.marieeparisienne.com\/wp-content\/uploads\/2021\/11\/LOGO_HOUSE_OF_SP_POSITIVE-2048x2045.png 2048w, https:\/\/www.marieeparisienne.com\/wp-content\/uploads\/2021\/11\/LOGO_HOUSE_OF_SP_POSITIVE-1320x1318.png 1320w, https:\/\/www.marieeparisienne.com\/wp-content\/uploads\/2021\/11\/LOGO_HOUSE_OF_SP_POSITIVE-468x468.png 468w, https:\/\/www.marieeparisienne.com\/wp-content\/uploads\/2021\/11\/LOGO_HOUSE_OF_SP_POSITIVE-1612x1609.png 1612w, https:\/\/www.marieeparisienne.com\/wp-content\/uploads\/2021\/11\/LOGO_HOUSE_OF_SP_POSITIVE-1116x1114.png 1116w, https:\/\/www.marieeparisienne.com\/wp-content\/uploads\/2021\/11\/LOGO_HOUSE_OF_SP_POSITIVE-806x805.png 806w, https:\/\/www.marieeparisienne.com\/wp-content\/uploads\/2021\/11\/LOGO_HOUSE_OF_SP_POSITIVE-558x557.png 558w, https:\/\/www.marieeparisienne.com\/wp-content\/uploads\/2021\/11\/LOGO_HOUSE_OF_SP_POSITIVE-655x654.png 655w, https:\/\/www.marieeparisienne.com\/wp-content\/uploads\/2021\/11\/LOGO_HOUSE_OF_SP_POSITIVE-60x60.png 60w\" sizes=\"(max-width: 200px) 100vw, 200px\" \/><\/p>\n<p>&nbsp;<\/p>\n<p>&nbsp;<\/p>\n<div class=\"product attribute overview\">\n<div class=\"product attribute overview\">\n<div class=\"product attribute overview\">\n<div class=\"product attribute overview\">\n<div class=\"product attribute overview\">\n<div class=\"product attribute overview\">\n<div class=\"product attribute overview\">\n<div class=\"product attribute overview\">\n<h4 class=\"value\">Ballgown off-shoulder wedding dress, mikado, portrait neckline, slit skirt.<\/h4>\n<h4 class=\"value\">Sale on Sample model.<\/h4>\n<\/div>\n<\/div>\n<\/div>\n<p>&nbsp;<\/p>\n<\/div>\n<\/div>\n<\/div>\n<\/div>\n<\/div>\n<p>[vc_row][vc_column][vc_btn title=&#8221;Book an Appointment&#8221; color=&#8221;inverse&#8221; size=&#8221;lg&#8221; align=&#8221;left&#8221; i_icon_fontawesome=&#8221;fa fa-hand-pointer-o&#8221; add_icon=&#8221;true&#8221; link=&#8221;url:https%3A%2F%2Fwww.marieeparisienne.com%2Fen\/contact%2F|||&#8221;][\/vc_column][\/vc_row]<\/p>\n","protected":false},"featured_media":25169,"template":"","meta":{"_acf_changed":false},"product_brand":[],"product_cat":[126],"product_tag":[92,93,112,98,110,129,159],"class_list":{"0":"post-25167","1":"product","2":"type-product","3":"status-publish","4":"has-post-thumbnail","6":"product_cat-san-patrick-en","7":"product_tag-1600e-a-2100e-en","8":"product_tag-2100e-a-2600e-en","9":"product_tag-ballgown","10":"product_tag-bateau-neckline","11":"product_tag-mikado-en","12":"product_tag-sale","13":"product_tag-slit-skirt","15":"first","16":"instock","17":"sale","18":"shipping-taxable","19":"purchasable","20":"product-type-simple"},"acf":[],"yoast_head":"<!-- This site is optimized with the Yoast SEO Premium plugin v27.4 (Yoast SEO v27.4) - https:\/\/yoast.com\/product\/yoast-seo-premium-wordpress\/ -->\n<title>MARLENE wedding Dress: San Patrick collection 2025 Paris Boutique<\/title>\n<meta name=\"description\" content=\"MARLENE wedding Dress: San Patrick collection 2025 Paris Boutique: Ballgown off-shoulder wedding dress, mikado, portrait neckline, slit skirt.\" \/>\n<meta name=\"robots\" content=\"index, follow, max-snippet:-1, max-image-preview:large, max-video-preview:-1\" \/>\n<link rel=\"canonical\" href=\"https:\/\/www.marieeparisienne.com\/en\/wedding-dress\/san-patrick-en\/marlene\/\" \/>\n<meta property=\"og:locale\" content=\"en_US\" \/>\n<meta property=\"og:type\" content=\"article\" \/>\n<meta property=\"og:title\" content=\"MARLENE\" \/>\n<meta property=\"og:description\" content=\"MARLENE wedding Dress: San Patrick collection 2025 Paris Boutique: Ballgown off-shoulder wedding dress, mikado, portrait neckline, slit skirt.\" \/>\n<meta property=\"og:url\" content=\"https:\/\/www.marieeparisienne.com\/en\/wedding-dress\/san-patrick-en\/marlene\/\" \/>\n<meta property=\"og:site_name\" content=\"Mari\u00e9e Parisienne\" \/>\n<meta property=\"article:publisher\" content=\"https:\/\/www.facebook.com\/lamarieeparisienne\" \/>\n<meta property=\"article:modified_time\" content=\"2025-04-30T16:15:36+00:00\" \/>\n<meta property=\"og:image\" content=\"https:\/\/www.marieeparisienne.com\/wp-content\/uploads\/2024\/09\/MARLENE-B-scaled.jpg\" \/>\n\t<meta property=\"og:image:width\" content=\"1810\" \/>\n\t<meta property=\"og:image:height\" content=\"2560\" \/>\n\t<meta property=\"og:image:type\" content=\"image\/jpeg\" \/>\n<meta name=\"twitter:card\" content=\"summary_large_image\" \/>\n<meta name=\"twitter:site\" content=\"@Marieeparisienn\" \/>\n<script type=\"application\/ld+json\" class=\"yoast-schema-graph\">{\"@context\":\"https:\\\/\\\/schema.org\",\"@graph\":[{\"@type\":[\"WebPage\",\"SearchResultsPage\"],\"@id\":\"https:\\\/\\\/www.marieeparisienne.com\\\/en\\\/wedding-dress\\\/san-patrick-en\\\/marlene\\\/\",\"url\":\"https:\\\/\\\/www.marieeparisienne.com\\\/en\\\/wedding-dress\\\/san-patrick-en\\\/marlene\\\/\",\"name\":\"MARLENE wedding Dress: San Patrick collection 2025 Paris Boutique\",\"isPartOf\":{\"@id\":\"https:\\\/\\\/www.marieeparisienne.com\\\/en\\\/#website\"},\"primaryImageOfPage\":{\"@id\":\"https:\\\/\\\/www.marieeparisienne.com\\\/en\\\/wedding-dress\\\/san-patrick-en\\\/marlene\\\/#primaryimage\"},\"image\":{\"@id\":\"https:\\\/\\\/www.marieeparisienne.com\\\/en\\\/wedding-dress\\\/san-patrick-en\\\/marlene\\\/#primaryimage\"},\"thumbnailUrl\":\"https:\\\/\\\/www.marieeparisienne.com\\\/wp-content\\\/uploads\\\/2024\\\/09\\\/MARLENE-B-scaled.jpg\",\"datePublished\":\"2024-09-02T13:07:48+00:00\",\"dateModified\":\"2025-04-30T16:15:36+00:00\",\"description\":\"MARLENE wedding Dress: San Patrick collection 2025 Paris Boutique: Ballgown off-shoulder wedding dress, mikado, portrait neckline, slit skirt.\",\"breadcrumb\":{\"@id\":\"https:\\\/\\\/www.marieeparisienne.com\\\/en\\\/wedding-dress\\\/san-patrick-en\\\/marlene\\\/#breadcrumb\"},\"inLanguage\":\"en-US\",\"potentialAction\":[{\"@type\":\"ReadAction\",\"target\":[\"https:\\\/\\\/www.marieeparisienne.com\\\/en\\\/wedding-dress\\\/san-patrick-en\\\/marlene\\\/\"]}]},{\"@type\":\"ImageObject\",\"inLanguage\":\"en-US\",\"@id\":\"https:\\\/\\\/www.marieeparisienne.com\\\/en\\\/wedding-dress\\\/san-patrick-en\\\/marlene\\\/#primaryimage\",\"url\":\"https:\\\/\\\/www.marieeparisienne.com\\\/wp-content\\\/uploads\\\/2024\\\/09\\\/MARLENE-B-scaled.jpg\",\"contentUrl\":\"https:\\\/\\\/www.marieeparisienne.com\\\/wp-content\\\/uploads\\\/2024\\\/09\\\/MARLENE-B-scaled.jpg\",\"width\":1810,\"height\":2560,\"caption\":\"MARLENE wedding Dress: San Patrick collection 2025 Paris Boutique\"},{\"@type\":\"BreadcrumbList\",\"@id\":\"https:\\\/\\\/www.marieeparisienne.com\\\/en\\\/wedding-dress\\\/san-patrick-en\\\/marlene\\\/#breadcrumb\",\"itemListElement\":[{\"@type\":\"ListItem\",\"position\":1,\"name\":\"Accueil\",\"item\":\"https:\\\/\\\/www.marieeparisienne.com\\\/en\\\/\"},{\"@type\":\"ListItem\",\"position\":2,\"name\":\"ALL OUR WEDDING DRESSES\",\"item\":\"https:\\\/\\\/www.marieeparisienne.com\\\/en\\\/wedding-dresses-in-our-boutique\\\/\"},{\"@type\":\"ListItem\",\"position\":3,\"name\":\"MARLENE\"}]},{\"@type\":\"WebSite\",\"@id\":\"https:\\\/\\\/www.marieeparisienne.com\\\/en\\\/#website\",\"url\":\"https:\\\/\\\/www.marieeparisienne.com\\\/en\\\/\",\"name\":\"Mari\u00e9e Parisienne\",\"description\":\"Robes de mari\u00e9e \u00e0 Paris\",\"publisher\":{\"@id\":\"https:\\\/\\\/www.marieeparisienne.com\\\/en\\\/#organization\"},\"potentialAction\":[{\"@type\":\"SearchAction\",\"target\":{\"@type\":\"EntryPoint\",\"urlTemplate\":\"https:\\\/\\\/www.marieeparisienne.com\\\/en\\\/?s={search_term_string}\"},\"query-input\":{\"@type\":\"PropertyValueSpecification\",\"valueRequired\":true,\"valueName\":\"search_term_string\"}}],\"inLanguage\":\"en-US\"},{\"@type\":[\"Organization\",\"Place\",\"ClothingStore\"],\"@id\":\"https:\\\/\\\/www.marieeparisienne.com\\\/en\\\/#organization\",\"name\":\"La Mari\u00e9e Parisienne\",\"url\":\"https:\\\/\\\/www.marieeparisienne.com\\\/en\\\/\",\"logo\":{\"@id\":\"https:\\\/\\\/www.marieeparisienne.com\\\/en\\\/wedding-dress\\\/san-patrick-en\\\/marlene\\\/#local-main-organization-logo\"},\"image\":{\"@id\":\"https:\\\/\\\/www.marieeparisienne.com\\\/en\\\/wedding-dress\\\/san-patrick-en\\\/marlene\\\/#local-main-organization-logo\"},\"sameAs\":[\"https:\\\/\\\/www.facebook.com\\\/lamarieeparisienne\",\"https:\\\/\\\/x.com\\\/Marieeparisienn\",\"https:\\\/\\\/www.instagram.com\\\/marieeparisienne\\\/\",\"https:\\\/\\\/www.youtube.com\\\/channel\\\/UCxpH1JURfOaIgDbNXvJkRtw\\\/videos?view_as=subscriber\"],\"description\":\"Mari\u00e9e Parisienne est une boutique de robes de mari\u00e9e \u00e0 Paris proposant une large s\u00e9lection de robes de mari\u00e9e, robes de cocktail et accessoires de grandes marques europ\u00e9ennes et de cr\u00e9ateurs internationaux. Avec son atelier de retouches sur place, ses conseill\u00e8res stylistes sp\u00e9cialis\u00e9es et ses couturi\u00e8res professionnelles, la boutique accompagne chaque future mari\u00e9e de fa\u00e7on personnalis\u00e9e jusqu\u2019au jour du mariage\",\"legalName\":\"Maycole\",\"foundingDate\":\"2007-05-18\",\"numberOfEmployees\":{\"@type\":\"QuantitativeValue\",\"minValue\":\"1\",\"maxValue\":\"10\"},\"address\":{\"@id\":\"https:\\\/\\\/www.marieeparisienne.com\\\/en\\\/wedding-dress\\\/san-patrick-en\\\/marlene\\\/#local-main-place-address\"},\"geo\":{\"@type\":\"GeoCoordinates\",\"latitude\":\"48.840653073720475\",\"longitude\":\"2.299663726215935\"},\"telephone\":[\"+33155438075\"],\"openingHoursSpecification\":[{\"@type\":\"OpeningHoursSpecification\",\"dayOfWeek\":[\"Monday\",\"Tuesday\",\"Wednesday\",\"Thursday\",\"Friday\"],\"opens\":\"11:00\",\"closes\":\"19:00\"},{\"@type\":\"OpeningHoursSpecification\",\"dayOfWeek\":[\"Saturday\"],\"opens\":\"10:00\",\"closes\":\"19:00\"},{\"@type\":\"OpeningHoursSpecification\",\"dayOfWeek\":[\"Sunday\"],\"opens\":\"00:00\",\"closes\":\"00:00\"}],\"email\":\"contact@marieeparisienne.com\",\"areaServed\":\"Paris, \u00cele-de-France, France\",\"vatID\":\"FR84498025378\",\"taxID\":\"49802537800023\",\"priceRange\":\"$$$$\",\"currenciesAccepted\":\"EUR\",\"paymentAccepted\":\"Esp\u00e8ces, Visa, Mastercard, Virement bancaire, Ch\u00e8que\"},{\"@type\":\"PostalAddress\",\"@id\":\"https:\\\/\\\/www.marieeparisienne.com\\\/en\\\/wedding-dress\\\/san-patrick-en\\\/marlene\\\/#local-main-place-address\",\"streetAddress\":\"97 rue Blomet\",\"addressLocality\":\"Paris\",\"postalCode\":\"75015\",\"addressCountry\":\"FR\"},{\"@type\":\"ImageObject\",\"inLanguage\":\"en-US\",\"@id\":\"https:\\\/\\\/www.marieeparisienne.com\\\/en\\\/wedding-dress\\\/san-patrick-en\\\/marlene\\\/#local-main-organization-logo\",\"url\":\"https:\\\/\\\/www.marieeparisienne.com\\\/wp-content\\\/uploads\\\/2018\\\/02\\\/logo-Mp.jpg\",\"contentUrl\":\"https:\\\/\\\/www.marieeparisienne.com\\\/wp-content\\\/uploads\\\/2018\\\/02\\\/logo-Mp.jpg\",\"width\":1070,\"height\":1513,\"caption\":\"La Mari\u00e9e Parisienne\"}]}<\/script>\n<meta name=\"geo.placename\" content=\"Paris\" \/>\n<meta name=\"geo.position\" content=\"48.840653073720475;2.299663726215935\" \/>\n<meta name=\"geo.region\" content=\"France\" \/>\n<!-- \/ Yoast SEO Premium plugin. -->","yoast_head_json":{"title":"MARLENE wedding Dress: San Patrick collection 2025 Paris Boutique","description":"MARLENE wedding Dress: San Patrick collection 2025 Paris Boutique: Ballgown off-shoulder wedding dress, mikado, portrait neckline, slit skirt.","robots":{"index":"index","follow":"follow","max-snippet":"max-snippet:-1","max-image-preview":"max-image-preview:large","max-video-preview":"max-video-preview:-1"},"canonical":"https:\/\/www.marieeparisienne.com\/en\/wedding-dress\/san-patrick-en\/marlene\/","og_locale":"en_US","og_type":"article","og_title":"MARLENE","og_description":"MARLENE wedding Dress: San Patrick collection 2025 Paris Boutique: Ballgown off-shoulder wedding dress, mikado, portrait neckline, slit skirt.","og_url":"https:\/\/www.marieeparisienne.com\/en\/wedding-dress\/san-patrick-en\/marlene\/","og_site_name":"Mari\u00e9e Parisienne","article_publisher":"https:\/\/www.facebook.com\/lamarieeparisienne","article_modified_time":"2025-04-30T16:15:36+00:00","og_image":[{"width":1810,"height":2560,"url":"https:\/\/www.marieeparisienne.com\/wp-content\/uploads\/2024\/09\/MARLENE-B-scaled.jpg","type":"image\/jpeg"}],"twitter_card":"summary_large_image","twitter_site":"@Marieeparisienn","schema":{"@context":"https:\/\/schema.org","@graph":[{"@type":["WebPage","SearchResultsPage"],"@id":"https:\/\/www.marieeparisienne.com\/en\/wedding-dress\/san-patrick-en\/marlene\/","url":"https:\/\/www.marieeparisienne.com\/en\/wedding-dress\/san-patrick-en\/marlene\/","name":"MARLENE wedding Dress: San Patrick collection 2025 Paris Boutique","isPartOf":{"@id":"https:\/\/www.marieeparisienne.com\/en\/#website"},"primaryImageOfPage":{"@id":"https:\/\/www.marieeparisienne.com\/en\/wedding-dress\/san-patrick-en\/marlene\/#primaryimage"},"image":{"@id":"https:\/\/www.marieeparisienne.com\/en\/wedding-dress\/san-patrick-en\/marlene\/#primaryimage"},"thumbnailUrl":"https:\/\/www.marieeparisienne.com\/wp-content\/uploads\/2024\/09\/MARLENE-B-scaled.jpg","datePublished":"2024-09-02T13:07:48+00:00","dateModified":"2025-04-30T16:15:36+00:00","description":"MARLENE wedding Dress: San Patrick collection 2025 Paris Boutique: Ballgown off-shoulder wedding dress, mikado, portrait neckline, slit skirt.","breadcrumb":{"@id":"https:\/\/www.marieeparisienne.com\/en\/wedding-dress\/san-patrick-en\/marlene\/#breadcrumb"},"inLanguage":"en-US","potentialAction":[{"@type":"ReadAction","target":["https:\/\/www.marieeparisienne.com\/en\/wedding-dress\/san-patrick-en\/marlene\/"]}]},{"@type":"ImageObject","inLanguage":"en-US","@id":"https:\/\/www.marieeparisienne.com\/en\/wedding-dress\/san-patrick-en\/marlene\/#primaryimage","url":"https:\/\/www.marieeparisienne.com\/wp-content\/uploads\/2024\/09\/MARLENE-B-scaled.jpg","contentUrl":"https:\/\/www.marieeparisienne.com\/wp-content\/uploads\/2024\/09\/MARLENE-B-scaled.jpg","width":1810,"height":2560,"caption":"MARLENE wedding Dress: San Patrick collection 2025 Paris Boutique"},{"@type":"BreadcrumbList","@id":"https:\/\/www.marieeparisienne.com\/en\/wedding-dress\/san-patrick-en\/marlene\/#breadcrumb","itemListElement":[{"@type":"ListItem","position":1,"name":"Accueil","item":"https:\/\/www.marieeparisienne.com\/en\/"},{"@type":"ListItem","position":2,"name":"ALL OUR WEDDING DRESSES","item":"https:\/\/www.marieeparisienne.com\/en\/wedding-dresses-in-our-boutique\/"},{"@type":"ListItem","position":3,"name":"MARLENE"}]},{"@type":"WebSite","@id":"https:\/\/www.marieeparisienne.com\/en\/#website","url":"https:\/\/www.marieeparisienne.com\/en\/","name":"Mari\u00e9e Parisienne","description":"Robes de mari\u00e9e \u00e0 Paris","publisher":{"@id":"https:\/\/www.marieeparisienne.com\/en\/#organization"},"potentialAction":[{"@type":"SearchAction","target":{"@type":"EntryPoint","urlTemplate":"https:\/\/www.marieeparisienne.com\/en\/?s={search_term_string}"},"query-input":{"@type":"PropertyValueSpecification","valueRequired":true,"valueName":"search_term_string"}}],"inLanguage":"en-US"},{"@type":["Organization","Place","ClothingStore"],"@id":"https:\/\/www.marieeparisienne.com\/en\/#organization","name":"La Mari\u00e9e Parisienne","url":"https:\/\/www.marieeparisienne.com\/en\/","logo":{"@id":"https:\/\/www.marieeparisienne.com\/en\/wedding-dress\/san-patrick-en\/marlene\/#local-main-organization-logo"},"image":{"@id":"https:\/\/www.marieeparisienne.com\/en\/wedding-dress\/san-patrick-en\/marlene\/#local-main-organization-logo"},"sameAs":["https:\/\/www.facebook.com\/lamarieeparisienne","https:\/\/x.com\/Marieeparisienn","https:\/\/www.instagram.com\/marieeparisienne\/","https:\/\/www.youtube.com\/channel\/UCxpH1JURfOaIgDbNXvJkRtw\/videos?view_as=subscriber"],"description":"Mari\u00e9e Parisienne est une boutique de robes de mari\u00e9e \u00e0 Paris proposant une large s\u00e9lection de robes de mari\u00e9e, robes de cocktail et accessoires de grandes marques europ\u00e9ennes et de cr\u00e9ateurs internationaux. Avec son atelier de retouches sur place, ses conseill\u00e8res stylistes sp\u00e9cialis\u00e9es et ses couturi\u00e8res professionnelles, la boutique accompagne chaque future mari\u00e9e de fa\u00e7on personnalis\u00e9e jusqu\u2019au jour du mariage","legalName":"Maycole","foundingDate":"2007-05-18","numberOfEmployees":{"@type":"QuantitativeValue","minValue":"1","maxValue":"10"},"address":{"@id":"https:\/\/www.marieeparisienne.com\/en\/wedding-dress\/san-patrick-en\/marlene\/#local-main-place-address"},"geo":{"@type":"GeoCoordinates","latitude":"48.840653073720475","longitude":"2.299663726215935"},"telephone":["+33155438075"],"openingHoursSpecification":[{"@type":"OpeningHoursSpecification","dayOfWeek":["Monday","Tuesday","Wednesday","Thursday","Friday"],"opens":"11:00","closes":"19:00"},{"@type":"OpeningHoursSpecification","dayOfWeek":["Saturday"],"opens":"10:00","closes":"19:00"},{"@type":"OpeningHoursSpecification","dayOfWeek":["Sunday"],"opens":"00:00","closes":"00:00"}],"email":"contact@marieeparisienne.com","areaServed":"Paris, \u00cele-de-France, France","vatID":"FR84498025378","taxID":"49802537800023","priceRange":"$$$$","currenciesAccepted":"EUR","paymentAccepted":"Esp\u00e8ces, Visa, Mastercard, Virement bancaire, Ch\u00e8que"},{"@type":"PostalAddress","@id":"https:\/\/www.marieeparisienne.com\/en\/wedding-dress\/san-patrick-en\/marlene\/#local-main-place-address","streetAddress":"97 rue Blomet","addressLocality":"Paris","postalCode":"75015","addressCountry":"FR"},{"@type":"ImageObject","inLanguage":"en-US","@id":"https:\/\/www.marieeparisienne.com\/en\/wedding-dress\/san-patrick-en\/marlene\/#local-main-organization-logo","url":"https:\/\/www.marieeparisienne.com\/wp-content\/uploads\/2018\/02\/logo-Mp.jpg","contentUrl":"https:\/\/www.marieeparisienne.com\/wp-content\/uploads\/2018\/02\/logo-Mp.jpg","width":1070,"height":1513,"caption":"La Mari\u00e9e Parisienne"}]},"geo.placename":"Paris","geo.position":{"lat":"48.840653073720475","long":"2.299663726215935"},"geo.region":"France"},"_links":{"self":[{"href":"https:\/\/www.marieeparisienne.com\/en\/wp-json\/wp\/v2\/product\/25167","targetHints":{"allow":["GET"]}}],"collection":[{"href":"https:\/\/www.marieeparisienne.com\/en\/wp-json\/wp\/v2\/product"}],"about":[{"href":"https:\/\/www.marieeparisienne.com\/en\/wp-json\/wp\/v2\/types\/product"}],"version-history":[{"count":0,"href":"https:\/\/www.marieeparisienne.com\/en\/wp-json\/wp\/v2\/product\/25167\/revisions"}],"wp:featuredmedia":[{"embeddable":true,"href":"https:\/\/www.marieeparisienne.com\/en\/wp-json\/wp\/v2\/media\/25169"}],"wp:attachment":[{"href":"https:\/\/www.marieeparisienne.com\/en\/wp-json\/wp\/v2\/media?parent=25167"}],"wp:term":[{"taxonomy":"product_brand","embeddable":true,"href":"https:\/\/www.marieeparisienne.com\/en\/wp-json\/wp\/v2\/product_brand?post=25167"},{"taxonomy":"product_cat","embeddable":true,"href":"https:\/\/www.marieeparisienne.com\/en\/wp-json\/wp\/v2\/product_cat?post=25167"},{"taxonomy":"product_tag","embeddable":true,"href":"https:\/\/www.marieeparisienne.com\/en\/wp-json\/wp\/v2\/product_tag?post=25167"}],"curies":[{"name":"wp","href":"https:\/\/api.w.org\/{rel}","templated":true}]}}