{"id":25603,"date":"2024-10-19T11:58:21","date_gmt":"2024-10-19T09:58:21","guid":{"rendered":"https:\/\/www.marieeparisienne.com\/?post_type=product&#038;p=25603"},"modified":"2025-05-22T17:33:37","modified_gmt":"2025-05-22T15:33:37","slug":"wings","status":"publish","type":"product","link":"https:\/\/www.marieeparisienne.com\/en\/wedding-dress\/colet-en\/wings\/","title":{"rendered":"WINGS"},"content":{"rendered":"<p><img decoding=\"async\" class=\"size-medium wp-image-8379 alignright\" src=\"https:\/\/www.marieeparisienne.com\/wp-content\/uploads\/2020\/09\/04_Nicole_COLET_Logo_Black_CMYK-300x88.png\" alt=\"logo colet robe de mari\u00e9e\" width=\"300\" height=\"88\" srcset=\"https:\/\/www.marieeparisienne.com\/wp-content\/uploads\/2020\/09\/04_Nicole_COLET_Logo_Black_CMYK-300x88.png 300w, https:\/\/www.marieeparisienne.com\/wp-content\/uploads\/2020\/09\/04_Nicole_COLET_Logo_Black_CMYK-600x176.png 600w, https:\/\/www.marieeparisienne.com\/wp-content\/uploads\/2020\/09\/04_Nicole_COLET_Logo_Black_CMYK-1024x300.png 1024w, https:\/\/www.marieeparisienne.com\/wp-content\/uploads\/2020\/09\/04_Nicole_COLET_Logo_Black_CMYK-768x225.png 768w, https:\/\/www.marieeparisienne.com\/wp-content\/uploads\/2020\/09\/04_Nicole_COLET_Logo_Black_CMYK-1536x450.png 1536w, https:\/\/www.marieeparisienne.com\/wp-content\/uploads\/2020\/09\/04_Nicole_COLET_Logo_Black_CMYK-2048x600.png 2048w, https:\/\/www.marieeparisienne.com\/wp-content\/uploads\/2020\/09\/04_Nicole_COLET_Logo_Black_CMYK-1612x472.png 1612w, https:\/\/www.marieeparisienne.com\/wp-content\/uploads\/2020\/09\/04_Nicole_COLET_Logo_Black_CMYK-1116x327.png 1116w, https:\/\/www.marieeparisienne.com\/wp-content\/uploads\/2020\/09\/04_Nicole_COLET_Logo_Black_CMYK-806x236.png 806w, https:\/\/www.marieeparisienne.com\/wp-content\/uploads\/2020\/09\/04_Nicole_COLET_Logo_Black_CMYK-558x163.png 558w, https:\/\/www.marieeparisienne.com\/wp-content\/uploads\/2020\/09\/04_Nicole_COLET_Logo_Black_CMYK-655x192.png 655w, https:\/\/www.marieeparisienne.com\/wp-content\/uploads\/2020\/09\/04_Nicole_COLET_Logo_Black_CMYK-1320x386.png 1320w\" sizes=\"(max-width: 300px) 100vw, 300px\" \/><\/p>\n<p>WINGS Wedding Dress<\/p>\n<p>&nbsp;<\/p>\n<div id=\"description\" class=\"data item content\" role=\"tabpanel\" data-role=\"content\" aria-labelledby=\"tab-label-description\" aria-hidden=\"false\">\n<div class=\"product attribute description\">\n<div id=\"description\" class=\"data item content\" role=\"tabpanel\" data-role=\"content\" aria-labelledby=\"tab-label-description\" aria-hidden=\"false\">\n<div class=\"product attribute description\">\n<div id=\"description\" class=\"data item content\" role=\"tabpanel\" data-role=\"content\" aria-labelledby=\"tab-label-description\" aria-hidden=\"false\">\n<div class=\"product attribute description\">\n<div id=\"description\" class=\"data item content\" role=\"tabpanel\" data-role=\"content\" aria-labelledby=\"tab-label-description\" aria-hidden=\"false\">\n<div class=\"product attribute description\">\n<p id=\"tw-target-text\" class=\"tw-data-text tw-text-large tw-ta\" dir=\"ltr\" data-placeholder=\"Traduction\">Opt for this A-line model, made of tulle and lace. It features a sleeveless corset-style bodice with a sweetheart neckline, lace embroidery with pearl inlays on transparent sections. It showcases long puffed tulle sleeves with embroidered transparencies..<\/p>\n<p dir=\"ltr\" data-placeholder=\"Traduction\">\n<\/div>\n<\/div>\n<\/div>\n<\/div>\n<\/div>\n<\/div>\n<p>&nbsp;<\/p>\n<div id=\"description\" class=\"data item content\" role=\"tabpanel\" data-role=\"content\" aria-labelledby=\"tab-label-description\" aria-hidden=\"false\">\n<div class=\"product attribute description\">\n<p>&nbsp;<\/p>\n<p>&nbsp;<\/p>\n<p class=\"value p--no-format\"><strong style=\"color: #000000;\">COLET NICOLE WEDDING DRESS<\/strong><\/p>\n<\/div>\n<\/div>\n<\/div>\n<\/div>\n<h3><strong>COLET NICOLE is a brand from Pronovias Fashion Group.<\/strong><\/h3>\n<p>To try this dress, please book an appointment.<\/p>\n","protected":false},"excerpt":{"rendered":"<h4><img decoding=\"async\" class=\"size-medium wp-image-8378 alignright\" src=\"https:\/\/www.marieeparisienne.com\/wp-content\/uploads\/2020\/09\/04_Nicole_COLET_Logo_Black_CMYK-300x88.png\" alt=\"logo colet robe de mari\u00e9e\" width=\"300\" height=\"88\" srcset=\"https:\/\/www.marieeparisienne.com\/wp-content\/uploads\/2020\/09\/04_Nicole_COLET_Logo_Black_CMYK-300x88.png 300w, https:\/\/www.marieeparisienne.com\/wp-content\/uploads\/2020\/09\/04_Nicole_COLET_Logo_Black_CMYK-600x176.png 600w, https:\/\/www.marieeparisienne.com\/wp-content\/uploads\/2020\/09\/04_Nicole_COLET_Logo_Black_CMYK-768x225.png 768w, https:\/\/www.marieeparisienne.com\/wp-content\/uploads\/2020\/09\/04_Nicole_COLET_Logo_Black_CMYK-1024x300.png 1024w, https:\/\/www.marieeparisienne.com\/wp-content\/uploads\/2020\/09\/04_Nicole_COLET_Logo_Black_CMYK-1536x450.png 1536w, https:\/\/www.marieeparisienne.com\/wp-content\/uploads\/2020\/09\/04_Nicole_COLET_Logo_Black_CMYK-2048x600.png 2048w, https:\/\/www.marieeparisienne.com\/wp-content\/uploads\/2020\/09\/04_Nicole_COLET_Logo_Black_CMYK-1320x387.png 1320w, https:\/\/www.marieeparisienne.com\/wp-content\/uploads\/2020\/09\/04_Nicole_COLET_Logo_Black_CMYK-1612x472.png 1612w, https:\/\/www.marieeparisienne.com\/wp-content\/uploads\/2020\/09\/04_Nicole_COLET_Logo_Black_CMYK-1116x327.png 1116w, https:\/\/www.marieeparisienne.com\/wp-content\/uploads\/2020\/09\/04_Nicole_COLET_Logo_Black_CMYK-806x236.png 806w, https:\/\/www.marieeparisienne.com\/wp-content\/uploads\/2020\/09\/04_Nicole_COLET_Logo_Black_CMYK-558x163.png 558w, https:\/\/www.marieeparisienne.com\/wp-content\/uploads\/2020\/09\/04_Nicole_COLET_Logo_Black_CMYK-655x192.png 655w\" sizes=\"(max-width: 300px) 100vw, 300px\" \/><\/h4>\n<p>&nbsp;<\/p>\n<p>&nbsp;<\/p>\n<h4><\/h4>\n<h4 id=\"tw-target-text\" class=\"tw-data-text tw-text-large tw-ta\" dir=\"ltr\" data-placeholder=\"Traduction\">A-line wedding dress, tulle, lace, sweetheart neckline, long puffed sleeves.<\/h4>\n<p>&nbsp;<\/p>\n<p>[vc_row][vc_column][vc_btn title=&#8221;Book an Appointment&#8221; color=&#8221;inverse&#8221; size=&#8221;lg&#8221; align=&#8221;left&#8221; i_icon_fontawesome=&#8221;fa fa-hand-pointer-o&#8221; add_icon=&#8221;true&#8221; link=&#8221;url:https%3A%2F%2Fwww.marieeparisienne.com%2Fen\/contact%2F|||&#8221;][\/vc_column][\/vc_row]<\/p>\n","protected":false},"featured_media":25605,"template":"","meta":{"_acf_changed":false},"product_brand":[],"product_cat":[123],"product_tag":[93,90,101,109,249,121],"class_list":{"0":"post-25603","1":"product","2":"type-product","3":"status-publish","4":"has-post-thumbnail","6":"product_cat-colet-en","7":"product_tag-2100e-a-2600e-en","8":"product_tag-a-line","9":"product_tag-lace","10":"product_tag-long-sleeves","11":"product_tag-puff-sleeve","12":"product_tag-tulle-en","14":"first","15":"instock","16":"shipping-taxable","17":"product-type-simple"},"acf":[],"yoast_head":"<!-- This site is optimized with the Yoast SEO Premium plugin v27.4 (Yoast SEO v27.4) - https:\/\/yoast.com\/product\/yoast-seo-premium-wordpress\/ -->\n<title>WINGS Wedding Dress Colet Collection 2025| Paris Boutique<\/title>\n<meta name=\"description\" content=\"WINGS Wedding Dress Colet Collection 2025 | A-line wedding dress, tulle, lace, sweetheart neckline, long puffed sleeves.\" \/>\n<meta name=\"robots\" content=\"index, follow, max-snippet:-1, max-image-preview:large, max-video-preview:-1\" \/>\n<link rel=\"canonical\" href=\"https:\/\/www.marieeparisienne.com\/en\/wedding-dress\/colet-en\/wings\/\" \/>\n<meta property=\"og:locale\" content=\"en_US\" \/>\n<meta property=\"og:type\" content=\"article\" \/>\n<meta property=\"og:title\" content=\"WINGS\" \/>\n<meta property=\"og:description\" content=\"WINGS Wedding Dress Colet Collection 2025 | A-line wedding dress, tulle, lace, sweetheart neckline, long puffed sleeves.\" \/>\n<meta property=\"og:url\" content=\"https:\/\/www.marieeparisienne.com\/en\/wedding-dress\/colet-en\/wings\/\" \/>\n<meta property=\"og:site_name\" content=\"Mari\u00e9e Parisienne\" \/>\n<meta property=\"article:publisher\" content=\"https:\/\/www.facebook.com\/lamarieeparisienne\" \/>\n<meta property=\"article:modified_time\" content=\"2025-05-22T15:33:37+00:00\" \/>\n<meta property=\"og:image\" content=\"https:\/\/www.marieeparisienne.com\/wp-content\/uploads\/2024\/10\/WINGS-B-scaled.jpg\" \/>\n\t<meta property=\"og:image:width\" content=\"1810\" \/>\n\t<meta property=\"og:image:height\" content=\"2560\" \/>\n\t<meta property=\"og:image:type\" content=\"image\/jpeg\" \/>\n<meta name=\"twitter:card\" content=\"summary_large_image\" \/>\n<meta name=\"twitter:site\" content=\"@Marieeparisienn\" \/>\n<script type=\"application\/ld+json\" class=\"yoast-schema-graph\">{\"@context\":\"https:\\\/\\\/schema.org\",\"@graph\":[{\"@type\":[\"WebPage\",\"SearchResultsPage\"],\"@id\":\"https:\\\/\\\/www.marieeparisienne.com\\\/en\\\/wedding-dress\\\/colet-en\\\/wings\\\/\",\"url\":\"https:\\\/\\\/www.marieeparisienne.com\\\/en\\\/wedding-dress\\\/colet-en\\\/wings\\\/\",\"name\":\"WINGS Wedding Dress Colet Collection 2025| Paris Boutique\",\"isPartOf\":{\"@id\":\"https:\\\/\\\/www.marieeparisienne.com\\\/en\\\/#website\"},\"primaryImageOfPage\":{\"@id\":\"https:\\\/\\\/www.marieeparisienne.com\\\/en\\\/wedding-dress\\\/colet-en\\\/wings\\\/#primaryimage\"},\"image\":{\"@id\":\"https:\\\/\\\/www.marieeparisienne.com\\\/en\\\/wedding-dress\\\/colet-en\\\/wings\\\/#primaryimage\"},\"thumbnailUrl\":\"https:\\\/\\\/www.marieeparisienne.com\\\/wp-content\\\/uploads\\\/2024\\\/10\\\/WINGS-B-scaled.jpg\",\"datePublished\":\"2024-10-19T09:58:21+00:00\",\"dateModified\":\"2025-05-22T15:33:37+00:00\",\"description\":\"WINGS Wedding Dress Colet Collection 2025 | A-line wedding dress, tulle, lace, sweetheart neckline, long puffed sleeves.\",\"breadcrumb\":{\"@id\":\"https:\\\/\\\/www.marieeparisienne.com\\\/en\\\/wedding-dress\\\/colet-en\\\/wings\\\/#breadcrumb\"},\"inLanguage\":\"en-US\",\"potentialAction\":[{\"@type\":\"ReadAction\",\"target\":[\"https:\\\/\\\/www.marieeparisienne.com\\\/en\\\/wedding-dress\\\/colet-en\\\/wings\\\/\"]}]},{\"@type\":\"ImageObject\",\"inLanguage\":\"en-US\",\"@id\":\"https:\\\/\\\/www.marieeparisienne.com\\\/en\\\/wedding-dress\\\/colet-en\\\/wings\\\/#primaryimage\",\"url\":\"https:\\\/\\\/www.marieeparisienne.com\\\/wp-content\\\/uploads\\\/2024\\\/10\\\/WINGS-B-scaled.jpg\",\"contentUrl\":\"https:\\\/\\\/www.marieeparisienne.com\\\/wp-content\\\/uploads\\\/2024\\\/10\\\/WINGS-B-scaled.jpg\",\"width\":1810,\"height\":2560,\"caption\":\"WINGS Wedding Dress Colet Collection 2025| Paris Boutique\"},{\"@type\":\"BreadcrumbList\",\"@id\":\"https:\\\/\\\/www.marieeparisienne.com\\\/en\\\/wedding-dress\\\/colet-en\\\/wings\\\/#breadcrumb\",\"itemListElement\":[{\"@type\":\"ListItem\",\"position\":1,\"name\":\"Accueil\",\"item\":\"https:\\\/\\\/www.marieeparisienne.com\\\/en\\\/\"},{\"@type\":\"ListItem\",\"position\":2,\"name\":\"ALL OUR WEDDING DRESSES\",\"item\":\"https:\\\/\\\/www.marieeparisienne.com\\\/en\\\/wedding-dresses-in-our-boutique\\\/\"},{\"@type\":\"ListItem\",\"position\":3,\"name\":\"WINGS\"}]},{\"@type\":\"WebSite\",\"@id\":\"https:\\\/\\\/www.marieeparisienne.com\\\/en\\\/#website\",\"url\":\"https:\\\/\\\/www.marieeparisienne.com\\\/en\\\/\",\"name\":\"Mari\u00e9e Parisienne\",\"description\":\"Robes de mari\u00e9e \u00e0 Paris\",\"publisher\":{\"@id\":\"https:\\\/\\\/www.marieeparisienne.com\\\/en\\\/#organization\"},\"potentialAction\":[{\"@type\":\"SearchAction\",\"target\":{\"@type\":\"EntryPoint\",\"urlTemplate\":\"https:\\\/\\\/www.marieeparisienne.com\\\/en\\\/?s={search_term_string}\"},\"query-input\":{\"@type\":\"PropertyValueSpecification\",\"valueRequired\":true,\"valueName\":\"search_term_string\"}}],\"inLanguage\":\"en-US\"},{\"@type\":[\"Organization\",\"Place\",\"ClothingStore\"],\"@id\":\"https:\\\/\\\/www.marieeparisienne.com\\\/en\\\/#organization\",\"name\":\"La Mari\u00e9e Parisienne\",\"url\":\"https:\\\/\\\/www.marieeparisienne.com\\\/en\\\/\",\"logo\":{\"@id\":\"https:\\\/\\\/www.marieeparisienne.com\\\/en\\\/wedding-dress\\\/colet-en\\\/wings\\\/#local-main-organization-logo\"},\"image\":{\"@id\":\"https:\\\/\\\/www.marieeparisienne.com\\\/en\\\/wedding-dress\\\/colet-en\\\/wings\\\/#local-main-organization-logo\"},\"sameAs\":[\"https:\\\/\\\/www.facebook.com\\\/lamarieeparisienne\",\"https:\\\/\\\/x.com\\\/Marieeparisienn\",\"https:\\\/\\\/www.instagram.com\\\/marieeparisienne\\\/\",\"https:\\\/\\\/www.youtube.com\\\/channel\\\/UCxpH1JURfOaIgDbNXvJkRtw\\\/videos?view_as=subscriber\"],\"description\":\"Mari\u00e9e Parisienne est une boutique de robes de mari\u00e9e \u00e0 Paris proposant une large s\u00e9lection de robes de mari\u00e9e, robes de cocktail et accessoires de grandes marques europ\u00e9ennes et de cr\u00e9ateurs internationaux. Avec son atelier de retouches sur place, ses conseill\u00e8res stylistes sp\u00e9cialis\u00e9es et ses couturi\u00e8res professionnelles, la boutique accompagne chaque future mari\u00e9e de fa\u00e7on personnalis\u00e9e jusqu\u2019au jour du mariage\",\"legalName\":\"Maycole\",\"foundingDate\":\"2007-05-18\",\"numberOfEmployees\":{\"@type\":\"QuantitativeValue\",\"minValue\":\"1\",\"maxValue\":\"10\"},\"address\":{\"@id\":\"https:\\\/\\\/www.marieeparisienne.com\\\/en\\\/wedding-dress\\\/colet-en\\\/wings\\\/#local-main-place-address\"},\"geo\":{\"@type\":\"GeoCoordinates\",\"latitude\":\"48.840653073720475\",\"longitude\":\"2.299663726215935\"},\"telephone\":[\"+33155438075\"],\"openingHoursSpecification\":[{\"@type\":\"OpeningHoursSpecification\",\"dayOfWeek\":[\"Monday\",\"Tuesday\",\"Wednesday\",\"Thursday\",\"Friday\"],\"opens\":\"11:00\",\"closes\":\"19:00\"},{\"@type\":\"OpeningHoursSpecification\",\"dayOfWeek\":[\"Saturday\"],\"opens\":\"10:00\",\"closes\":\"19:00\"},{\"@type\":\"OpeningHoursSpecification\",\"dayOfWeek\":[\"Sunday\"],\"opens\":\"00:00\",\"closes\":\"00:00\"}],\"email\":\"contact@marieeparisienne.com\",\"areaServed\":\"Paris, \u00cele-de-France, France\",\"vatID\":\"FR84498025378\",\"taxID\":\"49802537800023\",\"priceRange\":\"$$$$\",\"currenciesAccepted\":\"EUR\",\"paymentAccepted\":\"Esp\u00e8ces, Visa, Mastercard, Virement bancaire, Ch\u00e8que\"},{\"@type\":\"PostalAddress\",\"@id\":\"https:\\\/\\\/www.marieeparisienne.com\\\/en\\\/wedding-dress\\\/colet-en\\\/wings\\\/#local-main-place-address\",\"streetAddress\":\"97 rue Blomet\",\"addressLocality\":\"Paris\",\"postalCode\":\"75015\",\"addressCountry\":\"FR\"},{\"@type\":\"ImageObject\",\"inLanguage\":\"en-US\",\"@id\":\"https:\\\/\\\/www.marieeparisienne.com\\\/en\\\/wedding-dress\\\/colet-en\\\/wings\\\/#local-main-organization-logo\",\"url\":\"https:\\\/\\\/www.marieeparisienne.com\\\/wp-content\\\/uploads\\\/2018\\\/02\\\/logo-Mp.jpg\",\"contentUrl\":\"https:\\\/\\\/www.marieeparisienne.com\\\/wp-content\\\/uploads\\\/2018\\\/02\\\/logo-Mp.jpg\",\"width\":1070,\"height\":1513,\"caption\":\"La Mari\u00e9e Parisienne\"}]}<\/script>\n<meta name=\"geo.placename\" content=\"Paris\" \/>\n<meta name=\"geo.position\" content=\"48.840653073720475;2.299663726215935\" \/>\n<meta name=\"geo.region\" content=\"France\" \/>\n<!-- \/ Yoast SEO Premium plugin. -->","yoast_head_json":{"title":"WINGS Wedding Dress Colet Collection 2025| Paris Boutique","description":"WINGS Wedding Dress Colet Collection 2025 | A-line wedding dress, tulle, lace, sweetheart neckline, long puffed sleeves.","robots":{"index":"index","follow":"follow","max-snippet":"max-snippet:-1","max-image-preview":"max-image-preview:large","max-video-preview":"max-video-preview:-1"},"canonical":"https:\/\/www.marieeparisienne.com\/en\/wedding-dress\/colet-en\/wings\/","og_locale":"en_US","og_type":"article","og_title":"WINGS","og_description":"WINGS Wedding Dress Colet Collection 2025 | A-line wedding dress, tulle, lace, sweetheart neckline, long puffed sleeves.","og_url":"https:\/\/www.marieeparisienne.com\/en\/wedding-dress\/colet-en\/wings\/","og_site_name":"Mari\u00e9e Parisienne","article_publisher":"https:\/\/www.facebook.com\/lamarieeparisienne","article_modified_time":"2025-05-22T15:33:37+00:00","og_image":[{"width":1810,"height":2560,"url":"https:\/\/www.marieeparisienne.com\/wp-content\/uploads\/2024\/10\/WINGS-B-scaled.jpg","type":"image\/jpeg"}],"twitter_card":"summary_large_image","twitter_site":"@Marieeparisienn","schema":{"@context":"https:\/\/schema.org","@graph":[{"@type":["WebPage","SearchResultsPage"],"@id":"https:\/\/www.marieeparisienne.com\/en\/wedding-dress\/colet-en\/wings\/","url":"https:\/\/www.marieeparisienne.com\/en\/wedding-dress\/colet-en\/wings\/","name":"WINGS Wedding Dress Colet Collection 2025| Paris Boutique","isPartOf":{"@id":"https:\/\/www.marieeparisienne.com\/en\/#website"},"primaryImageOfPage":{"@id":"https:\/\/www.marieeparisienne.com\/en\/wedding-dress\/colet-en\/wings\/#primaryimage"},"image":{"@id":"https:\/\/www.marieeparisienne.com\/en\/wedding-dress\/colet-en\/wings\/#primaryimage"},"thumbnailUrl":"https:\/\/www.marieeparisienne.com\/wp-content\/uploads\/2024\/10\/WINGS-B-scaled.jpg","datePublished":"2024-10-19T09:58:21+00:00","dateModified":"2025-05-22T15:33:37+00:00","description":"WINGS Wedding Dress Colet Collection 2025 | A-line wedding dress, tulle, lace, sweetheart neckline, long puffed sleeves.","breadcrumb":{"@id":"https:\/\/www.marieeparisienne.com\/en\/wedding-dress\/colet-en\/wings\/#breadcrumb"},"inLanguage":"en-US","potentialAction":[{"@type":"ReadAction","target":["https:\/\/www.marieeparisienne.com\/en\/wedding-dress\/colet-en\/wings\/"]}]},{"@type":"ImageObject","inLanguage":"en-US","@id":"https:\/\/www.marieeparisienne.com\/en\/wedding-dress\/colet-en\/wings\/#primaryimage","url":"https:\/\/www.marieeparisienne.com\/wp-content\/uploads\/2024\/10\/WINGS-B-scaled.jpg","contentUrl":"https:\/\/www.marieeparisienne.com\/wp-content\/uploads\/2024\/10\/WINGS-B-scaled.jpg","width":1810,"height":2560,"caption":"WINGS Wedding Dress Colet Collection 2025| Paris Boutique"},{"@type":"BreadcrumbList","@id":"https:\/\/www.marieeparisienne.com\/en\/wedding-dress\/colet-en\/wings\/#breadcrumb","itemListElement":[{"@type":"ListItem","position":1,"name":"Accueil","item":"https:\/\/www.marieeparisienne.com\/en\/"},{"@type":"ListItem","position":2,"name":"ALL OUR WEDDING DRESSES","item":"https:\/\/www.marieeparisienne.com\/en\/wedding-dresses-in-our-boutique\/"},{"@type":"ListItem","position":3,"name":"WINGS"}]},{"@type":"WebSite","@id":"https:\/\/www.marieeparisienne.com\/en\/#website","url":"https:\/\/www.marieeparisienne.com\/en\/","name":"Mari\u00e9e Parisienne","description":"Robes de mari\u00e9e \u00e0 Paris","publisher":{"@id":"https:\/\/www.marieeparisienne.com\/en\/#organization"},"potentialAction":[{"@type":"SearchAction","target":{"@type":"EntryPoint","urlTemplate":"https:\/\/www.marieeparisienne.com\/en\/?s={search_term_string}"},"query-input":{"@type":"PropertyValueSpecification","valueRequired":true,"valueName":"search_term_string"}}],"inLanguage":"en-US"},{"@type":["Organization","Place","ClothingStore"],"@id":"https:\/\/www.marieeparisienne.com\/en\/#organization","name":"La Mari\u00e9e Parisienne","url":"https:\/\/www.marieeparisienne.com\/en\/","logo":{"@id":"https:\/\/www.marieeparisienne.com\/en\/wedding-dress\/colet-en\/wings\/#local-main-organization-logo"},"image":{"@id":"https:\/\/www.marieeparisienne.com\/en\/wedding-dress\/colet-en\/wings\/#local-main-organization-logo"},"sameAs":["https:\/\/www.facebook.com\/lamarieeparisienne","https:\/\/x.com\/Marieeparisienn","https:\/\/www.instagram.com\/marieeparisienne\/","https:\/\/www.youtube.com\/channel\/UCxpH1JURfOaIgDbNXvJkRtw\/videos?view_as=subscriber"],"description":"Mari\u00e9e Parisienne est une boutique de robes de mari\u00e9e \u00e0 Paris proposant une large s\u00e9lection de robes de mari\u00e9e, robes de cocktail et accessoires de grandes marques europ\u00e9ennes et de cr\u00e9ateurs internationaux. Avec son atelier de retouches sur place, ses conseill\u00e8res stylistes sp\u00e9cialis\u00e9es et ses couturi\u00e8res professionnelles, la boutique accompagne chaque future mari\u00e9e de fa\u00e7on personnalis\u00e9e jusqu\u2019au jour du mariage","legalName":"Maycole","foundingDate":"2007-05-18","numberOfEmployees":{"@type":"QuantitativeValue","minValue":"1","maxValue":"10"},"address":{"@id":"https:\/\/www.marieeparisienne.com\/en\/wedding-dress\/colet-en\/wings\/#local-main-place-address"},"geo":{"@type":"GeoCoordinates","latitude":"48.840653073720475","longitude":"2.299663726215935"},"telephone":["+33155438075"],"openingHoursSpecification":[{"@type":"OpeningHoursSpecification","dayOfWeek":["Monday","Tuesday","Wednesday","Thursday","Friday"],"opens":"11:00","closes":"19:00"},{"@type":"OpeningHoursSpecification","dayOfWeek":["Saturday"],"opens":"10:00","closes":"19:00"},{"@type":"OpeningHoursSpecification","dayOfWeek":["Sunday"],"opens":"00:00","closes":"00:00"}],"email":"contact@marieeparisienne.com","areaServed":"Paris, \u00cele-de-France, France","vatID":"FR84498025378","taxID":"49802537800023","priceRange":"$$$$","currenciesAccepted":"EUR","paymentAccepted":"Esp\u00e8ces, Visa, Mastercard, Virement bancaire, Ch\u00e8que"},{"@type":"PostalAddress","@id":"https:\/\/www.marieeparisienne.com\/en\/wedding-dress\/colet-en\/wings\/#local-main-place-address","streetAddress":"97 rue Blomet","addressLocality":"Paris","postalCode":"75015","addressCountry":"FR"},{"@type":"ImageObject","inLanguage":"en-US","@id":"https:\/\/www.marieeparisienne.com\/en\/wedding-dress\/colet-en\/wings\/#local-main-organization-logo","url":"https:\/\/www.marieeparisienne.com\/wp-content\/uploads\/2018\/02\/logo-Mp.jpg","contentUrl":"https:\/\/www.marieeparisienne.com\/wp-content\/uploads\/2018\/02\/logo-Mp.jpg","width":1070,"height":1513,"caption":"La Mari\u00e9e Parisienne"}]},"geo.placename":"Paris","geo.position":{"lat":"48.840653073720475","long":"2.299663726215935"},"geo.region":"France"},"_links":{"self":[{"href":"https:\/\/www.marieeparisienne.com\/en\/wp-json\/wp\/v2\/product\/25603","targetHints":{"allow":["GET"]}}],"collection":[{"href":"https:\/\/www.marieeparisienne.com\/en\/wp-json\/wp\/v2\/product"}],"about":[{"href":"https:\/\/www.marieeparisienne.com\/en\/wp-json\/wp\/v2\/types\/product"}],"version-history":[{"count":0,"href":"https:\/\/www.marieeparisienne.com\/en\/wp-json\/wp\/v2\/product\/25603\/revisions"}],"wp:featuredmedia":[{"embeddable":true,"href":"https:\/\/www.marieeparisienne.com\/en\/wp-json\/wp\/v2\/media\/25605"}],"wp:attachment":[{"href":"https:\/\/www.marieeparisienne.com\/en\/wp-json\/wp\/v2\/media?parent=25603"}],"wp:term":[{"taxonomy":"product_brand","embeddable":true,"href":"https:\/\/www.marieeparisienne.com\/en\/wp-json\/wp\/v2\/product_brand?post=25603"},{"taxonomy":"product_cat","embeddable":true,"href":"https:\/\/www.marieeparisienne.com\/en\/wp-json\/wp\/v2\/product_cat?post=25603"},{"taxonomy":"product_tag","embeddable":true,"href":"https:\/\/www.marieeparisienne.com\/en\/wp-json\/wp\/v2\/product_tag?post=25603"}],"curies":[{"name":"wp","href":"https:\/\/api.w.org\/{rel}","templated":true}]}}