{"id":26927,"date":"2025-09-04T18:04:09","date_gmt":"2025-09-04T16:04:09","guid":{"rendered":"https:\/\/www.marieeparisienne.com\/?post_type=product&#038;p=26927"},"modified":"2025-09-04T18:18:54","modified_gmt":"2025-09-04T16:18:54","slug":"deixa","status":"publish","type":"product","link":"https:\/\/www.marieeparisienne.com\/en\/wedding-dress\/white-one-en\/deixa\/","title":{"rendered":"DEIXA"},"content":{"rendered":"<p>DEIXA Wedding Dress<\/p>\n<p>This A-line wedding dress features a refined V-neckline and an elegantly open back. The lace bodice flows into a light, airy tulle skirt, creating a graceful and romantic silhouette. Subtle shimmering details add a soft touch of radiance.<\/p>\n<p><strong style=\"color: #000000;\">White One Wedding Dress<\/strong><\/p>\n<p><strong>White One is a brand of <\/strong><strong>Pronovias Fashion Group.<\/strong><\/p>\n","protected":false},"excerpt":{"rendered":"<p><img decoding=\"async\" class=\"wp-image-6890 size-medium alignright\" src=\"https:\/\/www.marieeparisienne.com\/wp-content\/uploads\/2019\/09\/LOGO_W1_NEGRO_TRANSPARENTE-300x132.png\" alt=\"Robe de Mari\u00e9e White One\" width=\"300\" height=\"132\" srcset=\"https:\/\/www.marieeparisienne.com\/wp-content\/uploads\/2019\/09\/LOGO_W1_NEGRO_TRANSPARENTE-300x132.png 300w, https:\/\/www.marieeparisienne.com\/wp-content\/uploads\/2019\/09\/LOGO_W1_NEGRO_TRANSPARENTE-600x265.png 600w, https:\/\/www.marieeparisienne.com\/wp-content\/uploads\/2019\/09\/LOGO_W1_NEGRO_TRANSPARENTE-768x339.png 768w, https:\/\/www.marieeparisienne.com\/wp-content\/uploads\/2019\/09\/LOGO_W1_NEGRO_TRANSPARENTE-1024x452.png 1024w, https:\/\/www.marieeparisienne.com\/wp-content\/uploads\/2019\/09\/LOGO_W1_NEGRO_TRANSPARENTE-1320x583.png 1320w, https:\/\/www.marieeparisienne.com\/wp-content\/uploads\/2019\/09\/LOGO_W1_NEGRO_TRANSPARENTE-1116x493.png 1116w, https:\/\/www.marieeparisienne.com\/wp-content\/uploads\/2019\/09\/LOGO_W1_NEGRO_TRANSPARENTE-806x356.png 806w, https:\/\/www.marieeparisienne.com\/wp-content\/uploads\/2019\/09\/LOGO_W1_NEGRO_TRANSPARENTE-558x246.png 558w, https:\/\/www.marieeparisienne.com\/wp-content\/uploads\/2019\/09\/LOGO_W1_NEGRO_TRANSPARENTE-655x289.png 655w, https:\/\/www.marieeparisienne.com\/wp-content\/uploads\/2019\/09\/LOGO_W1_NEGRO_TRANSPARENTE.png 1524w\" sizes=\"(max-width: 300px) 100vw, 300px\" \/><\/p>\n<h4><\/h4>\n<h3>A-line wedding dress, V-neck, lace, tulle.<\/h3>\n<h4 class=\"value\"><\/h4>\n<p>&nbsp;<\/p>\n<p>[vc_row][vc_column][vc_btn title=&#8221;Book an Appointment&#8221; color=&#8221;inverse&#8221; size=&#8221;lg&#8221; align=&#8221;left&#8221; i_icon_fontawesome=&#8221;fa fa-hand-pointer-o&#8221; add_icon=&#8221;true&#8221; link=&#8221;url:https%3A%2F%2Fwww.marieeparisienne.com%2Fen\/contact%2F|||&#8221;][\/vc_column][\/vc_row]<\/p>\n","protected":false},"featured_media":26913,"template":"","meta":{"_acf_changed":false},"product_brand":[],"product_cat":[128],"product_tag":[91,90,101,121,100],"class_list":{"0":"post-26927","1":"product","2":"type-product","3":"status-publish","4":"has-post-thumbnail","6":"product_cat-white-one-en","7":"product_tag-1100e-a-1600e-en","8":"product_tag-a-line","9":"product_tag-lace","10":"product_tag-tulle-en","11":"product_tag-v-neck","13":"first","14":"instock","15":"shipping-taxable","16":"product-type-simple"},"acf":[],"yoast_head":"<!-- This site is optimized with the Yoast SEO Premium plugin v27.4 (Yoast SEO v27.4) - https:\/\/yoast.com\/product\/yoast-seo-premium-wordpress\/ -->\n<title>DEIXA Wedding Dress White one Collection 2026 Paris Boutique<\/title>\n<meta name=\"description\" content=\"DEIXA Wedding Dress White one Collection 2026 Paris: A-line wedding dress, V-neck, lace, tulle.\" \/>\n<meta name=\"robots\" content=\"index, follow, max-snippet:-1, max-image-preview:large, max-video-preview:-1\" \/>\n<link rel=\"canonical\" href=\"https:\/\/www.marieeparisienne.com\/en\/wedding-dress\/white-one-en\/deixa\/\" \/>\n<meta property=\"og:locale\" content=\"en_US\" \/>\n<meta property=\"og:type\" content=\"article\" \/>\n<meta property=\"og:title\" content=\"DEIXA\" \/>\n<meta property=\"og:description\" content=\"DEIXA Wedding Dress White one Collection 2026 Paris: A-line wedding dress, V-neck, lace, tulle.\" \/>\n<meta property=\"og:url\" content=\"https:\/\/www.marieeparisienne.com\/en\/wedding-dress\/white-one-en\/deixa\/\" \/>\n<meta property=\"og:site_name\" content=\"Mari\u00e9e Parisienne\" \/>\n<meta property=\"article:publisher\" content=\"https:\/\/www.facebook.com\/lamarieeparisienne\" \/>\n<meta property=\"article:modified_time\" content=\"2025-09-04T16:18:54+00:00\" \/>\n<meta property=\"og:image\" content=\"https:\/\/www.marieeparisienne.com\/wp-content\/uploads\/2025\/09\/DEIXA_3_B-768x1024.jpg\" \/>\n\t<meta property=\"og:image:width\" content=\"768\" \/>\n\t<meta property=\"og:image:height\" content=\"1024\" \/>\n\t<meta property=\"og:image:type\" content=\"image\/jpeg\" \/>\n<meta name=\"twitter:card\" content=\"summary_large_image\" \/>\n<meta name=\"twitter:site\" content=\"@Marieeparisienn\" \/>\n<script type=\"application\/ld+json\" class=\"yoast-schema-graph\">{\"@context\":\"https:\\\/\\\/schema.org\",\"@graph\":[{\"@type\":[\"WebPage\",\"SearchResultsPage\"],\"@id\":\"https:\\\/\\\/www.marieeparisienne.com\\\/en\\\/wedding-dress\\\/white-one-en\\\/deixa\\\/\",\"url\":\"https:\\\/\\\/www.marieeparisienne.com\\\/en\\\/wedding-dress\\\/white-one-en\\\/deixa\\\/\",\"name\":\"DEIXA Wedding Dress White one Collection 2026 Paris Boutique\",\"isPartOf\":{\"@id\":\"https:\\\/\\\/www.marieeparisienne.com\\\/en\\\/#website\"},\"primaryImageOfPage\":{\"@id\":\"https:\\\/\\\/www.marieeparisienne.com\\\/en\\\/wedding-dress\\\/white-one-en\\\/deixa\\\/#primaryimage\"},\"image\":{\"@id\":\"https:\\\/\\\/www.marieeparisienne.com\\\/en\\\/wedding-dress\\\/white-one-en\\\/deixa\\\/#primaryimage\"},\"thumbnailUrl\":\"https:\\\/\\\/www.marieeparisienne.com\\\/wp-content\\\/uploads\\\/2025\\\/09\\\/DEIXA_3_B.jpg\",\"datePublished\":\"2025-09-04T16:04:09+00:00\",\"dateModified\":\"2025-09-04T16:18:54+00:00\",\"description\":\"DEIXA Wedding Dress White one Collection 2026 Paris: A-line wedding dress, V-neck, lace, tulle.\",\"breadcrumb\":{\"@id\":\"https:\\\/\\\/www.marieeparisienne.com\\\/en\\\/wedding-dress\\\/white-one-en\\\/deixa\\\/#breadcrumb\"},\"inLanguage\":\"en-US\",\"potentialAction\":[{\"@type\":\"ReadAction\",\"target\":[\"https:\\\/\\\/www.marieeparisienne.com\\\/en\\\/wedding-dress\\\/white-one-en\\\/deixa\\\/\"]}]},{\"@type\":\"ImageObject\",\"inLanguage\":\"en-US\",\"@id\":\"https:\\\/\\\/www.marieeparisienne.com\\\/en\\\/wedding-dress\\\/white-one-en\\\/deixa\\\/#primaryimage\",\"url\":\"https:\\\/\\\/www.marieeparisienne.com\\\/wp-content\\\/uploads\\\/2025\\\/09\\\/DEIXA_3_B.jpg\",\"contentUrl\":\"https:\\\/\\\/www.marieeparisienne.com\\\/wp-content\\\/uploads\\\/2025\\\/09\\\/DEIXA_3_B.jpg\",\"width\":3837,\"height\":5116,\"caption\":\"DEIXA Wedding Dress White one Collection 2026 Paris Boutique\"},{\"@type\":\"BreadcrumbList\",\"@id\":\"https:\\\/\\\/www.marieeparisienne.com\\\/en\\\/wedding-dress\\\/white-one-en\\\/deixa\\\/#breadcrumb\",\"itemListElement\":[{\"@type\":\"ListItem\",\"position\":1,\"name\":\"Accueil\",\"item\":\"https:\\\/\\\/www.marieeparisienne.com\\\/en\\\/\"},{\"@type\":\"ListItem\",\"position\":2,\"name\":\"ALL OUR WEDDING DRESSES\",\"item\":\"https:\\\/\\\/www.marieeparisienne.com\\\/en\\\/wedding-dresses-in-our-boutique\\\/\"},{\"@type\":\"ListItem\",\"position\":3,\"name\":\"DEIXA\"}]},{\"@type\":\"WebSite\",\"@id\":\"https:\\\/\\\/www.marieeparisienne.com\\\/en\\\/#website\",\"url\":\"https:\\\/\\\/www.marieeparisienne.com\\\/en\\\/\",\"name\":\"Mari\u00e9e Parisienne\",\"description\":\"Robes de mari\u00e9e \u00e0 Paris\",\"publisher\":{\"@id\":\"https:\\\/\\\/www.marieeparisienne.com\\\/en\\\/#organization\"},\"potentialAction\":[{\"@type\":\"SearchAction\",\"target\":{\"@type\":\"EntryPoint\",\"urlTemplate\":\"https:\\\/\\\/www.marieeparisienne.com\\\/en\\\/?s={search_term_string}\"},\"query-input\":{\"@type\":\"PropertyValueSpecification\",\"valueRequired\":true,\"valueName\":\"search_term_string\"}}],\"inLanguage\":\"en-US\"},{\"@type\":[\"Organization\",\"Place\",\"ClothingStore\"],\"@id\":\"https:\\\/\\\/www.marieeparisienne.com\\\/en\\\/#organization\",\"name\":\"La Mari\u00e9e Parisienne\",\"url\":\"https:\\\/\\\/www.marieeparisienne.com\\\/en\\\/\",\"logo\":{\"@id\":\"https:\\\/\\\/www.marieeparisienne.com\\\/en\\\/wedding-dress\\\/white-one-en\\\/deixa\\\/#local-main-organization-logo\"},\"image\":{\"@id\":\"https:\\\/\\\/www.marieeparisienne.com\\\/en\\\/wedding-dress\\\/white-one-en\\\/deixa\\\/#local-main-organization-logo\"},\"sameAs\":[\"https:\\\/\\\/www.facebook.com\\\/lamarieeparisienne\",\"https:\\\/\\\/x.com\\\/Marieeparisienn\",\"https:\\\/\\\/www.instagram.com\\\/marieeparisienne\\\/\",\"https:\\\/\\\/www.youtube.com\\\/channel\\\/UCxpH1JURfOaIgDbNXvJkRtw\\\/videos?view_as=subscriber\"],\"description\":\"Mari\u00e9e Parisienne est une boutique de robes de mari\u00e9e \u00e0 Paris proposant une large s\u00e9lection de robes de mari\u00e9e, robes de cocktail et accessoires de grandes marques europ\u00e9ennes et de cr\u00e9ateurs internationaux. Avec son atelier de retouches sur place, ses conseill\u00e8res stylistes sp\u00e9cialis\u00e9es et ses couturi\u00e8res professionnelles, la boutique accompagne chaque future mari\u00e9e de fa\u00e7on personnalis\u00e9e jusqu\u2019au jour du mariage\",\"legalName\":\"Maycole\",\"foundingDate\":\"2007-05-18\",\"numberOfEmployees\":{\"@type\":\"QuantitativeValue\",\"minValue\":\"1\",\"maxValue\":\"10\"},\"address\":{\"@id\":\"https:\\\/\\\/www.marieeparisienne.com\\\/en\\\/wedding-dress\\\/white-one-en\\\/deixa\\\/#local-main-place-address\"},\"geo\":{\"@type\":\"GeoCoordinates\",\"latitude\":\"48.840653073720475\",\"longitude\":\"2.299663726215935\"},\"telephone\":[\"+33155438075\"],\"openingHoursSpecification\":[{\"@type\":\"OpeningHoursSpecification\",\"dayOfWeek\":[\"Monday\",\"Tuesday\",\"Wednesday\",\"Thursday\",\"Friday\"],\"opens\":\"11:00\",\"closes\":\"19:00\"},{\"@type\":\"OpeningHoursSpecification\",\"dayOfWeek\":[\"Saturday\"],\"opens\":\"10:00\",\"closes\":\"19:00\"},{\"@type\":\"OpeningHoursSpecification\",\"dayOfWeek\":[\"Sunday\"],\"opens\":\"00:00\",\"closes\":\"00:00\"}],\"email\":\"contact@marieeparisienne.com\",\"areaServed\":\"Paris, \u00cele-de-France, France\",\"vatID\":\"FR84498025378\",\"taxID\":\"49802537800023\",\"priceRange\":\"$$$$\",\"currenciesAccepted\":\"EUR\",\"paymentAccepted\":\"Esp\u00e8ces, Visa, Mastercard, Virement bancaire, Ch\u00e8que\"},{\"@type\":\"PostalAddress\",\"@id\":\"https:\\\/\\\/www.marieeparisienne.com\\\/en\\\/wedding-dress\\\/white-one-en\\\/deixa\\\/#local-main-place-address\",\"streetAddress\":\"97 rue Blomet\",\"addressLocality\":\"Paris\",\"postalCode\":\"75015\",\"addressCountry\":\"FR\"},{\"@type\":\"ImageObject\",\"inLanguage\":\"en-US\",\"@id\":\"https:\\\/\\\/www.marieeparisienne.com\\\/en\\\/wedding-dress\\\/white-one-en\\\/deixa\\\/#local-main-organization-logo\",\"url\":\"https:\\\/\\\/www.marieeparisienne.com\\\/wp-content\\\/uploads\\\/2018\\\/02\\\/logo-Mp.jpg\",\"contentUrl\":\"https:\\\/\\\/www.marieeparisienne.com\\\/wp-content\\\/uploads\\\/2018\\\/02\\\/logo-Mp.jpg\",\"width\":1070,\"height\":1513,\"caption\":\"La Mari\u00e9e Parisienne\"}]}<\/script>\n<meta name=\"geo.placename\" content=\"Paris\" \/>\n<meta name=\"geo.position\" content=\"48.840653073720475;2.299663726215935\" \/>\n<meta name=\"geo.region\" content=\"France\" \/>\n<!-- \/ Yoast SEO Premium plugin. -->","yoast_head_json":{"title":"DEIXA Wedding Dress White one Collection 2026 Paris Boutique","description":"DEIXA Wedding Dress White one Collection 2026 Paris: A-line wedding dress, V-neck, lace, tulle.","robots":{"index":"index","follow":"follow","max-snippet":"max-snippet:-1","max-image-preview":"max-image-preview:large","max-video-preview":"max-video-preview:-1"},"canonical":"https:\/\/www.marieeparisienne.com\/en\/wedding-dress\/white-one-en\/deixa\/","og_locale":"en_US","og_type":"article","og_title":"DEIXA","og_description":"DEIXA Wedding Dress White one Collection 2026 Paris: A-line wedding dress, V-neck, lace, tulle.","og_url":"https:\/\/www.marieeparisienne.com\/en\/wedding-dress\/white-one-en\/deixa\/","og_site_name":"Mari\u00e9e Parisienne","article_publisher":"https:\/\/www.facebook.com\/lamarieeparisienne","article_modified_time":"2025-09-04T16:18:54+00:00","og_image":[{"width":768,"height":1024,"url":"https:\/\/www.marieeparisienne.com\/wp-content\/uploads\/2025\/09\/DEIXA_3_B-768x1024.jpg","type":"image\/jpeg"}],"twitter_card":"summary_large_image","twitter_site":"@Marieeparisienn","schema":{"@context":"https:\/\/schema.org","@graph":[{"@type":["WebPage","SearchResultsPage"],"@id":"https:\/\/www.marieeparisienne.com\/en\/wedding-dress\/white-one-en\/deixa\/","url":"https:\/\/www.marieeparisienne.com\/en\/wedding-dress\/white-one-en\/deixa\/","name":"DEIXA Wedding Dress White one Collection 2026 Paris Boutique","isPartOf":{"@id":"https:\/\/www.marieeparisienne.com\/en\/#website"},"primaryImageOfPage":{"@id":"https:\/\/www.marieeparisienne.com\/en\/wedding-dress\/white-one-en\/deixa\/#primaryimage"},"image":{"@id":"https:\/\/www.marieeparisienne.com\/en\/wedding-dress\/white-one-en\/deixa\/#primaryimage"},"thumbnailUrl":"https:\/\/www.marieeparisienne.com\/wp-content\/uploads\/2025\/09\/DEIXA_3_B.jpg","datePublished":"2025-09-04T16:04:09+00:00","dateModified":"2025-09-04T16:18:54+00:00","description":"DEIXA Wedding Dress White one Collection 2026 Paris: A-line wedding dress, V-neck, lace, tulle.","breadcrumb":{"@id":"https:\/\/www.marieeparisienne.com\/en\/wedding-dress\/white-one-en\/deixa\/#breadcrumb"},"inLanguage":"en-US","potentialAction":[{"@type":"ReadAction","target":["https:\/\/www.marieeparisienne.com\/en\/wedding-dress\/white-one-en\/deixa\/"]}]},{"@type":"ImageObject","inLanguage":"en-US","@id":"https:\/\/www.marieeparisienne.com\/en\/wedding-dress\/white-one-en\/deixa\/#primaryimage","url":"https:\/\/www.marieeparisienne.com\/wp-content\/uploads\/2025\/09\/DEIXA_3_B.jpg","contentUrl":"https:\/\/www.marieeparisienne.com\/wp-content\/uploads\/2025\/09\/DEIXA_3_B.jpg","width":3837,"height":5116,"caption":"DEIXA Wedding Dress White one Collection 2026 Paris Boutique"},{"@type":"BreadcrumbList","@id":"https:\/\/www.marieeparisienne.com\/en\/wedding-dress\/white-one-en\/deixa\/#breadcrumb","itemListElement":[{"@type":"ListItem","position":1,"name":"Accueil","item":"https:\/\/www.marieeparisienne.com\/en\/"},{"@type":"ListItem","position":2,"name":"ALL OUR WEDDING DRESSES","item":"https:\/\/www.marieeparisienne.com\/en\/wedding-dresses-in-our-boutique\/"},{"@type":"ListItem","position":3,"name":"DEIXA"}]},{"@type":"WebSite","@id":"https:\/\/www.marieeparisienne.com\/en\/#website","url":"https:\/\/www.marieeparisienne.com\/en\/","name":"Mari\u00e9e Parisienne","description":"Robes de mari\u00e9e \u00e0 Paris","publisher":{"@id":"https:\/\/www.marieeparisienne.com\/en\/#organization"},"potentialAction":[{"@type":"SearchAction","target":{"@type":"EntryPoint","urlTemplate":"https:\/\/www.marieeparisienne.com\/en\/?s={search_term_string}"},"query-input":{"@type":"PropertyValueSpecification","valueRequired":true,"valueName":"search_term_string"}}],"inLanguage":"en-US"},{"@type":["Organization","Place","ClothingStore"],"@id":"https:\/\/www.marieeparisienne.com\/en\/#organization","name":"La Mari\u00e9e Parisienne","url":"https:\/\/www.marieeparisienne.com\/en\/","logo":{"@id":"https:\/\/www.marieeparisienne.com\/en\/wedding-dress\/white-one-en\/deixa\/#local-main-organization-logo"},"image":{"@id":"https:\/\/www.marieeparisienne.com\/en\/wedding-dress\/white-one-en\/deixa\/#local-main-organization-logo"},"sameAs":["https:\/\/www.facebook.com\/lamarieeparisienne","https:\/\/x.com\/Marieeparisienn","https:\/\/www.instagram.com\/marieeparisienne\/","https:\/\/www.youtube.com\/channel\/UCxpH1JURfOaIgDbNXvJkRtw\/videos?view_as=subscriber"],"description":"Mari\u00e9e Parisienne est une boutique de robes de mari\u00e9e \u00e0 Paris proposant une large s\u00e9lection de robes de mari\u00e9e, robes de cocktail et accessoires de grandes marques europ\u00e9ennes et de cr\u00e9ateurs internationaux. Avec son atelier de retouches sur place, ses conseill\u00e8res stylistes sp\u00e9cialis\u00e9es et ses couturi\u00e8res professionnelles, la boutique accompagne chaque future mari\u00e9e de fa\u00e7on personnalis\u00e9e jusqu\u2019au jour du mariage","legalName":"Maycole","foundingDate":"2007-05-18","numberOfEmployees":{"@type":"QuantitativeValue","minValue":"1","maxValue":"10"},"address":{"@id":"https:\/\/www.marieeparisienne.com\/en\/wedding-dress\/white-one-en\/deixa\/#local-main-place-address"},"geo":{"@type":"GeoCoordinates","latitude":"48.840653073720475","longitude":"2.299663726215935"},"telephone":["+33155438075"],"openingHoursSpecification":[{"@type":"OpeningHoursSpecification","dayOfWeek":["Monday","Tuesday","Wednesday","Thursday","Friday"],"opens":"11:00","closes":"19:00"},{"@type":"OpeningHoursSpecification","dayOfWeek":["Saturday"],"opens":"10:00","closes":"19:00"},{"@type":"OpeningHoursSpecification","dayOfWeek":["Sunday"],"opens":"00:00","closes":"00:00"}],"email":"contact@marieeparisienne.com","areaServed":"Paris, \u00cele-de-France, France","vatID":"FR84498025378","taxID":"49802537800023","priceRange":"$$$$","currenciesAccepted":"EUR","paymentAccepted":"Esp\u00e8ces, Visa, Mastercard, Virement bancaire, Ch\u00e8que"},{"@type":"PostalAddress","@id":"https:\/\/www.marieeparisienne.com\/en\/wedding-dress\/white-one-en\/deixa\/#local-main-place-address","streetAddress":"97 rue Blomet","addressLocality":"Paris","postalCode":"75015","addressCountry":"FR"},{"@type":"ImageObject","inLanguage":"en-US","@id":"https:\/\/www.marieeparisienne.com\/en\/wedding-dress\/white-one-en\/deixa\/#local-main-organization-logo","url":"https:\/\/www.marieeparisienne.com\/wp-content\/uploads\/2018\/02\/logo-Mp.jpg","contentUrl":"https:\/\/www.marieeparisienne.com\/wp-content\/uploads\/2018\/02\/logo-Mp.jpg","width":1070,"height":1513,"caption":"La Mari\u00e9e Parisienne"}]},"geo.placename":"Paris","geo.position":{"lat":"48.840653073720475","long":"2.299663726215935"},"geo.region":"France"},"_links":{"self":[{"href":"https:\/\/www.marieeparisienne.com\/en\/wp-json\/wp\/v2\/product\/26927","targetHints":{"allow":["GET"]}}],"collection":[{"href":"https:\/\/www.marieeparisienne.com\/en\/wp-json\/wp\/v2\/product"}],"about":[{"href":"https:\/\/www.marieeparisienne.com\/en\/wp-json\/wp\/v2\/types\/product"}],"version-history":[{"count":0,"href":"https:\/\/www.marieeparisienne.com\/en\/wp-json\/wp\/v2\/product\/26927\/revisions"}],"wp:featuredmedia":[{"embeddable":true,"href":"https:\/\/www.marieeparisienne.com\/en\/wp-json\/wp\/v2\/media\/26913"}],"wp:attachment":[{"href":"https:\/\/www.marieeparisienne.com\/en\/wp-json\/wp\/v2\/media?parent=26927"}],"wp:term":[{"taxonomy":"product_brand","embeddable":true,"href":"https:\/\/www.marieeparisienne.com\/en\/wp-json\/wp\/v2\/product_brand?post=26927"},{"taxonomy":"product_cat","embeddable":true,"href":"https:\/\/www.marieeparisienne.com\/en\/wp-json\/wp\/v2\/product_cat?post=26927"},{"taxonomy":"product_tag","embeddable":true,"href":"https:\/\/www.marieeparisienne.com\/en\/wp-json\/wp\/v2\/product_tag?post=26927"}],"curies":[{"name":"wp","href":"https:\/\/api.w.org\/{rel}","templated":true}]}}